{"id":1110,"date":"2021-08-23T09:06:43","date_gmt":"2021-08-23T07:06:43","guid":{"rendered":"http:\/\/new.herbamed.ch\/?post_type=product&#038;p=1110"},"modified":"2022-01-12T09:29:02","modified_gmt":"2022-01-12T08:29:02","slug":"herbalance-tropfen-bei-verstimmungszustaenden","status":"publish","type":"product","link":"https:\/\/www.herbamed.ch\/fr\/produit-2\/herbalance-tropfen-bei-verstimmungszustaenden\/","title":{"rendered":"HerBalance &#8211; Tropfen bei Verstimmungszust\u00e4nden"},"content":{"rendered":"<p>HerBalance \u2013 Zuverl\u00e4ssige Hilfe zur \u00dcberwindung der Symptome von:<\/p>\n<ul>\n<li>Stimmungsschwankungen<\/li>\n<li>\u00dcberempfindlichkeit<\/li>\n<li>Ruhelosigkeit, Schlaflosigkeit<\/li>\n<li>Schrecken, Furcht und Schock<\/li>\n<\/ul>\n<p>Erh\u00e4ltlich in Ihrer Apotheke oder Drogerie.<\/p>\n<p>Bitte lesen Sie die Packungsbeilage.<\/p>\n<h3>Composition<\/h3>\n<p>1 ml enth\u00e4lt: Strychnos ignatii D20 0.25 ml, Aurum metallicum D15 0.25 ml, Opium D60 0.25 ml, Ambra grisea D15 0.25 ml. Enth\u00e4lt 51 % Vol. Alkohol (Ethanol).<\/p>\n<h3>Domaines d'application<\/h3>\n<p>Gem\u00e4ss hom\u00f6opathischem Arzneimittelbild anzuwenden bei gedr\u00fcckter Stimmung, Stimmungsschwankungen, \u00dcberempfindlichkeit, sowie Beschwerden infolge von Schreck, Angst und Entt\u00e4uschung.<\/p>\n<h3>Dosage<\/h3>\n<p>Erwachsene nehmen, soweit nicht anders von einem Arzt verschrieben, t\u00e4glich einmal 10 Tropfen in etwas Fl\u00fcssigkeit gel\u00f6st.<\/p>\n<h3>Kontraindikation\/Anwendungsbeschr\u00e4nkungen<\/h3>\n<p>Schwangerschaft und Stillzeit.<\/p>\n<h3>Effets secondaires<\/h3>\n<p>Keine bekannt.<\/p>\n<p>Hom\u00f6opathische Arzneimittel k\u00f6nnen eine Erstverschlimmerung verursachen. In diesem Falle ist medizinische Beratung einzuholen.<\/p>","protected":false},"excerpt":{"rendered":"<p>HerBalance \u2013 Zuverl\u00e4ssige Hilfe zur \u00dcberwindung der Symptome von:<\/p>\n<ul>\n<li>Stimmungsschwankungen<\/li>\n<li>\u00dcberempfindlichkeit<\/li>\n<li>Ruhelosigkeit, Schlaflosigkeit<\/li>\n<li>Schrecken, Furcht und Schock<\/li>\n<\/ul>","protected":false},"featured_media":1164,"template":"","meta":{"_monsterinsights_skip_tracking":false,"_monsterinsights_sitenote_active":false,"_monsterinsights_sitenote_note":"","_monsterinsights_sitenote_category":0},"product_brand":[],"product_cat":[19,2119,20,49,53],"product_tag":[],"class_list":{"0":"post-1110","1":"product","2":"type-product","3":"status-publish","4":"has-post-thumbnail","6":"product_cat-arzneimittel","7":"product_cat-b2b","8":"product_cat-homoeopathisch","9":"product_cat-swissmedic","10":"product_cat-tropfen","12":"first","13":"instock","14":"shipping-taxable","15":"purchasable","16":"product-type-simple"},"_links":{"self":[{"href":"https:\/\/www.herbamed.ch\/fr\/wp-json\/wp\/v2\/product\/1110","targetHints":{"allow":["GET"]}}],"collection":[{"href":"https:\/\/www.herbamed.ch\/fr\/wp-json\/wp\/v2\/product"}],"about":[{"href":"https:\/\/www.herbamed.ch\/fr\/wp-json\/wp\/v2\/types\/product"}],"wp:featuredmedia":[{"embeddable":true,"href":"https:\/\/www.herbamed.ch\/fr\/wp-json\/wp\/v2\/media\/1164"}],"wp:attachment":[{"href":"https:\/\/www.herbamed.ch\/fr\/wp-json\/wp\/v2\/media?parent=1110"}],"wp:term":[{"taxonomy":"product_brand","embeddable":true,"href":"https:\/\/www.herbamed.ch\/fr\/wp-json\/wp\/v2\/product_brand?post=1110"},{"taxonomy":"product_cat","embeddable":true,"href":"https:\/\/www.herbamed.ch\/fr\/wp-json\/wp\/v2\/product_cat?post=1110"},{"taxonomy":"product_tag","embeddable":true,"href":"https:\/\/www.herbamed.ch\/fr\/wp-json\/wp\/v2\/product_tag?post=1110"}],"curies":[{"name":"wp","href":"https:\/\/api.w.org\/{rel}","templated":true}]}}