{"id":1109,"date":"2021-08-23T09:06:43","date_gmt":"2021-08-23T07:06:43","guid":{"rendered":"http:\/\/new.herbamed.ch\/?post_type=product&#038;p=1109"},"modified":"2022-01-12T09:29:02","modified_gmt":"2022-01-12T08:29:02","slug":"herballerg-heuschnupfentropfen","status":"publish","type":"product","link":"https:\/\/www.herbamed.ch\/fr\/produit-2\/herballerg-heuschnupfentropfen\/","title":{"rendered":"HerbAllerg &#8211; Heuschnupfentropfen"},"content":{"rendered":"<p>Die erste Wahl bei allergischem Schnupfen, die zur Linderung folgender Symptome beitr\u00e4gt:<\/p>\n<ul>\n<li>geschwollene, brennende Augen<\/li>\n<li>trockener Hals, Rachen und Zunge<\/li>\n<li>Schnupfen, besonders am Morgen<\/li>\n<li>Schwellung der Schleimh\u00e4ute<\/li>\n<li>Juckreiz<\/li>\n<li>M\u00fcdigkeit, Antriebslosigkeit, Kopfschmerzen<\/li>\n<\/ul>\n<p>HerbAllerg ist ein schnell wirkendes, hom\u00f6opathisches Arzneimittel.<\/p>\n<p>Erh\u00e4ltlich in Ihrer Apotheke oder Drogerie.<\/p>\n<p>Bitte lesen Sie die Packungsbeilage.<\/p>\n<h3>Composition<\/h3>\n<p>1 ml enth\u00e4lt: Thryallis glauca D3 0.25ml, Luffa operculata D4 0.25 ml, Apis mellifica D4 0.25 ml, Okoubaka aubrevillei D4 0.25ml. Enth\u00e4lt 58 Vol. % Alkohol (Ethanol).<\/p>\n<h3>Domaines d'application<\/h3>\n<p>Gem\u00e4ss hom\u00f6opathischem Arzneimittelbild anzuwenden bei allergischem Schnupfen gegen Pollen, Heuschnupfen mit Augenbrennen und Anschwellen der Nasen- und Augenschleimh\u00e4ute.<\/p>\n<h3>Dosage<\/h3>\n<p>In akuten F\u00e4llen k\u00f6nnen Erwachsene und Jugendliche mehrmals t\u00e4glich 10 Tropfen in Wasser verd\u00fcnnt einnehmen, mit zunehmender Besserung weniger h\u00e4ufig. Kinder k\u00f6nnen 3 mal t\u00e4glich 5 Tropfen in Wasser verd\u00fcnnt einnehmen.<\/p>\n<h3>Kontraindikationen \/ Anwendungsbeschr\u00e4nkungen<\/h3>\n<p>Bei \u00dcberempfindlichkeit gegen\u00fcber Bienengift k\u00f6nnen allergische Reaktionen auftreten. Als generelle Vorsichtsmassnahme sollte auf Medikamente w\u00e4hrend der Schwangerschaft und Stillzeit verzichtet werden oder ein Arzt oder Apotheker konsultiert werden.<\/p>\n<h3>Effets secondaires<\/h3>\n<p>Bei Einnahme von hom\u00f6opathischen Arzneimitteln k\u00f6nnen sich die Beschwerden vor\u00fcbergehend verschlimmern (Erstverschlimmerung).<\/p>","protected":false},"excerpt":{"rendered":"<p>Die erste Wahl bei allergischem Schnupfen, die zur Linderung folgender Symptome beitr\u00e4gt:<\/p>\n<ul>\n<li>geschwollene, brennende Augen<\/li>\n<li>trockener Hals, Rachen und Zunge<\/li>\n<li>Schnupfen, besonders am Morgen<\/li>\n<li>Schwellung der Schleimh\u00e4ute<\/li>\n<li>Juckreiz<\/li>\n<li>M\u00fcdigkeit, Antriebslosigkeit, Kopfschmerzen<\/li>\n<\/ul>","protected":false},"featured_media":1161,"template":"","meta":{"_monsterinsights_skip_tracking":false,"_monsterinsights_sitenote_active":false,"_monsterinsights_sitenote_note":"","_monsterinsights_sitenote_category":0},"product_brand":[],"product_cat":[19,2119,20,49],"product_tag":[],"class_list":{"0":"post-1109","1":"product","2":"type-product","3":"status-publish","4":"has-post-thumbnail","6":"product_cat-arzneimittel","7":"product_cat-b2b","8":"product_cat-homoeopathisch","9":"product_cat-swissmedic","11":"first","12":"instock","13":"shipping-taxable","14":"purchasable","15":"product-type-simple"},"_links":{"self":[{"href":"https:\/\/www.herbamed.ch\/fr\/wp-json\/wp\/v2\/product\/1109","targetHints":{"allow":["GET"]}}],"collection":[{"href":"https:\/\/www.herbamed.ch\/fr\/wp-json\/wp\/v2\/product"}],"about":[{"href":"https:\/\/www.herbamed.ch\/fr\/wp-json\/wp\/v2\/types\/product"}],"wp:featuredmedia":[{"embeddable":true,"href":"https:\/\/www.herbamed.ch\/fr\/wp-json\/wp\/v2\/media\/1161"}],"wp:attachment":[{"href":"https:\/\/www.herbamed.ch\/fr\/wp-json\/wp\/v2\/media?parent=1109"}],"wp:term":[{"taxonomy":"product_brand","embeddable":true,"href":"https:\/\/www.herbamed.ch\/fr\/wp-json\/wp\/v2\/product_brand?post=1109"},{"taxonomy":"product_cat","embeddable":true,"href":"https:\/\/www.herbamed.ch\/fr\/wp-json\/wp\/v2\/product_cat?post=1109"},{"taxonomy":"product_tag","embeddable":true,"href":"https:\/\/www.herbamed.ch\/fr\/wp-json\/wp\/v2\/product_tag?post=1109"}],"curies":[{"name":"wp","href":"https:\/\/api.w.org\/{rel}","templated":true}]}}