{"id":1108,"date":"2021-08-23T09:06:43","date_gmt":"2021-08-23T07:06:43","guid":{"rendered":"http:\/\/new.herbamed.ch\/?post_type=product&#038;p=1108"},"modified":"2023-02-03T16:59:44","modified_gmt":"2023-02-03T15:59:44","slug":"circuvin-kreislauftropfen","status":"publish","type":"product","link":"https:\/\/www.herbamed.ch\/fr\/produit-2\/circuvin-kreislauftropfen\/","title":{"rendered":"Circuvin &#8211; Kreislauftropfen"},"content":{"rendered":"<p>Circuvin ist ein sehr schnell und zuverl\u00e4ssig wirksames, hom\u00f6opathisches Medikament bei Kreislaufbeschwerden mit Symptomen wie:<\/p>\n<ul>\n<li>Schwindelgef\u00fchl<\/li>\n<li>Schw\u00e4che und Benommenheit<\/li>\n<li>Nerv\u00f6sen Herzbeschwerden<\/li>\n<li>Beinkr\u00e4mpfen<\/li>\n<\/ul>\n<p>Es bew\u00e4hrt sich auch bei langen Flugreisen, weil man dank Circuvin ohne schwere Beine am Ziel ankommt.<\/p>\n<p>Erh\u00e4ltlich in Ihrer Apotheke oder Drogerie.<\/p>\n<p>Bitte lesen Sie die Packungsbeilage.<\/p>\n<h4>Composition<\/h4>\n<p>1 ml enth\u00e4lt: Gelsemium sempervirens D6 0.25ml, Vipera berus D12 0.25ml, Arnica montana D4 0.25ml, Aconitum napellus D12 0.25ml. Enth\u00e4lt: 50 Vol. % Alkohol (Ethanol).<\/p>\n<h3>Domaines d'application<\/h3>\n<p>Gem\u00e4ss hom\u00f6opathischem Arzneimittelbild kann Circuvin bei Kreislaufbeschwerden mit Symptomen wie Schwindelgef\u00fchl, Schw\u00e4che und Benommenheit, nerv\u00f6sen Herzbeschwerden und Beinkr\u00e4mpfen angewendet werden.<\/p>\n<h3>Dosage<\/h3>\n<p>Soweit nicht anders verordnet, nehmen Erwachsene einmal t\u00e4glich 10 Tropfen in Wasser verd\u00fcnnt ein.<\/p>\n<h3>Kontraindikationen \/ Anwendungsbeschr\u00e4nkungen<\/h3>\n<p>Wenn unregelm\u00e4ssiger Puls, starkes Herzklopfen, stechende Schmerzen in der Brustgegend und Atemnot pl\u00f6tzlich auftreten oder l\u00e4nger andauern, ist die Konsultation einer \u00c4rztin bzw. eines Arztes angezeigt. Nicht einzunehmen w\u00e4hrend Schwangerschaft und Stillzeit.<\/p>\n<h3>Effets secondaires<\/h3>\n<p>Bei Einnahme von hom\u00f6opathischen Arzneimitteln k\u00f6nnen sich die Beschwerden vor\u00fcbergehend verschlimmern (Erstverschlimmerung).<\/p>","protected":false},"excerpt":{"rendered":"<p>Circuvin ist ein sehr schnell und zuverl\u00e4ssig wirksames, hom\u00f6opathisches Medikament bei Kreislaufbeschwerden mit Symptomen wie:<\/p>\n<ul>\n<li>Schwindelgef\u00fchl<\/li>\n<li>Schw\u00e4che und Benommenheit<\/li>\n<li>Nerv\u00f6sen Herzbeschwerden<\/li>\n<li>Beinkr\u00e4mpfen<\/li>\n<\/ul>\n<p>Es bew\u00e4hrt sich auch bei langen Flugreisen, weil man dank Circuvin ohne schwere Beine am Ziel ankommt.<\/p>","protected":false},"featured_media":1158,"template":"","meta":{"_monsterinsights_skip_tracking":false,"_monsterinsights_sitenote_active":false,"_monsterinsights_sitenote_note":"","_monsterinsights_sitenote_category":0},"product_brand":[],"product_cat":[19,2119,20,49,53],"product_tag":[],"class_list":{"0":"post-1108","1":"product","2":"type-product","3":"status-publish","4":"has-post-thumbnail","6":"product_cat-arzneimittel","7":"product_cat-b2b","8":"product_cat-homoeopathisch","9":"product_cat-swissmedic","10":"product_cat-tropfen","12":"first","13":"instock","14":"shipping-taxable","15":"purchasable","16":"product-type-simple"},"_links":{"self":[{"href":"https:\/\/www.herbamed.ch\/fr\/wp-json\/wp\/v2\/product\/1108","targetHints":{"allow":["GET"]}}],"collection":[{"href":"https:\/\/www.herbamed.ch\/fr\/wp-json\/wp\/v2\/product"}],"about":[{"href":"https:\/\/www.herbamed.ch\/fr\/wp-json\/wp\/v2\/types\/product"}],"wp:featuredmedia":[{"embeddable":true,"href":"https:\/\/www.herbamed.ch\/fr\/wp-json\/wp\/v2\/media\/1158"}],"wp:attachment":[{"href":"https:\/\/www.herbamed.ch\/fr\/wp-json\/wp\/v2\/media?parent=1108"}],"wp:term":[{"taxonomy":"product_brand","embeddable":true,"href":"https:\/\/www.herbamed.ch\/fr\/wp-json\/wp\/v2\/product_brand?post=1108"},{"taxonomy":"product_cat","embeddable":true,"href":"https:\/\/www.herbamed.ch\/fr\/wp-json\/wp\/v2\/product_cat?post=1108"},{"taxonomy":"product_tag","embeddable":true,"href":"https:\/\/www.herbamed.ch\/fr\/wp-json\/wp\/v2\/product_tag?post=1108"}],"curies":[{"name":"wp","href":"https:\/\/api.w.org\/{rel}","templated":true}]}}