{"id":1107,"date":"2021-08-23T09:06:42","date_gmt":"2021-08-23T07:06:42","guid":{"rendered":"http:\/\/new.herbamed.ch\/?post_type=product&#038;p=1107"},"modified":"2022-03-29T00:27:28","modified_gmt":"2022-03-28T22:27:28","slug":"tonusin-hypotonietropfen","status":"publish","type":"product","link":"https:\/\/www.herbamed.ch\/fr\/produit-2\/tonusin-hypotonietropfen\/","title":{"rendered":"Tonusin &#8211; Hypotonietropfen"},"content":{"rendered":"<p>Die erste Wahl bei Kreislaufregulationsst\u00f6rungungen und niedrigem Blutdruck mit Symptomen wie:<\/p>\n<ul>\n<li>Leeregef\u00fchl im Kopf oder Benommenheit<\/li>\n<li>Schw\u00e4chegef\u00fchl<\/li>\n<li>Schwindel<\/li>\n<li>Brustschmerz<\/li>\n<li>Kurzatmigkeit<\/li>\n<li>Herzklopfen<\/li>\n<li>Unregelm\u00e4ssiger Herzschlag<\/li>\n<li>Kopfschmerz<\/li>\n<li>Steifer Nacken<\/li>\n<li>Starke Schmerzen im oberen Bereich des R\u00fcckens<\/li>\n<li>\u00dcberm\u00e4ssige M\u00fcdigkeit<\/li>\n<\/ul>\n<p>Eine bew\u00e4hrte Zusammensetzung von Heilpflanzentinkturen gem\u00e4ss modernen und traditionellen Erfahrungen der westlichen Pflanzenheilkunde, leicht dosierbar.<\/p>\n<h3>Composition<\/h3>\n<p>1 ml enth\u00e4lt: Crataegus \u00d8 0.40 ml, Selenicereus grandiflorus \u00d8 0.20 ml, Rosmarinus e foliis recentibus \u00d8 0.20 ml, Hyssopus officinalis \u00d8 0.20 ml. Enth\u00e4lt 60 Vol. % Alkohol (Ethanol).<\/p>\n<h3>Domaines d'application<\/h3>\n<p>Konstitutionelle, arterielle Hypotonie, allgemeine Kreislaufschw\u00e4che.<\/p>\n<h3>Dosage<\/h3>\n<p>2 x 30 Tropfen t\u00e4glich.<\/p>\n<h3>Kontraindikationen \/ Anwendungsbeschr\u00e4nkungen<\/h3>\n<p>Aufgrund des Alkoholgehaltes nicht w\u00e4hrend Schwangerschaft und Stillzeit einzunehmen.<\/p>\n<h3>Effets secondaires<\/h3>\n<p>Bei vorschriftsm\u00e4ssigem Gebrauch sind keine Nebenwirkungen bekannt.<\/p>","protected":false},"excerpt":{"rendered":"<p>Die erste Wahl bei Kreislaufregulationsst\u00f6rungungen und niedrigem Blutdruck mit Symptomen wie:<\/p>\n<ul>\n<li>Leeregef\u00fchl im Kopf oder Benommenheit<\/li>\n<li>Schw\u00e4chegef\u00fchl<\/li>\n<li>Schwindel<\/li>\n<li>Brustschmerz<\/li>\n<li>Kurzatmigkeit<\/li>\n<li>Herzklopfen<\/li>\n<li>Unregelm\u00e4ssiger Herzschlag<\/li>\n<li>Kopfschmerz<\/li>\n<li>Steifer Nacken<\/li>\n<li>Starke Schmerzen im oberen Bereich des R\u00fcckens<\/li>\n<li>\u00dcberm\u00e4ssige M\u00fcdigkeit<\/li>\n<\/ul>","protected":false},"featured_media":1157,"template":"","meta":{"_monsterinsights_skip_tracking":false,"_monsterinsights_sitenote_active":false,"_monsterinsights_sitenote_note":"","_monsterinsights_sitenote_category":0},"product_brand":[],"product_cat":[19,2119,21],"product_tag":[],"class_list":{"0":"post-1107","1":"product","2":"type-product","3":"status-publish","4":"has-post-thumbnail","6":"product_cat-arzneimittel","7":"product_cat-b2b","8":"product_cat-pflanzlich","10":"first","11":"instock","12":"shipping-taxable","13":"purchasable","14":"product-type-simple"},"_links":{"self":[{"href":"https:\/\/www.herbamed.ch\/fr\/wp-json\/wp\/v2\/product\/1107","targetHints":{"allow":["GET"]}}],"collection":[{"href":"https:\/\/www.herbamed.ch\/fr\/wp-json\/wp\/v2\/product"}],"about":[{"href":"https:\/\/www.herbamed.ch\/fr\/wp-json\/wp\/v2\/types\/product"}],"wp:featuredmedia":[{"embeddable":true,"href":"https:\/\/www.herbamed.ch\/fr\/wp-json\/wp\/v2\/media\/1157"}],"wp:attachment":[{"href":"https:\/\/www.herbamed.ch\/fr\/wp-json\/wp\/v2\/media?parent=1107"}],"wp:term":[{"taxonomy":"product_brand","embeddable":true,"href":"https:\/\/www.herbamed.ch\/fr\/wp-json\/wp\/v2\/product_brand?post=1107"},{"taxonomy":"product_cat","embeddable":true,"href":"https:\/\/www.herbamed.ch\/fr\/wp-json\/wp\/v2\/product_cat?post=1107"},{"taxonomy":"product_tag","embeddable":true,"href":"https:\/\/www.herbamed.ch\/fr\/wp-json\/wp\/v2\/product_tag?post=1107"}],"curies":[{"name":"wp","href":"https:\/\/api.w.org\/{rel}","templated":true}]}}