{"id":1101,"date":"2021-08-23T09:06:41","date_gmt":"2021-08-23T07:06:41","guid":{"rendered":"http:\/\/new.herbamed.ch\/?post_type=product&#038;p=1101"},"modified":"2023-03-29T02:02:26","modified_gmt":"2023-03-29T00:02:26","slug":"perluetin-entwaesserungstropfen","status":"publish","type":"product","link":"https:\/\/www.herbamed.ch\/fr\/produit-2\/perluetin-entwaesserungstropfen\/","title":{"rendered":"Perluetin &#8211; Entw\u00e4sserungstropfen"},"content":{"rendered":"<h3>Composition<\/h3>\n<p>1 ml enth\u00e4lt\/contains: Equisetum arvense \u00d8 0.38 ml, Urtica dioica \u00d8 0.2 ml, Herniaria glabra \u00d8 0.2 ml, Solidago virgaurea \u00d8 0.2 ml, Petroselinum e seminibus \u00d8 0.02 ml<\/p>\n<h3>Domaines d'application<\/h3>\n<p>Zu vermehrter Ausscheidung von Wasser, insbesondere in Zusammenhang mit Stoffwechselleiden, Bindegewebsschw\u00e4che mit \u00d6demen<\/p>\n<h3>Dosage<\/h3>\n<p>2 &#8211; 3 x 30 Tropfen t\u00e4glich<\/p>","protected":false},"excerpt":{"rendered":"<p>Zusammensetzung 1 ml enth\u00e4lt\/contains: Equisetum arvense \u00d8 0.38 ml, Urtica dioica \u00d8 0.2 ml, Herniaria glabra \u00d8 0.2 ml, Solidago virgaurea \u00d8 0.2 ml, Petroselinum e seminibus \u00d8 0.02 ml Anwendungsgebiete Zu vermehrter Ausscheidung von Wasser, insbesondere in Zusammenhang mit Stoffwechselleiden, Bindegewebsschw\u00e4che mit \u00d6demen Dosierung 2 &#8211; 3 x 30 Tropfen t\u00e4glich<\/p>","protected":false},"featured_media":1130,"template":"","meta":{"_monsterinsights_skip_tracking":false,"_monsterinsights_sitenote_active":false,"_monsterinsights_sitenote_note":"","_monsterinsights_sitenote_category":0},"product_brand":[],"product_cat":[19,2119,21],"product_tag":[],"class_list":{"0":"post-1101","1":"product","2":"type-product","3":"status-publish","4":"has-post-thumbnail","6":"product_cat-arzneimittel","7":"product_cat-b2b","8":"product_cat-pflanzlich","10":"first","11":"instock","12":"shipping-taxable","13":"purchasable","14":"product-type-simple"},"_links":{"self":[{"href":"https:\/\/www.herbamed.ch\/fr\/wp-json\/wp\/v2\/product\/1101","targetHints":{"allow":["GET"]}}],"collection":[{"href":"https:\/\/www.herbamed.ch\/fr\/wp-json\/wp\/v2\/product"}],"about":[{"href":"https:\/\/www.herbamed.ch\/fr\/wp-json\/wp\/v2\/types\/product"}],"wp:featuredmedia":[{"embeddable":true,"href":"https:\/\/www.herbamed.ch\/fr\/wp-json\/wp\/v2\/media\/1130"}],"wp:attachment":[{"href":"https:\/\/www.herbamed.ch\/fr\/wp-json\/wp\/v2\/media?parent=1101"}],"wp:term":[{"taxonomy":"product_brand","embeddable":true,"href":"https:\/\/www.herbamed.ch\/fr\/wp-json\/wp\/v2\/product_brand?post=1101"},{"taxonomy":"product_cat","embeddable":true,"href":"https:\/\/www.herbamed.ch\/fr\/wp-json\/wp\/v2\/product_cat?post=1101"},{"taxonomy":"product_tag","embeddable":true,"href":"https:\/\/www.herbamed.ch\/fr\/wp-json\/wp\/v2\/product_tag?post=1101"}],"curies":[{"name":"wp","href":"https:\/\/api.w.org\/{rel}","templated":true}]}}