{"id":1094,"date":"2021-08-23T09:06:39","date_gmt":"2021-08-23T07:06:39","guid":{"rendered":"http:\/\/new.herbamed.ch\/?post_type=product&#038;p=1094"},"modified":"2025-06-18T01:50:43","modified_gmt":"2025-06-17T23:50:43","slug":"amarin-magentropfen","status":"publish","type":"product","link":"https:\/\/www.herbamed.ch\/fr\/produit-2\/amarin-magentropfen\/","title":{"rendered":"Amarin &#8211; Magentropfen"},"content":{"rendered":"<p>Die erste Wahl bei Magenbeschwerden, ist sofort wirksam bei Sekretions- und Motilit\u00e4tsst\u00f6rungen wie<\/p>\n<ul>\n<li>Aufstossen<\/li>\n<li>V\u00f6llegef\u00fchl<\/li>\n<li>Bl\u00e4hungen<\/li>\n<li>Magen- &amp; Darmkr\u00e4mpfen<\/li>\n<li>nerv\u00f6s bedingten Magenst\u00f6rungen<\/li>\n<li>Appetitlosigkeit<\/li>\n<li>Unwohlsein, auch mit Erbrechen<\/li>\n<li>\u00dcbelkeit<\/li>\n<\/ul>\n<p>Amarin ist ein schnell wirkendes, effektives pflanzliches Arzneimittel.<\/p>\n<h3>Composition<\/h3>\n<p>1 ml enth\u00e4lt: Gentiana lutea \u00f8 0.20 ml, Erythrea centaurium \u00f8 0.20 ml, Mentha piperita \u00f8 0.20 ml, Chamomilla recutita \u00f8 0.20 ml, Carum carvi \u00f8 0.10 ml, Atropa bella donna \u00f8 0.10 ml. Enth\u00e4lt 66 Vol. % Alkohol (Ethanol).<\/p>\n<h3>Domaines d'application<\/h3>\n<p>Magen- und Darmbeschwerden infolge von Sekretions- und Motilit\u00e4tsst\u00f6rungen wie Aufstossen, Bl\u00e4hungen, V\u00f6llegef\u00fchl, Magen- und Darmkr\u00e4mpfen, nerv\u00f6sen Magenleiden.<\/p>\n<h3>Dosage<\/h3>\n<p>Bei Bedarf 10 &#8211; 20 Tropfen in etwas Fl\u00fcssigkeit oder auf einem Zuckerw\u00fcrfel einnehmen.<\/p>\n<h3>Kontraindikationen \/ Anwendungsbeschr\u00e4nkungen<\/h3>\n<p>Magen- und Darmgeschw\u00fcre, sehr empfindlicher Reizmagen, Hyperazidit\u00e4t. Es wird empfohlen, Produkte, die Enzian enthalten nicht bei Menschen mit<br \/>\nsehr hohem Blutdruck nicht anzuwenden.<\/p>\n<h3>Effets secondaires<\/h3>\n<p>Bei vorschriftsm\u00e4ssigem Gebrauch sind keine Nebenwirkungen bekannt.<\/p>","protected":false},"excerpt":{"rendered":"<p>Die erste Wahl bei Magenbeschwerden, ist sofort wirksam bei Sekretions- und Motilit\u00e4tsst\u00f6rungen wie<\/p>\n<ul>\n<li>Aufstossen<\/li>\n<li>V\u00f6llegef\u00fchl<\/li>\n<li>Bl\u00e4hungen<\/li>\n<li>Magen- &amp; Darmkr\u00e4mpfen<\/li>\n<li>nerv\u00f6s bedingten Magenst\u00f6rungen<\/li>\n<li>Appetitlosigkeit<\/li>\n<li>Unwohlsein, auch mit Erbrechen<\/li>\n<li>\u00dcbelkeit<\/li>\n<\/ul>","protected":false},"featured_media":1120,"template":"","meta":{"_monsterinsights_skip_tracking":false,"_monsterinsights_sitenote_active":false,"_monsterinsights_sitenote_note":"","_monsterinsights_sitenote_category":0},"product_brand":[],"product_cat":[19,2119,21],"product_tag":[],"class_list":{"0":"post-1094","1":"product","2":"type-product","3":"status-publish","4":"has-post-thumbnail","6":"product_cat-arzneimittel","7":"product_cat-b2b","8":"product_cat-pflanzlich","10":"first","11":"instock","12":"shipping-taxable","13":"purchasable","14":"product-type-simple"},"_links":{"self":[{"href":"https:\/\/www.herbamed.ch\/fr\/wp-json\/wp\/v2\/product\/1094","targetHints":{"allow":["GET"]}}],"collection":[{"href":"https:\/\/www.herbamed.ch\/fr\/wp-json\/wp\/v2\/product"}],"about":[{"href":"https:\/\/www.herbamed.ch\/fr\/wp-json\/wp\/v2\/types\/product"}],"wp:featuredmedia":[{"embeddable":true,"href":"https:\/\/www.herbamed.ch\/fr\/wp-json\/wp\/v2\/media\/1120"}],"wp:attachment":[{"href":"https:\/\/www.herbamed.ch\/fr\/wp-json\/wp\/v2\/media?parent=1094"}],"wp:term":[{"taxonomy":"product_brand","embeddable":true,"href":"https:\/\/www.herbamed.ch\/fr\/wp-json\/wp\/v2\/product_brand?post=1094"},{"taxonomy":"product_cat","embeddable":true,"href":"https:\/\/www.herbamed.ch\/fr\/wp-json\/wp\/v2\/product_cat?post=1094"},{"taxonomy":"product_tag","embeddable":true,"href":"https:\/\/www.herbamed.ch\/fr\/wp-json\/wp\/v2\/product_tag?post=1094"}],"curies":[{"name":"wp","href":"https:\/\/api.w.org\/{rel}","templated":true}]}}