{"id":972,"date":"2021-08-23T09:04:58","date_gmt":"2021-08-23T07:04:58","guid":{"rendered":"http:\/\/new.herbamed.ch\/?post_type=product&#038;p=972"},"modified":"2022-01-12T09:29:11","modified_gmt":"2022-01-12T08:29:11","slug":"carum-carvi-o-d1","status":"publish","type":"product","link":"https:\/\/www.herbamed.ch\/en\/product-2\/carum-carvi-o-d1\/","title":{"rendered":"Carum carvi \u00d8 = D1"},"content":{"rendered":"<h3>Vorkommen und Beschreibung<\/h3>\n<p>Carum carvi geh\u00f6rt zu den \u00e4ltesten Gew\u00fcrzpflanzen \u00fcberhaut. Funde in Pfahlbauten zeigen seine Verwendung im Neolithikum. Auch im Grabe Tutanchammun1336 v.Chr. wurde Carum carvi gefunden. Bei Carum carvi handelt es sich um eine urspr\u00fcnglich eurosibirische Pflanze die heute Weltweit vorkommt. Carum carvi w\u00e4chst auf unged\u00fcngten Wiesen und Weiden bis 2400m und ist relativ h\u00e4ufig anzutreffen. Als Mitglied der Doldenbl\u00fctlerfamilie (Apiaceae) ist Carum carvi relativ schwer zu bestimmen und auch mit giftigen Pflanzen verwechselbar. Der St\u00e4ngel ist kahl und sparrig verzweigt. Die unteren Bl\u00e4tter sind zwei- bis dreifach gefiedert. Im ersten Jahr bildet Carum carvi eine Blattrosette um dann im 2 Jahr bis 60cm hoch zu wachsen. Die oberen St\u00e4ngelbl\u00e4tter wachsen aus einer Blattscheide am Stiel. Die Bl\u00e4tter bilden nebenblattartige Fiederpaare direkt beim Stiel, was das sichere Erkennungszeichen f\u00fcr Carum carvi ist. Am Ende der St\u00e4ngel bildet sich der Doppeldoldige weiss bis rot gef\u00e4rbte Bl\u00fctenstand an dem dann die Fr\u00fcchte reifen. Die Spaltfr\u00fcchte sind 3-7mm lang und 0.5-1.5mm breit und zerfallen in zwei Einzelf\u00fcchte die leicht sichelf\u00f6rmig gebogen sind und an den Enden spitz zulaufen.<\/p>\n<p>&nbsp;<\/p>\n<h3>Anwendung der Pflanze<\/h3>\n<p>Carum carvi ist das st\u00e4rkste Karminativum aller bei uns g\u00e4ngigen Heilpflanzen. Carum carvi wirkt durchblutungsf\u00f6rdernd und zudem spasmolytisch auf die glatte Muskulatur des Gastrointestinaltraktes. Aufgrund sekretionsf\u00f6rdernder Eigenschaften regt Carum carvi den Appetit an. Es wird auch von einem cholagogen Effekt berichtet. Carum carvi wirkt nachweislich antibakteriell und fungizid. Aus diesen Gr\u00fcnden wird Carum carvi bei dyspeptischen Beschwerden wie Meteorismus und Flatulenz, sowie bei leichten, krampfartigen Beschwerden im Gastrointestinaltrakt empfohlen. Zudem werden f\u00fcr das \u00e4therische \u00d6l antibakterielle und antivirale effekte postuliert was aus Carum carvi das Mittel der Wahl bei viralen und bakteriellen Erkrankungen des Gastrointestinaltrakts macht. Aus der Volksmedizin ist bekannt, dass Carum carvi als Lactagogum eingesetzt wurde sowie als Emmenagogum.<\/p>\n<p>&nbsp;<\/p>\n<h3>Quelle(n)<\/h3>\n<ul>\n<li><a href=\"https:\/\/de.wikipedia.org\/wiki\/Echter_K%C3%BCmmel\">https:\/\/de.wikipedia.org\/wiki\/Echter_K%C3%BCmmel<\/a><\/li>\n<\/ul>","protected":false},"excerpt":{"rendered":"<p>Carum carvi geh\u00f6rt zu den \u00e4ltesten Gew\u00fcrzpflanzen \u00fcberhaut. Funde in Pfahlbauten zeigen seine Verwendung im Neolithikum. Auch im Grabe Tutanchammun1336 v.Chr. wurde Carum carvi gefunden. Bei Carum carvi handelt es sich um eine urspr\u00fcnglich eurosibirische Pflanze die heute Weltweit vorkommt. Carum carvi w\u00e4chst auf unged\u00fcngten Wiesen und Weiden bis 2400m und ist relativ h\u00e4ufig anzutreffen.<\/p>","protected":false},"featured_media":1020,"template":"","meta":{"_monsterinsights_skip_tracking":false,"_monsterinsights_sitenote_active":false,"_monsterinsights_sitenote_note":"","_monsterinsights_sitenote_category":0},"product_brand":[],"product_cat":[2119,27,25],"product_tag":[],"class_list":{"0":"post-972","1":"product","2":"type-product","3":"status-publish","4":"has-post-thumbnail","6":"product_cat-b2b","7":"product_cat-urtinkturen","8":"product_cat-wirkstoffe","10":"first","11":"instock","12":"shipping-taxable","13":"purchasable","14":"product-type-simple"},"_links":{"self":[{"href":"https:\/\/www.herbamed.ch\/en\/wp-json\/wp\/v2\/product\/972","targetHints":{"allow":["GET"]}}],"collection":[{"href":"https:\/\/www.herbamed.ch\/en\/wp-json\/wp\/v2\/product"}],"about":[{"href":"https:\/\/www.herbamed.ch\/en\/wp-json\/wp\/v2\/types\/product"}],"wp:featuredmedia":[{"embeddable":true,"href":"https:\/\/www.herbamed.ch\/en\/wp-json\/wp\/v2\/media\/1020"}],"wp:attachment":[{"href":"https:\/\/www.herbamed.ch\/en\/wp-json\/wp\/v2\/media?parent=972"}],"wp:term":[{"taxonomy":"product_brand","embeddable":true,"href":"https:\/\/www.herbamed.ch\/en\/wp-json\/wp\/v2\/product_brand?post=972"},{"taxonomy":"product_cat","embeddable":true,"href":"https:\/\/www.herbamed.ch\/en\/wp-json\/wp\/v2\/product_cat?post=972"},{"taxonomy":"product_tag","embeddable":true,"href":"https:\/\/www.herbamed.ch\/en\/wp-json\/wp\/v2\/product_tag?post=972"}],"curies":[{"name":"wp","href":"https:\/\/api.w.org\/{rel}","templated":true}]}}