{"id":970,"date":"2021-08-23T09:04:57","date_gmt":"2021-08-23T07:04:57","guid":{"rendered":"http:\/\/new.herbamed.ch\/?post_type=product&#038;p=970"},"modified":"2022-01-12T09:29:12","modified_gmt":"2022-01-12T08:29:12","slug":"carica-papaya-o-d1","status":"publish","type":"product","link":"https:\/\/www.herbamed.ch\/en\/product-2\/carica-papaya-o-d1\/","title":{"rendered":"Carica papaya \u00d8 = D1"},"content":{"rendered":"<h3>Vorkommen und Beschreibung<\/h3>\n<p>Carica papaya ist ein mehrj\u00e4hriger subtropischer Baum, welcher zu den Melonenbaumgew\u00e4chsen geh\u00f6rt und kann eine Gr\u00f6sse von bis zu 4m erreichen.<\/p>\n<p>&nbsp;<\/p>\n<h3>Anwendung der Pflanze<\/h3>\n<p>Carica papaya wird in den Heimatl\u00e4ndern als Wurmittel und Abf\u00fchrmittel verwendet. Zudem hat Carica papaya verdauungsf\u00f6rdernde und stoffwechselanregende Eigenschaften, da es das wertvolle Enzym Papain enth\u00e4lt, welches schwer verdauliches Eiweiss oder giftige Eiweissstoffe so umwandelt, dass sie f\u00fcr den Menschen geniessbar sind. Papaya hat sich zu einem beliebten Fruchtgem\u00fcse gemausert.<\/p>\n<p>&nbsp;<\/p>\n<h3>Quelle(n)<\/h3>\n<ul>\n<li>Siegrid Hirsch&amp;Felix Gr\u00fcnberger: die Kr\u00e4uter in meinem Garten<\/li>\n<li>Karl Hiller: Lexikon der Arnzeipflanzen und Drogen<\/li>\n<\/ul>","protected":false},"excerpt":{"rendered":"<p>Carica papaya wird in den Heimatl\u00e4ndern als Wurmittel und Abf\u00fchrmittel verwendet. Zudem hat Carica papaya verdauungsf\u00f6rdernde und stoffwechselanregende Eigenschaften, da es das wertvolle Enzym Papain enth\u00e4lt, welches schwer verdauliches Eiweiss oder giftige Eiweissstoffe so umwandelt, dass sie f\u00fcr den Menschen geniessbar sind. Papaya hat sich zu einem beliebten Fruchtgem\u00fcse gemausert.<\/p>","protected":false},"featured_media":1018,"template":"","meta":{"_monsterinsights_skip_tracking":false,"_monsterinsights_sitenote_active":false,"_monsterinsights_sitenote_note":"","_monsterinsights_sitenote_category":0},"product_brand":[],"product_cat":[2119,27,25],"product_tag":[],"class_list":{"0":"post-970","1":"product","2":"type-product","3":"status-publish","4":"has-post-thumbnail","6":"product_cat-b2b","7":"product_cat-urtinkturen","8":"product_cat-wirkstoffe","10":"first","11":"instock","12":"shipping-taxable","13":"purchasable","14":"product-type-simple"},"_links":{"self":[{"href":"https:\/\/www.herbamed.ch\/en\/wp-json\/wp\/v2\/product\/970","targetHints":{"allow":["GET"]}}],"collection":[{"href":"https:\/\/www.herbamed.ch\/en\/wp-json\/wp\/v2\/product"}],"about":[{"href":"https:\/\/www.herbamed.ch\/en\/wp-json\/wp\/v2\/types\/product"}],"wp:featuredmedia":[{"embeddable":true,"href":"https:\/\/www.herbamed.ch\/en\/wp-json\/wp\/v2\/media\/1018"}],"wp:attachment":[{"href":"https:\/\/www.herbamed.ch\/en\/wp-json\/wp\/v2\/media?parent=970"}],"wp:term":[{"taxonomy":"product_brand","embeddable":true,"href":"https:\/\/www.herbamed.ch\/en\/wp-json\/wp\/v2\/product_brand?post=970"},{"taxonomy":"product_cat","embeddable":true,"href":"https:\/\/www.herbamed.ch\/en\/wp-json\/wp\/v2\/product_cat?post=970"},{"taxonomy":"product_tag","embeddable":true,"href":"https:\/\/www.herbamed.ch\/en\/wp-json\/wp\/v2\/product_tag?post=970"}],"curies":[{"name":"wp","href":"https:\/\/api.w.org\/{rel}","templated":true}]}}