{"id":967,"date":"2021-08-23T09:04:56","date_gmt":"2021-08-23T07:04:56","guid":{"rendered":"http:\/\/new.herbamed.ch\/?post_type=product&#038;p=967"},"modified":"2022-01-12T09:29:12","modified_gmt":"2022-01-12T08:29:12","slug":"cardamine-pratensis-o","status":"publish","type":"product","link":"https:\/\/www.herbamed.ch\/en\/product-2\/cardamine-pratensis-o\/","title":{"rendered":"Cardamine pratensis \u00d8"},"content":{"rendered":"<h3>Vorkommen und Beschreibung<\/h3>\n<p>Carcamine pratensis ist ein mehrj\u00e4hriges Kreuzbl\u00fctengew\u00e4chs und kann bis zu 30cm hoch wachsen. Der Name &#171;Cardamine&#187; stammt aus dem griechischen: Kardamon, orientalische Kresse und pratense, auf Wiesen wachsend- die Wortsch\u00f6pfung Wiesenschaumkraut f\u00fchrt darauf zur\u00fcck, dass die Pflanze oftmals die schaumartigen Ausscheidungen der Schaumzikadenlarven tr\u00e4gt.<\/p>\n<p>&nbsp;<\/p>\n<h3>Anwendung der Pflanze<\/h3>\n<p>In der Volksheilkunde wird Cardamine pratensis eingesetzt zur Blutreinigung, regt die Blutbildung an, wirkt beruhigend und kr\u00e4ftigend. In der Hom\u00f6opathie wird Cardamine pratensis zur Unterst\u00fctzung bei Diabeteserkrankungen gereicht.<\/p>\n<p>&nbsp;<\/p>\n<h3>Quelle(n)<\/h3>\n<ul>\n<li>Siegrid Hirsch&amp;Felix Gr\u00fcnberger: die Kr\u00e4uter in meinem Garten<\/li>\n<li>Karl Hiller: Lexikon der Arnzeipflanzen und Drogen<\/li>\n<\/ul>","protected":false},"excerpt":{"rendered":"<p>Carcamine pratensis ist ein mehrj\u00e4hriges Kreuzbl\u00fctengew\u00e4chs und kann bis zu 30cm hoch wachsen. Der Name &#171;Cardamine&#187; stammt aus dem griechischen: Kardamon, orientalische Kresse und pratense, auf Wiesen wachsend- die Wortsch\u00f6pfung Wiesenschaumkraut f\u00fchrt darauf zur\u00fcck, dass die Pflanze oftmals die schaumartigen Ausscheidungen der Schaumzikadenlarven tr\u00e4gt.<\/p>","protected":false},"featured_media":1015,"template":"","meta":{"_monsterinsights_skip_tracking":false,"_monsterinsights_sitenote_active":false,"_monsterinsights_sitenote_note":"","_monsterinsights_sitenote_category":0},"product_brand":[],"product_cat":[2119,27,25],"product_tag":[],"class_list":{"0":"post-967","1":"product","2":"type-product","3":"status-publish","4":"has-post-thumbnail","6":"product_cat-b2b","7":"product_cat-urtinkturen","8":"product_cat-wirkstoffe","10":"first","11":"instock","12":"shipping-taxable","13":"purchasable","14":"product-type-simple"},"_links":{"self":[{"href":"https:\/\/www.herbamed.ch\/en\/wp-json\/wp\/v2\/product\/967","targetHints":{"allow":["GET"]}}],"collection":[{"href":"https:\/\/www.herbamed.ch\/en\/wp-json\/wp\/v2\/product"}],"about":[{"href":"https:\/\/www.herbamed.ch\/en\/wp-json\/wp\/v2\/types\/product"}],"wp:featuredmedia":[{"embeddable":true,"href":"https:\/\/www.herbamed.ch\/en\/wp-json\/wp\/v2\/media\/1015"}],"wp:attachment":[{"href":"https:\/\/www.herbamed.ch\/en\/wp-json\/wp\/v2\/media?parent=967"}],"wp:term":[{"taxonomy":"product_brand","embeddable":true,"href":"https:\/\/www.herbamed.ch\/en\/wp-json\/wp\/v2\/product_brand?post=967"},{"taxonomy":"product_cat","embeddable":true,"href":"https:\/\/www.herbamed.ch\/en\/wp-json\/wp\/v2\/product_cat?post=967"},{"taxonomy":"product_tag","embeddable":true,"href":"https:\/\/www.herbamed.ch\/en\/wp-json\/wp\/v2\/product_tag?post=967"}],"curies":[{"name":"wp","href":"https:\/\/api.w.org\/{rel}","templated":true}]}}