{"id":963,"date":"2021-08-23T09:04:56","date_gmt":"2021-08-23T07:04:56","guid":{"rendered":"http:\/\/new.herbamed.ch\/?post_type=product&#038;p=963"},"modified":"2022-01-12T09:29:12","modified_gmt":"2022-01-12T08:29:12","slug":"camphora-o-d1","status":"publish","type":"product","link":"https:\/\/www.herbamed.ch\/en\/product-2\/camphora-o-d1\/","title":{"rendered":"Camphora \u00d8 = D1"},"content":{"rendered":"<h3>Vorkommen und Beschreibung<\/h3>\n<p>Nat\u00fcrliches Camphora wird aus dem \u00e4therischen \u00d6l des Kampferbaum bzw. dessen Holz und Rinde gewonnen. Der Kampferbaum geh\u00f6rt zu den Lorbeergew\u00e4chsen und kann bis zu 20m Wuchsh\u00f6he erreichen. Um an das \u00e4therische \u00d6l zu gelangen, m\u00fcssen die B\u00e4ume einen komplizierten Destillationsprozess durchlaufen. Zudem eignen sich nur Kampferb\u00e4ume, die ein Mindestalter von 50 Jahren aufweisen. Campher ist ein \u00e4therisches \u00d6l und kann in seiner nat\u00fcrlichen Form Bestandteile anderer \u00e4therischen \u00d6le enthalten. Es riecht eukalyptusartig und zudem recht scharf. Heute wird Camphora h\u00e4ufiger industriell synthetisch hergestellt oder durch Wasserdampfdestillation und Kristallisation aus zerkleinerten Pflanzenteilen des Campherbaums gewonnen werden.<\/p>\n<p>&nbsp;<\/p>\n<h3>Anwendung der Pflanze<\/h3>\n<p>Anwendung ausschliesslich \u00e4usserlich. Camphora wirkt krampfl\u00f6send, schleiml\u00f6send, schmerzstillend und wird daher vorwiegend zur Durchblutungsf\u00f6rderung bei Muskel- und Rheumaschmerzen angewandt oder wenn der fl\u00fcchtige Kampfer zur &#171;\u00d6ffnung der Atemwege&#187; ben\u00f6tigt wird. Innerliche Anwendung ist aufgrund der Toxizit\u00e4t nicht empfohlen. Auch technisch wird Camphora angewendet- beispielsweise als Weichmacher f\u00fcr Celluloid oder zur Mottenbek\u00e4mpfung.<\/p>\n<p>&nbsp;<\/p>\n<h3>Quelle(n)<\/h3>\n<ul>\n<li>Siegrid Hirsch&amp;Felix Gr\u00fcnberger: die Kr\u00e4uter in meinem Garten<\/li>\n<li>Karl Hiller: Lexikon der Arnzeipflanzen und Drogen<\/li>\n<li><a href=\"https:\/\/www.gesundheits-fakten.de\/kampfer-als-heilpflanze-herkunft-wirkung-und-nutzung\/\">https:\/\/www.gesundheits-fakten.de\/kampfer-als-heilpflanze-herkunft-wirkung-und-nutzung\/<\/a><\/li>\n<\/ul>","protected":false},"excerpt":{"rendered":"<p>Nat\u00fcrliches Camphora wird aus dem \u00e4therischen \u00d6l des Kampferbaum bzw. dessen Holz und Rinde gewonnen. Der Kampferbaum geh\u00f6rt zu den Lorbeergew\u00e4chsen und kann bis zu 20m Wuchsh\u00f6he erreichen. Um an das \u00e4therische \u00d6l zu gelangen, m\u00fcssen die B\u00e4ume einen komplizierten Destillationsprozess durchlaufen.<\/p>","protected":false},"featured_media":1011,"template":"","meta":{"_monsterinsights_skip_tracking":false,"_monsterinsights_sitenote_active":false,"_monsterinsights_sitenote_note":"","_monsterinsights_sitenote_category":0},"product_brand":[],"product_cat":[2119,27,25],"product_tag":[],"class_list":{"0":"post-963","1":"product","2":"type-product","3":"status-publish","4":"has-post-thumbnail","6":"product_cat-b2b","7":"product_cat-urtinkturen","8":"product_cat-wirkstoffe","10":"first","11":"instock","12":"shipping-taxable","13":"purchasable","14":"product-type-simple"},"_links":{"self":[{"href":"https:\/\/www.herbamed.ch\/en\/wp-json\/wp\/v2\/product\/963","targetHints":{"allow":["GET"]}}],"collection":[{"href":"https:\/\/www.herbamed.ch\/en\/wp-json\/wp\/v2\/product"}],"about":[{"href":"https:\/\/www.herbamed.ch\/en\/wp-json\/wp\/v2\/types\/product"}],"wp:featuredmedia":[{"embeddable":true,"href":"https:\/\/www.herbamed.ch\/en\/wp-json\/wp\/v2\/media\/1011"}],"wp:attachment":[{"href":"https:\/\/www.herbamed.ch\/en\/wp-json\/wp\/v2\/media?parent=963"}],"wp:term":[{"taxonomy":"product_brand","embeddable":true,"href":"https:\/\/www.herbamed.ch\/en\/wp-json\/wp\/v2\/product_brand?post=963"},{"taxonomy":"product_cat","embeddable":true,"href":"https:\/\/www.herbamed.ch\/en\/wp-json\/wp\/v2\/product_cat?post=963"},{"taxonomy":"product_tag","embeddable":true,"href":"https:\/\/www.herbamed.ch\/en\/wp-json\/wp\/v2\/product_tag?post=963"}],"curies":[{"name":"wp","href":"https:\/\/api.w.org\/{rel}","templated":true}]}}