{"id":960,"date":"2021-08-23T09:04:55","date_gmt":"2021-08-23T07:04:55","guid":{"rendered":"http:\/\/new.herbamed.ch\/?post_type=product&#038;p=960"},"modified":"2022-01-12T09:29:13","modified_gmt":"2022-01-12T08:29:13","slug":"calotropis-gigantea-o-d1","status":"publish","type":"product","link":"https:\/\/www.herbamed.ch\/en\/product-2\/calotropis-gigantea-o-d1\/","title":{"rendered":"Calotropis gigantea \u00d8 = D1"},"content":{"rendered":"<h3>Vorkommen und Beschreibung<\/h3>\n<p>Calotropis gigantea geh\u00f6rt zu den Str\u00e4uchern, die fast baumartig und bis zu drei Meter hoch wachsen k\u00f6nnen. Ihr Lebensraum sind vor allem Ost- und Hinterindien, das s\u00fcdliche China und der Malaiische Archipel.<\/p>\n<p>&nbsp;<\/p>\n<h3>Anwendung der Pflanze<\/h3>\n<p>Volkst\u00fcmlich wird Calotropis gigantea eingesetzt bei Durchfallerkrankungen welche auf der Grundlage von Infektionen mit Parasiten oder Viren beruhen. Hom\u00f6opathisch wird Calotropis gigantea eingesetzt bei Fettleibigkeit. In Kombination mit Helianthus tuberosus z\u00fcgelt Calotropis gigantea den Appetit- als Einzelmittel oft zu schwach, daher die Kombination mit Helianthus. Grunds\u00e4tzlich ist Calotropis gigantea nur unter \u00e4rztlicher Aufsicht einzusetzen, da die Pflanze giftig ist!<\/p>\n<p>&nbsp;<\/p>\n<h3>Quelle(n)<\/h3>\n<ul>\n<li><a href=\"https:\/\/www.globuli.de\/einzelmittel\/globuli-von-m-bis-o\/madar\">https:\/\/www.globuli.de\/einzelmittel\/globuli-von-m-bis-o\/madar<\/a><\/li>\n<li>Karl Hiller: Lexikon der Arnzeipflanzen und Drogen<\/li>\n<\/ul>\n<p>&nbsp;<\/p>","protected":false},"excerpt":{"rendered":"<p>Calotropis gigantea geh\u00f6rt zu den Str\u00e4uchern, die fast baumartig und bis zu drei Meter hoch wachsen k\u00f6nnen. Ihr Lebensraum sind vor allem Ost- und Hinterindien, das s\u00fcdliche China und der Malaiische Archipel.<\/p>","protected":false},"featured_media":990,"template":"","meta":{"_monsterinsights_skip_tracking":false,"_monsterinsights_sitenote_active":false,"_monsterinsights_sitenote_note":"","_monsterinsights_sitenote_category":0},"product_brand":[],"product_cat":[2119,27,25],"product_tag":[],"class_list":{"0":"post-960","1":"product","2":"type-product","3":"status-publish","4":"has-post-thumbnail","6":"product_cat-b2b","7":"product_cat-urtinkturen","8":"product_cat-wirkstoffe","10":"first","11":"instock","12":"shipping-taxable","13":"purchasable","14":"product-type-simple"},"_links":{"self":[{"href":"https:\/\/www.herbamed.ch\/en\/wp-json\/wp\/v2\/product\/960","targetHints":{"allow":["GET"]}}],"collection":[{"href":"https:\/\/www.herbamed.ch\/en\/wp-json\/wp\/v2\/product"}],"about":[{"href":"https:\/\/www.herbamed.ch\/en\/wp-json\/wp\/v2\/types\/product"}],"wp:featuredmedia":[{"embeddable":true,"href":"https:\/\/www.herbamed.ch\/en\/wp-json\/wp\/v2\/media\/990"}],"wp:attachment":[{"href":"https:\/\/www.herbamed.ch\/en\/wp-json\/wp\/v2\/media?parent=960"}],"wp:term":[{"taxonomy":"product_brand","embeddable":true,"href":"https:\/\/www.herbamed.ch\/en\/wp-json\/wp\/v2\/product_brand?post=960"},{"taxonomy":"product_cat","embeddable":true,"href":"https:\/\/www.herbamed.ch\/en\/wp-json\/wp\/v2\/product_cat?post=960"},{"taxonomy":"product_tag","embeddable":true,"href":"https:\/\/www.herbamed.ch\/en\/wp-json\/wp\/v2\/product_tag?post=960"}],"curies":[{"name":"wp","href":"https:\/\/api.w.org\/{rel}","templated":true}]}}