{"id":903,"date":"2021-08-23T09:04:04","date_gmt":"2021-08-23T07:04:04","guid":{"rendered":"http:\/\/new.herbamed.ch\/?post_type=product&#038;p=903"},"modified":"2022-01-12T09:31:44","modified_gmt":"2022-01-12T08:31:44","slug":"atropinum-sulfuricum-o-d1","status":"publish","type":"product","link":"https:\/\/www.herbamed.ch\/en\/product-2\/atropinum-sulfuricum-o-d1\/","title":{"rendered":"Atropinum sulfuricum \u00d8 = D1"},"content":{"rendered":"<h3>Vorkommen und Beschreibung<\/h3>\n<p>Atropinum sulfuricum ist eine Synthese aus Schwefel und dem Alkaloid Atropin. Atropin kommt in Nachtschattengew\u00e4chsen wie Stechapfel und Tollkirsche vor.<\/p>\n<p>&nbsp;<\/p>\n<h3>Anwendung des Stoffes<\/h3>\n<p>Atropinum sulfuricum gilt als Akutmittel, das kurzfristig bei Herz-Kreislauf- und Lungen-Erkrankungen, auch bei Wiederbelebungsma\u00dfnahmen, zum Einsatz kommt. Es wirkt schnell, ist jedoch bis einschlie\u00dflich der Potenz D3 verschreibungspflichtig. Atropinum sulfuricum ist eines der selten in der Eigenmedikation angewandten hom\u00f6opathischen Mittel. Es wirkt auf das vegetative Nervensystem und hemmt die Auswirkungen des Parasympathikus, welcher die K\u00f6rperfunktionen steuert. Die Hom\u00f6opathie reicht Atropinum sulfuricum bei Kr\u00e4mpfen der glatten Muskulatur. Dazu geh\u00f6ren Magenk\u00e4mpfe, Darmkoliken, Blasenbeschwerden, Krampf- und Keuchhusten. Atropinum sulfuricum wird weiterhin genutzt bei Kopfschmerzen, Morbus Parkinson und Epilepsie oder epilepsieartigen Zust\u00e4nden.<\/p>\n<p>&nbsp;<\/p>\n<h3>Quelle(n)<\/h3>\n<ul>\n<li><a href=\"https:\/\/www.hallo-homoeopathie.de\/mittel\/atropinum-sulfuricum\" target=\"_blank\" rel=\"noopener noreferrer\">https:\/\/www.hallo-homoeopathie.de\/mittel\/atropinum-sulfuricum<\/a><\/li>\n<li>Karl Hiller: Lexikon der Arnzeipflanzen und Drogen<\/li>\n<\/ul>","protected":false},"excerpt":{"rendered":"<p>Atropinum sulfuricum ist eine Synthese aus Schwefel und dem Alkaloid Atropin. Atropin kommt in Nachtschattengew\u00e4chsen wie Stechapfel und Tollkirsche vor.<\/p>","protected":false},"featured_media":949,"template":"","meta":{"_monsterinsights_skip_tracking":false,"_monsterinsights_sitenote_active":false,"_monsterinsights_sitenote_note":"","_monsterinsights_sitenote_category":0},"product_brand":[],"product_cat":[2119,27,25],"product_tag":[],"class_list":{"0":"post-903","1":"product","2":"type-product","3":"status-publish","4":"has-post-thumbnail","6":"product_cat-b2b","7":"product_cat-urtinkturen","8":"product_cat-wirkstoffe","10":"first","11":"instock","12":"shipping-taxable","13":"purchasable","14":"product-type-simple"},"_links":{"self":[{"href":"https:\/\/www.herbamed.ch\/en\/wp-json\/wp\/v2\/product\/903","targetHints":{"allow":["GET"]}}],"collection":[{"href":"https:\/\/www.herbamed.ch\/en\/wp-json\/wp\/v2\/product"}],"about":[{"href":"https:\/\/www.herbamed.ch\/en\/wp-json\/wp\/v2\/types\/product"}],"wp:featuredmedia":[{"embeddable":true,"href":"https:\/\/www.herbamed.ch\/en\/wp-json\/wp\/v2\/media\/949"}],"wp:attachment":[{"href":"https:\/\/www.herbamed.ch\/en\/wp-json\/wp\/v2\/media?parent=903"}],"wp:term":[{"taxonomy":"product_brand","embeddable":true,"href":"https:\/\/www.herbamed.ch\/en\/wp-json\/wp\/v2\/product_brand?post=903"},{"taxonomy":"product_cat","embeddable":true,"href":"https:\/\/www.herbamed.ch\/en\/wp-json\/wp\/v2\/product_cat?post=903"},{"taxonomy":"product_tag","embeddable":true,"href":"https:\/\/www.herbamed.ch\/en\/wp-json\/wp\/v2\/product_tag?post=903"}],"curies":[{"name":"wp","href":"https:\/\/api.w.org\/{rel}","templated":true}]}}