{"id":897,"date":"2021-08-23T09:04:02","date_gmt":"2021-08-23T07:04:02","guid":{"rendered":"http:\/\/new.herbamed.ch\/?post_type=product&#038;p=897"},"modified":"2022-01-12T09:31:45","modified_gmt":"2022-01-12T08:31:45","slug":"arum-maculatum-o","status":"publish","type":"product","link":"https:\/\/www.herbamed.ch\/en\/product-2\/arum-maculatum-o\/","title":{"rendered":"Arum maculatum \u00d8"},"content":{"rendered":"<h3>Vorkommen und Beschreibung<\/h3>\n<p>Arum maculatum= gefleckter Aronstab. Diese Art ist in Europa stark verbreitet. Es gibt etwa 12 verschiedene Arten in der Familie der Aronstabgew\u00e4chse. In der hom\u00f6opathischen Literatur wird vor allem Arum triphyllum beschrieben. Alle Arten haben eine \u00e4hnliche Wirkung. Sie enthalten ein Reizgift, das Entz\u00fcndung der Schleimh\u00e4ute und Gewebszerst\u00f6rung hervorruft. Sch\u00e4rfe ist das Kennzeichen der Wirkungsweise von Arum maculatum. F\u00fcr die Herstellung eines Arzneimittels wird der frische, vor der Entwicklung der Bl\u00e4tter geerntete Wurzelstock verwendet. Getrocknet verliert er seine Wirkung.<\/p>\n<p>&nbsp;<\/p>\n<h3>Anwendung der Pflanze<\/h3>\n<p>Hom\u00f6opathisch wird Arum maculatum nocht immer sehr gerne bei Schnupfe, Mundschleimhautentsz\u00fcndung, Nasen- und Rachenkatarrhen sowie Mumps, Scharlach und Masern eingesetzt. Ebenso wird Heiserkeit mit grossem Erfolg durch Arum maculatum behandelt. Aufgrund der Toxizit\u00e4t von Arum maculatum ist von einer Selbstmedikation dringend abzuraten.<\/p>\n<p>&nbsp;<\/p>\n<h3>Quelle(n)<\/h3>\n<ul>\n<li>M. Pahlow: das grosse Buch der Heilpflanzen<\/li>\n<li><a href=\"https:\/\/www.globuli.de\/einzelmittel\/globuli-von-a-bis-a\/arum-maculatum\/\" target=\"_blank\" rel=\"noopener noreferrer\">https:\/\/www.globuli.de\/einzelmittel\/globuli-von-a-bis-a\/arum-maculatum\/<\/a><\/li>\n<\/ul>","protected":false},"excerpt":{"rendered":"<p>Arum maculatum= gefleckter Aronstab. Diese Art ist in Europa stark verbreitet. Es gibt etwa 12 verschiedene Arten in der Familie der Aronstabgew\u00e4chse. In der hom\u00f6opathischen Literatur wird vor allem Arum triphyllum beschrieben. Alle Arten haben eine \u00e4hnliche Wirkung. Sie enthalten ein Reizgift, das Entz\u00fcndung der Schleimh\u00e4ute und Gewebszerst\u00f6rung hervorruft.<\/p>","protected":false},"featured_media":943,"template":"","meta":{"_monsterinsights_skip_tracking":false,"_monsterinsights_sitenote_active":false,"_monsterinsights_sitenote_note":"","_monsterinsights_sitenote_category":0},"product_brand":[],"product_cat":[2119,27,25],"product_tag":[],"class_list":{"0":"post-897","1":"product","2":"type-product","3":"status-publish","4":"has-post-thumbnail","6":"product_cat-b2b","7":"product_cat-urtinkturen","8":"product_cat-wirkstoffe","10":"first","11":"instock","12":"shipping-taxable","13":"purchasable","14":"product-type-simple"},"_links":{"self":[{"href":"https:\/\/www.herbamed.ch\/en\/wp-json\/wp\/v2\/product\/897","targetHints":{"allow":["GET"]}}],"collection":[{"href":"https:\/\/www.herbamed.ch\/en\/wp-json\/wp\/v2\/product"}],"about":[{"href":"https:\/\/www.herbamed.ch\/en\/wp-json\/wp\/v2\/types\/product"}],"wp:featuredmedia":[{"embeddable":true,"href":"https:\/\/www.herbamed.ch\/en\/wp-json\/wp\/v2\/media\/943"}],"wp:attachment":[{"href":"https:\/\/www.herbamed.ch\/en\/wp-json\/wp\/v2\/media?parent=897"}],"wp:term":[{"taxonomy":"product_brand","embeddable":true,"href":"https:\/\/www.herbamed.ch\/en\/wp-json\/wp\/v2\/product_brand?post=897"},{"taxonomy":"product_cat","embeddable":true,"href":"https:\/\/www.herbamed.ch\/en\/wp-json\/wp\/v2\/product_cat?post=897"},{"taxonomy":"product_tag","embeddable":true,"href":"https:\/\/www.herbamed.ch\/en\/wp-json\/wp\/v2\/product_tag?post=897"}],"curies":[{"name":"wp","href":"https:\/\/api.w.org\/{rel}","templated":true}]}}