{"id":896,"date":"2021-08-23T09:04:02","date_gmt":"2021-08-23T07:04:02","guid":{"rendered":"http:\/\/new.herbamed.ch\/?post_type=product&#038;p=896"},"modified":"2022-01-12T09:31:45","modified_gmt":"2022-01-12T08:31:45","slug":"artemisia-vulgaris-o","status":"publish","type":"product","link":"https:\/\/www.herbamed.ch\/en\/product-2\/artemisia-vulgaris-o\/","title":{"rendered":"Artemisia vulgaris \u00d8"},"content":{"rendered":"<h3>Vorkommen und Beschreibung<\/h3>\n<p>Bei Artemisia vulgaris handelt es sich um einen Einheimischen urspr\u00fcnglich eurasiatischen Korbbl\u00fctler (Asteraceae). Artemisia vulgaris f\u00fchlt sich heimisch an Wegr\u00e4ndern, Ufern Kiesgruben auf Industrie- und Schuttpl\u00e4tzen. Artemisia vulgaris w\u00e4chst 50-150cm hoch, die ganze Pflanze riecht sehr aromatisch. Artemisia vulgaris vermehrt sich \u00fcber Samen aber auch \u00fcber Wurzelausl\u00e4ufer kann sie weite Gebiete einnehmen. Die Bl\u00e4tter sind 1-2fach Fiederschnittig mit breit- bis schmallanzettlichen Abschnitten, spitz und gez\u00e4hnt. Am Grunde besitzen die Bl\u00e4tter st\u00e4ngelumfassende Zipfel. Oberseits sind die Bl\u00e4tter dunkelgr\u00fcn und unterseits weissfilzig. Die Bl\u00fctenk\u00f6pfe bestehen nur aus R\u00f6hrenbl\u00fcten und sind unscheinbar gelb oder rotbraun und wachsen in einer dichten Rispe. Die Fr\u00fcchte sind 1-2mm lang. Artemisia vulgaris ist eine mehrj\u00e4hrige Pflanze deren oberirdische Teile im Winter jedoch absterben und die Wurzeln dann im zeitigen Fr\u00fchjahr wieder austreiben. Artemisia vulgaris gilt als \u00e4lteste Heilpflanze \u00fcberhaupt weil in einem ca. 60\u2018000 Jahre alten Grab im heutigen Irak eine Begr\u00e4bnisst\u00e4tte gefunden wurde die mit Artemisia vulgaris ausgelegt war. Diese Grabst\u00e4tte gilt als erster Beweis daf\u00fcr, dass Menschen so fr\u00fch schon Pflanzen zu rituellen Zwecken genutzt haben. \u00dcberhaupt handelt es sich bei Artemisia vulgaris um eine sehr alte und damals sehr gesch\u00e4tzten und weitverbreitete Ritualpflanze. Artemisia vulgaris wurde vorwiegend als Schutz- und Reinigungspflanze verwendet. Sie galt als Begleiterin der Sommer- und Wintersonnenwende.<\/p>\n<p>&nbsp;<\/p>\n<h3>Anwendung der Pflanze<\/h3>\n<p>F\u00fcr phytotherapeutische Zwecke sollte die Verwendung der Bl\u00e4tter bzw. der oberirdischen Teile bevorzugt werden. Bei dieser alten Heilpflanze handelt es sich um ein wertvolles Emmenagogum. Besonders wenn der Zyklus nach Absetzen der Pille nicht recht in Schwung kommen will und sich dies durch ein Ausbleiben der Menstruation bemerkbar macht. Auch als Geburtserleicherndes Mittel und zur Rekonvaleszenz im Wochenbett wurde Artemisia vulgaris verwendet. \u00dcberhaupt wird Artemisia vulgaris als mildes Tonikum f\u00fcr die Rekonvaleszenz sehr empfohlen. Auch Beschwerden im Magen-Darm-Traktes k\u00f6nnen durch Artemisia vulgaris Linderung erfahren. Hier steht Artemisia vulgaris aber etwas hinter Artemisia abrotanum und Artemisia absinthium. Als Beigabe zu G\u00e4nsebraten verbessert Artemisia vulgaris nicht nur den Geschmack, es hilft besonders auch bei der Verdauung von Fetten. Ihrem deutschen Namen nach soll ein Blatt von Artemisia vulgaris in die Schuhe gelegt vor Erm\u00fcdung der F\u00fcsse und Beine sch\u00fctzen.<\/p>\n<p>&nbsp;<\/p>\n<h3>Quelle(n)<\/h3>\n<ul>\n<li><a href=\"https:\/\/www.awl.ch\/heilpflanzen\/artemisia_vulgaris\/gemeiner_beifuss.htm\" target=\"_blank\" rel=\"noopener noreferrer\">https:\/\/www.awl.ch\/heilpflanzen\/artemisia_vulgaris\/gemeiner_beifuss.htm<\/a><\/li>\n<li><a href=\"https:\/\/de.wikipedia.org\/wiki\/Beifu%C3%9F\" target=\"_blank\" rel=\"noopener noreferrer\">https:\/\/de.wikipedia.org\/wiki\/Beifu%C3%9F<\/a><\/li>\n<\/ul>","protected":false},"excerpt":{"rendered":"<p>Bei Artemisia vulgaris handelt es sich um einen Einheimischen urspr\u00fcnglich eurasiatischen Korbbl\u00fctler (Asteraceae). Artemisia vulgaris f\u00fchlt sich heimisch an Wegr\u00e4ndern, Ufern Kiesgruben auf Industrie- und Schuttpl\u00e4tzen. Artemisia vulgaris w\u00e4chst 50-150cm hoch, die ganze Pflanze riecht sehr aromatisch.<\/p>","protected":false},"featured_media":942,"template":"","meta":{"_monsterinsights_skip_tracking":false,"_monsterinsights_sitenote_active":false,"_monsterinsights_sitenote_note":"","_monsterinsights_sitenote_category":0},"product_brand":[],"product_cat":[2119,27,25],"product_tag":[],"class_list":{"0":"post-896","1":"product","2":"type-product","3":"status-publish","4":"has-post-thumbnail","6":"product_cat-b2b","7":"product_cat-urtinkturen","8":"product_cat-wirkstoffe","10":"first","11":"instock","12":"shipping-taxable","13":"purchasable","14":"product-type-simple"},"_links":{"self":[{"href":"https:\/\/www.herbamed.ch\/en\/wp-json\/wp\/v2\/product\/896","targetHints":{"allow":["GET"]}}],"collection":[{"href":"https:\/\/www.herbamed.ch\/en\/wp-json\/wp\/v2\/product"}],"about":[{"href":"https:\/\/www.herbamed.ch\/en\/wp-json\/wp\/v2\/types\/product"}],"wp:featuredmedia":[{"embeddable":true,"href":"https:\/\/www.herbamed.ch\/en\/wp-json\/wp\/v2\/media\/942"}],"wp:attachment":[{"href":"https:\/\/www.herbamed.ch\/en\/wp-json\/wp\/v2\/media?parent=896"}],"wp:term":[{"taxonomy":"product_brand","embeddable":true,"href":"https:\/\/www.herbamed.ch\/en\/wp-json\/wp\/v2\/product_brand?post=896"},{"taxonomy":"product_cat","embeddable":true,"href":"https:\/\/www.herbamed.ch\/en\/wp-json\/wp\/v2\/product_cat?post=896"},{"taxonomy":"product_tag","embeddable":true,"href":"https:\/\/www.herbamed.ch\/en\/wp-json\/wp\/v2\/product_tag?post=896"}],"curies":[{"name":"wp","href":"https:\/\/api.w.org\/{rel}","templated":true}]}}