{"id":892,"date":"2021-08-23T09:04:01","date_gmt":"2021-08-23T07:04:01","guid":{"rendered":"http:\/\/new.herbamed.ch\/?post_type=product&#038;p=892"},"modified":"2022-01-12T09:31:45","modified_gmt":"2022-01-12T08:31:45","slug":"arnica-montana-o-d1","status":"publish","type":"product","link":"https:\/\/www.herbamed.ch\/en\/product-2\/arnica-montana-o-d1\/","title":{"rendered":"Arnica montana \u00d8 = D1"},"content":{"rendered":"<h3>Vorkommen und Beschreibung<\/h3>\n<p>Bei Arnica montana handelt es sich um die getrocknete Wurzel unserer bekannten und beliebten Bergpflanze. Die getrocknete Wurzel von Arnica montana hat einen charakteristischen aromatischen Geruch. Im Gegensatz zur Bl\u00fcte die phytotherapeutisch Verwendung findet wird interessanterweise die Wurzel wie in dieser Urtinktur von Arnica montana nur in der Hom\u00f6opathie verwendet. Gerade aus dem Standpunkt, dass es sich bei Arnica montana um eine gesch\u00fctzte Pflanze handelt macht es Sinn vorwiegend die potenzierte Form zu verwenden. Arnica montana ist eine beliebte Bergpflanze die auf immer seltener werdenden mageren Wiesen vorkommt. Wenn sie vorkommt ist ein Sammeln trotz den Schutzbestimmungen m\u00f6glich da sich Arnica montana auf den Standorten auf denen sie vorkommt auch schnell wieder regeneriert.<\/p>\n<p>&nbsp;<\/p>\n<h3>Anwendung der Pflanze<\/h3>\n<p>Die Arnica montana Wurzel ist ein hervorragendes hom\u00f6opathisches Erste-Hilfe-Mittel. Leitsymptom ist ein Zerschlagenheitsgef\u00fchl. Die Patienten sind in einem seelischen Schock und verweigern oft jegliche Hilfe. Dies tritt oft bei Unf\u00e4llen auf aber auch bei Trauerf\u00e4llen. Auch bei Unf\u00e4llen mit k\u00f6rperlichen Verletzungen, Prellungen, Bluterg\u00fcsse, zur Wundheilung, Blutstillung, Muskelzerrungen aber auch Gelenkbeschwerden wie Arthritis kann von der Anwendung durch Arnica montana profitiert werden. Auch bei Operationen, Zahnbehandlungen (besonders Extraktionen) und bei der Geburt hat sich Arnica montana bew\u00e4hrt. Die Beschwerden werden besser zu Beginn einer Bewegung, wenn die F\u00fcsse h\u00f6her als der Kopf gelagert werden. Der Arnica montana Patient ist lieber alleine und verweigert selbst Arztkonsultationen. Schlechter f\u00fchlt sich der Arnica montana Patient bei st\u00e4ndiger Bewegung, leichtem Druck, in andauernder Ruhelage und Hitze.<\/p>","protected":false},"excerpt":{"rendered":"<p>Bei Arnica montana handelt es sich um die getrocknete Wurzel unserer bekannten und beliebten Bergpflanze. Die getrocknete Wurzel von Arnica montana hat einen charakteristischen aromatischen Geruch. Im Gegensatz zur Bl\u00fcte die phytotherapeutisch Verwendung findet wird interessanterweise die Wurzel wie in dieser Urtinktur von Arnica montana nur in der Hom\u00f6opathie verwendet.<\/p>","protected":false},"featured_media":920,"template":"","meta":{"_monsterinsights_skip_tracking":false,"_monsterinsights_sitenote_active":false,"_monsterinsights_sitenote_note":"","_monsterinsights_sitenote_category":0},"product_brand":[],"product_cat":[2119,27,25],"product_tag":[],"class_list":{"0":"post-892","1":"product","2":"type-product","3":"status-publish","4":"has-post-thumbnail","6":"product_cat-b2b","7":"product_cat-urtinkturen","8":"product_cat-wirkstoffe","10":"first","11":"instock","12":"shipping-taxable","13":"purchasable","14":"product-type-simple"},"_links":{"self":[{"href":"https:\/\/www.herbamed.ch\/en\/wp-json\/wp\/v2\/product\/892","targetHints":{"allow":["GET"]}}],"collection":[{"href":"https:\/\/www.herbamed.ch\/en\/wp-json\/wp\/v2\/product"}],"about":[{"href":"https:\/\/www.herbamed.ch\/en\/wp-json\/wp\/v2\/types\/product"}],"wp:featuredmedia":[{"embeddable":true,"href":"https:\/\/www.herbamed.ch\/en\/wp-json\/wp\/v2\/media\/920"}],"wp:attachment":[{"href":"https:\/\/www.herbamed.ch\/en\/wp-json\/wp\/v2\/media?parent=892"}],"wp:term":[{"taxonomy":"product_brand","embeddable":true,"href":"https:\/\/www.herbamed.ch\/en\/wp-json\/wp\/v2\/product_brand?post=892"},{"taxonomy":"product_cat","embeddable":true,"href":"https:\/\/www.herbamed.ch\/en\/wp-json\/wp\/v2\/product_cat?post=892"},{"taxonomy":"product_tag","embeddable":true,"href":"https:\/\/www.herbamed.ch\/en\/wp-json\/wp\/v2\/product_tag?post=892"}],"curies":[{"name":"wp","href":"https:\/\/api.w.org\/{rel}","templated":true}]}}