{"id":873,"date":"2021-08-23T09:03:39","date_gmt":"2021-08-23T07:03:39","guid":{"rendered":"http:\/\/new.herbamed.ch\/?post_type=product&#038;p=873"},"modified":"2022-01-12T09:31:46","modified_gmt":"2022-01-12T08:31:46","slug":"aristolochia-clematitis-o","status":"publish","type":"product","link":"https:\/\/www.herbamed.ch\/en\/product-2\/aristolochia-clematitis-o\/","title":{"rendered":"Aristolochia clematitis \u00d8"},"content":{"rendered":"<h3>Vorkommen und Beschreibung<\/h3>\n<p>Die Aristolchia clematitis entwickelt beim Zerreiben einen eigent\u00fcmlich obstartigen Geruch. Aristolchia clematitis die krautige, ausdauernde Pflanze wird etwa 300 bis 500\u202fmm hoch. Der aufrecht wachsende, stielrunde, gefurchte und kahle St\u00e4ngel ist im oberen Bereich abgeschw\u00e4cht zickzackf\u00f6rmig hin- und hergebogen. Die Bl\u00e4tter sind wechselst\u00e4ndig, einfach, derb, bis 40\u202fmm lang gestielt und aus herzf\u00f6rmigem bis pfeilf\u00f6rmigem Grund rundlich bis eif\u00f6rmig. Die 50 bis 100\u202fmm breite und bis zu 100\u202fmm lange Blattspreite ist schwach ausgerandet, am Rand durch kleine Z\u00e4hnchen rau und unterseits durch einen wei\u00dflichen, wachsigen Belag hellgr\u00fcn. Die 20 bis 30\u202fmm langen, gelbgr\u00fcnen Bl\u00fcten von Aristolchia clematitis stehen zu zwei bis acht, in der Regel zu vier, in dolden\u00e4hnlichen Wickeln in den Blattachseln und tragen am Grund des Stiels ein sehr kleines Vorblatt. Es sind zygomorphe, zwittrige Reusenbl\u00fcten, deren ballonartig aufgeblasene Basis sich zu einer schmalen R\u00f6hre verj\u00fcngt und in eine breite, \u00fcber der Bl\u00fcte stehende Zunge ausl\u00e4uft, die sp\u00e4ter absinkt und den Eingang zur R\u00f6hre der Bl\u00fctenh\u00fclle verschlie\u00dft. Auf der Innenseite der Bl\u00fctenh\u00fcllr\u00f6hre befinden sich wei\u00dfe, anfangs abw\u00e4rts gerichtete Reusenhaare. Die sechs sitzenden Staubbl\u00e4tter sind mit der Griffels\u00e4ule des unterst\u00e4ndigen, sechsf\u00e4cherigen Fruchtknotens zu einem Gynostemium verwachsen. Der kurze, hohle, sechs Narbenlappen tragende Griffel ist oben von einem sechskerbigen Ring umgeben.<\/p>\n<p>&nbsp;<\/p>\n<h3>Anwendung der Pflanze<\/h3>\n<p>Aristolchia clematitis wurde schon in der Antike als Heilpflanze verwendet. Sie galt als gutes Wundheilmittel und wurde vor allem zur Erleichterung der Geburt, aufgrund der Wehen einleitenden Wirkung verwendet. Heute gilt die Anwendung von Aristolchia clematitis als kanzerogen und nierensch\u00e4digend darum wird Aristolchia clematitis nur noch als hom\u00f6opathisches Mittel verwendet. In der Hom\u00f6opathie wird Aristolchia clematitis bei folgenden Leitsymptomen verwendet: Es ist ein Mittel das vorwiegend bei Frauen zum Einsatz kommt. Zur Geburtsvorbereitung, im Klimakterium, bei fehlender Menstruation, Sterilit\u00e4t, Dysmenorrhoe besonders wenn die Patientinnen unter Stimmungsschwankungen vor und nach der Menses leiden und schrecklich frieren ist Aristolchia clematitis angezeigt. Besser werden die Beschwerden durch eintretende Absonderungen wie Mensblut und Schnupfen, frische Luft, Bewegung, lokale W\u00e4rme. Schlechter werden die Beschwerden vor und nach der Menstruation, nach vorne beugen, kalte Speisen, Milch, Licht und morgens zwischen zwei und vier.<\/p>\n<p>&nbsp;<\/p>\n<h3>Quelle(n)<\/h3>\n<ul>\n<li><a href=\"https:\/\/de.wikipedia.org\/wiki\/Gew%C3%B6hnliche_Osterluzei\" target=\"_blank\" rel=\"noopener noreferrer\">https:\/\/de.wikipedia.org\/wiki\/Gew%C3%B6hnliche_Osterluzei<\/a><\/li>\n<li><a href=\"http:\/\/www.homoeopathischer-notdienst.de\/Arzneimittelbild\/Aristolochia-clematitis\" target=\"_blank\" rel=\"noopener noreferrer\">http:\/\/www.homoeopathischer-notdienst.de\/Arzneimittelbild\/Aristolochia-clematitis<\/a><\/li>\n<\/ul>","protected":false},"excerpt":{"rendered":"<p>Die Aristolchia clematitis entwickelt beim Zerreiben einen eigent\u00fcmlich obstartigen Geruch. Aristolchia clematitis die krautige, ausdauernde Pflanze wird etwa 300 bis 500\u202fmm hoch. Der aufrecht wachsende, stielrunde, gefurchte und kahle St\u00e4ngel ist im oberen Bereich abgeschw\u00e4cht zickzackf\u00f6rmig hin- und hergebogen.<\/p>","protected":false},"featured_media":919,"template":"","meta":{"_monsterinsights_skip_tracking":false,"_monsterinsights_sitenote_active":false,"_monsterinsights_sitenote_note":"","_monsterinsights_sitenote_category":0},"product_brand":[],"product_cat":[2119,27,25],"product_tag":[],"class_list":{"0":"post-873","1":"product","2":"type-product","3":"status-publish","4":"has-post-thumbnail","6":"product_cat-b2b","7":"product_cat-urtinkturen","8":"product_cat-wirkstoffe","10":"first","11":"instock","12":"shipping-taxable","13":"purchasable","14":"product-type-simple"},"_links":{"self":[{"href":"https:\/\/www.herbamed.ch\/en\/wp-json\/wp\/v2\/product\/873","targetHints":{"allow":["GET"]}}],"collection":[{"href":"https:\/\/www.herbamed.ch\/en\/wp-json\/wp\/v2\/product"}],"about":[{"href":"https:\/\/www.herbamed.ch\/en\/wp-json\/wp\/v2\/types\/product"}],"wp:featuredmedia":[{"embeddable":true,"href":"https:\/\/www.herbamed.ch\/en\/wp-json\/wp\/v2\/media\/919"}],"wp:attachment":[{"href":"https:\/\/www.herbamed.ch\/en\/wp-json\/wp\/v2\/media?parent=873"}],"wp:term":[{"taxonomy":"product_brand","embeddable":true,"href":"https:\/\/www.herbamed.ch\/en\/wp-json\/wp\/v2\/product_brand?post=873"},{"taxonomy":"product_cat","embeddable":true,"href":"https:\/\/www.herbamed.ch\/en\/wp-json\/wp\/v2\/product_cat?post=873"},{"taxonomy":"product_tag","embeddable":true,"href":"https:\/\/www.herbamed.ch\/en\/wp-json\/wp\/v2\/product_tag?post=873"}],"curies":[{"name":"wp","href":"https:\/\/api.w.org\/{rel}","templated":true}]}}