{"id":866,"date":"2021-08-23T09:03:37","date_gmt":"2021-08-23T07:03:37","guid":{"rendered":"http:\/\/new.herbamed.ch\/?post_type=product&#038;p=866"},"modified":"2022-01-12T09:31:47","modified_gmt":"2022-01-12T08:31:47","slug":"apium-graveolens-o-d1","status":"publish","type":"product","link":"https:\/\/www.herbamed.ch\/en\/product-2\/apium-graveolens-o-d1\/","title":{"rendered":"Apium graveolens \u00d8 = D1"},"content":{"rendered":"<h3>Vorkommen und Beschreibung<\/h3>\n<p>F\u00fcr medizinische Zwecke bedienen wir uns am Apium graveolens, dem Gartensellerie. Die Pflanze kann bis zu 1m hoch wachsen, besitzt eine knollige Wurzel und einen verzweigten Stengel. Apium graveolens enth\u00e4lt viel \u00e4th.\u00d6l, Flavonode, Furanocumarine, Vitamine und Mineralsalze. Wildwachsender Apium graveolens wird nicht mehr verwendet, da dieser schlecht schmeckt und als giftverd\u00e4chtig gilt. Magisches aus alten Zeiten: weil er so stark riecht, ist Sellerie traditionell en hexenabwehrendes Kraut und durfte bei einer Hochzeit als glc\u00fcksverheissendes Vorzeichen nicht fehlen. Ein winziges St\u00fcck Selleriewurzel sollte bei Braut und Br\u00e4utigam entweder im Schuh, im Hemd oder in einer Tasche stecken.<\/p>\n<p>&nbsp;<\/p>\n<h3>Anwendung der Pflanze<\/h3>\n<p>Apium graveolens wirkt wassertreibend und somit bei Blasen-\/ Nierenbeschwerden eingesetzt. Ebenso findet Apium graveolens Verwendung bei Nervenschw\u00e4che, chronischem Lungenleiden, Rheuma und Gicht. Auch als Suppengem\u00fcse und Gew\u00fcrz findet Apium graveolens regen Gebrauch.<\/p>\n<p>&nbsp;<\/p>\n<h3>Quelle(n)<\/h3>\n<ul>\n<li>M. Pahlow: das grosse Buch der Heilpflanzen<\/li>\n<li>Siegrid Hirsch: die Kr\u00e4uter in meinem Garten<\/li>\n<\/ul>","protected":false},"excerpt":{"rendered":"<p>F\u00fcr medizinische Zwecke bedienen wir uns am Apium graveolens, dem Gartensellerie. Die Pflanze kann bis zu 1m hoch wachsen, besitzt eine knollige Wurzel und einen verzweigten Stengel. Apium graveolens enth\u00e4lt viel \u00e4th.\u00d6l, Flavonode, Furanocumarine, Vitamine und Mineralsalze. Wildwachsender Apium graveolens wird nicht mehr verwendet, da dieser schlecht schmeckt und als giftverd\u00e4chtig gilt.<\/p>","protected":false},"featured_media":912,"template":"","meta":{"_monsterinsights_skip_tracking":false,"_monsterinsights_sitenote_active":false,"_monsterinsights_sitenote_note":"","_monsterinsights_sitenote_category":0},"product_brand":[],"product_cat":[2119,27,25],"product_tag":[],"class_list":{"0":"post-866","1":"product","2":"type-product","3":"status-publish","4":"has-post-thumbnail","6":"product_cat-b2b","7":"product_cat-urtinkturen","8":"product_cat-wirkstoffe","10":"first","11":"instock","12":"shipping-taxable","13":"purchasable","14":"product-type-simple"},"_links":{"self":[{"href":"https:\/\/www.herbamed.ch\/en\/wp-json\/wp\/v2\/product\/866","targetHints":{"allow":["GET"]}}],"collection":[{"href":"https:\/\/www.herbamed.ch\/en\/wp-json\/wp\/v2\/product"}],"about":[{"href":"https:\/\/www.herbamed.ch\/en\/wp-json\/wp\/v2\/types\/product"}],"wp:featuredmedia":[{"embeddable":true,"href":"https:\/\/www.herbamed.ch\/en\/wp-json\/wp\/v2\/media\/912"}],"wp:attachment":[{"href":"https:\/\/www.herbamed.ch\/en\/wp-json\/wp\/v2\/media?parent=866"}],"wp:term":[{"taxonomy":"product_brand","embeddable":true,"href":"https:\/\/www.herbamed.ch\/en\/wp-json\/wp\/v2\/product_brand?post=866"},{"taxonomy":"product_cat","embeddable":true,"href":"https:\/\/www.herbamed.ch\/en\/wp-json\/wp\/v2\/product_cat?post=866"},{"taxonomy":"product_tag","embeddable":true,"href":"https:\/\/www.herbamed.ch\/en\/wp-json\/wp\/v2\/product_tag?post=866"}],"curies":[{"name":"wp","href":"https:\/\/api.w.org\/{rel}","templated":true}]}}