{"id":865,"date":"2021-08-23T09:03:37","date_gmt":"2021-08-23T07:03:37","guid":{"rendered":"http:\/\/new.herbamed.ch\/?post_type=product&#038;p=865"},"modified":"2022-01-12T09:31:47","modified_gmt":"2022-01-12T08:31:47","slug":"apis-mellifica-o-d1","status":"publish","type":"product","link":"https:\/\/www.herbamed.ch\/en\/product-2\/apis-mellifica-o-d1\/","title":{"rendered":"Apis mellifica \u00d8 = D1"},"content":{"rendered":"<h3>Vorkommen und Beschreibung<\/h3>\n<p>Bei Apis mellifica handelt es sich um die Honigbiene. Verwendet werden die ganzen Bienen und zwar die Arbeiterinnen. Apis mellifica wird ganz verwendet samt Stachel und Gift. Selbstverst\u00e4ndlich wird grossen Wert auf eine schnelle und humane T\u00f6tung gelegt.<\/p>\n<p>&nbsp;<\/p>\n<h3>Anwendung des Materials<\/h3>\n<p>Apis mellifica wird besonders bei brennenden, stechenden Schmerzen, bl\u00e4schenartigen Schwellungen und \u00d6demen verwendet. Diese Symptome sind immer verbunden mit starker Empfindlichkeit gegen\u00fcber Ber\u00fchrung und Druck. Es wird \u00fcber brennende Schmerzen geklagt und man kann fast von Wehleidigkeit beim Patienten sprechen. Diese Leitsymptome von Apis mellifica f\u00fchren zu verschiedenen Krankheiten die sich auf diese Art zeigen k\u00f6nnen: Insektenstiche aller Art, Blasenentz\u00fcndungen mit brennenden und stechenden Schmerzen, \u00d6deme die glasig erscheinen wie sie gerne bei Allergien auftreten, dies gilt ebenso f\u00fcr Mund- und Rachenbeschwerden mit Atembehinderung. Die Beschwerden von Apis mellifica werden besser durch: Waschen, kalte Umschl\u00e4ge und k\u00fchle Umgebung. Eine Verschlimmerung durch: Ber\u00fchrung und Druck, Schlaf, Hitze, sowie heisse stickige R\u00e4ume.<\/p>","protected":false},"excerpt":{"rendered":"<p>Bei Apis mellifica handelt es sich um die Honigbiene. Verwendet werden die ganzen Bienen und zwar die Arbeiterinnen. Apis mellifica wird ganz verwendet samt Stachel und Gift. Selbstverst\u00e4ndlich wird grossen Wert auf eine schnelle und humane T\u00f6tung gelegt.<\/p>","protected":false},"featured_media":911,"template":"","meta":{"_monsterinsights_skip_tracking":false,"_monsterinsights_sitenote_active":false,"_monsterinsights_sitenote_note":"","_monsterinsights_sitenote_category":0},"product_brand":[],"product_cat":[2119,27,25],"product_tag":[],"class_list":{"0":"post-865","1":"product","2":"type-product","3":"status-publish","4":"has-post-thumbnail","6":"product_cat-b2b","7":"product_cat-urtinkturen","8":"product_cat-wirkstoffe","10":"first","11":"instock","12":"shipping-taxable","13":"purchasable","14":"product-type-simple"},"_links":{"self":[{"href":"https:\/\/www.herbamed.ch\/en\/wp-json\/wp\/v2\/product\/865","targetHints":{"allow":["GET"]}}],"collection":[{"href":"https:\/\/www.herbamed.ch\/en\/wp-json\/wp\/v2\/product"}],"about":[{"href":"https:\/\/www.herbamed.ch\/en\/wp-json\/wp\/v2\/types\/product"}],"wp:featuredmedia":[{"embeddable":true,"href":"https:\/\/www.herbamed.ch\/en\/wp-json\/wp\/v2\/media\/911"}],"wp:attachment":[{"href":"https:\/\/www.herbamed.ch\/en\/wp-json\/wp\/v2\/media?parent=865"}],"wp:term":[{"taxonomy":"product_brand","embeddable":true,"href":"https:\/\/www.herbamed.ch\/en\/wp-json\/wp\/v2\/product_brand?post=865"},{"taxonomy":"product_cat","embeddable":true,"href":"https:\/\/www.herbamed.ch\/en\/wp-json\/wp\/v2\/product_cat?post=865"},{"taxonomy":"product_tag","embeddable":true,"href":"https:\/\/www.herbamed.ch\/en\/wp-json\/wp\/v2\/product_tag?post=865"}],"curies":[{"name":"wp","href":"https:\/\/api.w.org\/{rel}","templated":true}]}}