{"id":864,"date":"2021-08-23T09:03:37","date_gmt":"2021-08-23T07:03:37","guid":{"rendered":"http:\/\/new.herbamed.ch\/?post_type=product&#038;p=864"},"modified":"2022-01-12T09:31:47","modified_gmt":"2022-01-12T08:31:47","slug":"angelica-archangelica-o-d1","status":"publish","type":"product","link":"https:\/\/www.herbamed.ch\/en\/product-2\/angelica-archangelica-o-d1\/","title":{"rendered":"Angelica archangelica \u00d8 = D1"},"content":{"rendered":"<h3>Vorkommen und Beschreibung<\/h3>\n<p>Angelica archangelica stammt aus dem hohen Norden und kommt wild vom Kaukasus bis nach Norwegen vor. Bei uns wird Angelica archangelica vorwiegend angebaut, ist leicht zu kultivieren, verwildert aber nicht. Angelica archangelica geh\u00f6rt zu den im ALlgemeinen eher schwer zu bestimmenden Doldenbl\u00fctlern. Als solche zieht sie sehr viele verschiedene Insekten zur Best\u00e4ubung an, die sich oft in grosser Anzahl auf der eher gr\u00fcnlichen (im Gegensatz zur weissen einheimischen Angelica silvestris) Bl\u00fcte niederlassen. Angelica archangelica wird sehr hoch, bis 2m hat grosse, doppelt fiederteilige Bl\u00e4tter. Charakteristisch sind die aufgebl\u00e4hten Blattsprosse. Besonders von der einheimischen Art Angelica silvestris l\u00e4sst sie sich kaum unterscheiden. Alle Pflanzenteile von Angelica archangelica duften stark nach Angelica archangelica deren Geruch sehr spezifisch aber schwer zu beschreiben ist, dies im Gegensatz zur einheimischen Art bei der nur die Samen und Wurzeln stark riechen. Angelica archangelica wird zwischen 2 und 4 Jahre alt und stirbt nach einmaligem Bl\u00fchen und Fruchten ab.<\/p>\n<p>&nbsp;<\/p>\n<h3>Anwendung der Pflanze<\/h3>\n<p>Angelica archangelica wird erst seit dem Mittelalter als Heilpflanze verwendet. In dieser Epoche wurde sie vorwiegend rituell als Schutzpflanze verwendet. Man ging davon aus, dass engelsgleiche Kr\u00e4fte in der Angelica archangelica stecken die vor b\u00f6sen Geistern wie zum Beispiel der Pest sch\u00fctzen. In der Angelica archangelica finden sich vorwiegend aromatische Bitterstoffe mit karminativer, cholagoger, und leicht spasmolytischer Wirkung. Das macht aus der Angelica archangelica ein vorz\u00fcgliches Mittel bei Magendr\u00fccken, nerv\u00f6sem Magen, Magen- und Darmkr\u00e4mpfen, Magenbrennen, Magenverstimmung, Bl\u00e4hungen, V\u00f6llegef\u00fchl nerv\u00f6sen Verdauungsst\u00f6rungen, Appetitlosigkeit, Aufstossen, Darmentz\u00fcndungen und alle funktionellen Dyspepsien sowie vegetativer Dystonien des Verdauungsapparats.<\/p>\n<p>&nbsp;<\/p>\n<p>&nbsp;<\/p>","protected":false},"excerpt":{"rendered":"<p>Vorkommen und Beschreibung Angelica archangelica stammt aus dem hohen Norden und kommt wild vom Kaukasus bis nach Norwegen vor. Bei uns wird Angelica archangelica vorwiegend angebaut, ist leicht zu kultivieren, verwildert aber nicht. Angelica archangelica geh\u00f6rt zu den im ALlgemeinen eher schwer zu bestimmenden Doldenbl\u00fctlern. Als solche zieht sie sehr viele verschiedene Insekten zur Best\u00e4ubung [&hellip;]<\/p>\n","protected":false},"featured_media":910,"template":"","meta":{"_monsterinsights_skip_tracking":false,"_monsterinsights_sitenote_active":false,"_monsterinsights_sitenote_note":"","_monsterinsights_sitenote_category":0},"product_brand":[],"product_cat":[2119,27,25],"product_tag":[],"class_list":{"0":"post-864","1":"product","2":"type-product","3":"status-publish","4":"has-post-thumbnail","6":"product_cat-b2b","7":"product_cat-urtinkturen","8":"product_cat-wirkstoffe","10":"first","11":"instock","12":"shipping-taxable","13":"purchasable","14":"product-type-simple"},"_links":{"self":[{"href":"https:\/\/www.herbamed.ch\/en\/wp-json\/wp\/v2\/product\/864","targetHints":{"allow":["GET"]}}],"collection":[{"href":"https:\/\/www.herbamed.ch\/en\/wp-json\/wp\/v2\/product"}],"about":[{"href":"https:\/\/www.herbamed.ch\/en\/wp-json\/wp\/v2\/types\/product"}],"wp:featuredmedia":[{"embeddable":true,"href":"https:\/\/www.herbamed.ch\/en\/wp-json\/wp\/v2\/media\/910"}],"wp:attachment":[{"href":"https:\/\/www.herbamed.ch\/en\/wp-json\/wp\/v2\/media?parent=864"}],"wp:term":[{"taxonomy":"product_brand","embeddable":true,"href":"https:\/\/www.herbamed.ch\/en\/wp-json\/wp\/v2\/product_brand?post=864"},{"taxonomy":"product_cat","embeddable":true,"href":"https:\/\/www.herbamed.ch\/en\/wp-json\/wp\/v2\/product_cat?post=864"},{"taxonomy":"product_tag","embeddable":true,"href":"https:\/\/www.herbamed.ch\/en\/wp-json\/wp\/v2\/product_tag?post=864"}],"curies":[{"name":"wp","href":"https:\/\/api.w.org\/{rel}","templated":true}]}}