{"id":863,"date":"2021-08-23T09:03:36","date_gmt":"2021-08-23T07:03:36","guid":{"rendered":"http:\/\/new.herbamed.ch\/?post_type=product&#038;p=863"},"modified":"2022-01-12T09:31:47","modified_gmt":"2022-01-12T08:31:47","slug":"amylium-nitrosum-o-d1","status":"publish","type":"product","link":"https:\/\/www.herbamed.ch\/en\/product-2\/amylium-nitrosum-o-d1\/","title":{"rendered":"Amylium nitrosum \u00d8 = D1"},"content":{"rendered":"<h3>Vorkommen und Beschreibung<\/h3>\n<p>Bei Amylium nitrosum handelt es sich um hom\u00f6opathisches Heilmittel, dessen Grundsubstanz das Isomerengemisch Amylnitrit ist. Amylium nitrosum, genauer gesagt Isopentylnitrit, ist ein chemischer Stoff mit gef\u00e4\u00dferweiternder Wirkung. Eben diese Eigenschaft ist der Ansatzpunkt f\u00fcr die Herstellung des besagten Hom\u00f6opathikums \u2013 als alkoholfreie Streuk\u00fcgelchen oder Tabletten auf Basis von Milchzucker oder als Dilution und Tropfen ohne Laktose.<\/p>\n<p>&nbsp;<\/p>\n<h3>Quelle(n)<\/h3>\n<ul>\n<li><a href=\"http:\/\/www.homoeopathiewelt.com\/einzelmittel\/amylium-nitrosum-amylnitrit-isopentylnitrit\/\">http:\/\/www.homoeopathiewelt.com\/einzelmittel\/amylium-nitrosum-amylnitrit-isopentylnitrit\/<\/a><\/li>\n<\/ul>","protected":false},"excerpt":{"rendered":"<p>Bei Amylium nitrosum handelt es sich um hom\u00f6opathisches Heilmittel, dessen Grundsubstanz das Isomerengemisch Amylnitrit ist. Amylium nitrosum, genauer gesagt Isopentylnitrit, ist ein chemischer Stoff mit gef\u00e4\u00dferweiternder Wirkung.<\/p>","protected":false},"featured_media":909,"template":"","meta":{"_monsterinsights_skip_tracking":false,"_monsterinsights_sitenote_active":false,"_monsterinsights_sitenote_note":"","_monsterinsights_sitenote_category":0},"product_brand":[],"product_cat":[2119,27,25],"product_tag":[],"class_list":{"0":"post-863","1":"product","2":"type-product","3":"status-publish","4":"has-post-thumbnail","6":"product_cat-b2b","7":"product_cat-urtinkturen","8":"product_cat-wirkstoffe","10":"first","11":"instock","12":"shipping-taxable","13":"purchasable","14":"product-type-simple"},"_links":{"self":[{"href":"https:\/\/www.herbamed.ch\/en\/wp-json\/wp\/v2\/product\/863","targetHints":{"allow":["GET"]}}],"collection":[{"href":"https:\/\/www.herbamed.ch\/en\/wp-json\/wp\/v2\/product"}],"about":[{"href":"https:\/\/www.herbamed.ch\/en\/wp-json\/wp\/v2\/types\/product"}],"wp:featuredmedia":[{"embeddable":true,"href":"https:\/\/www.herbamed.ch\/en\/wp-json\/wp\/v2\/media\/909"}],"wp:attachment":[{"href":"https:\/\/www.herbamed.ch\/en\/wp-json\/wp\/v2\/media?parent=863"}],"wp:term":[{"taxonomy":"product_brand","embeddable":true,"href":"https:\/\/www.herbamed.ch\/en\/wp-json\/wp\/v2\/product_brand?post=863"},{"taxonomy":"product_cat","embeddable":true,"href":"https:\/\/www.herbamed.ch\/en\/wp-json\/wp\/v2\/product_cat?post=863"},{"taxonomy":"product_tag","embeddable":true,"href":"https:\/\/www.herbamed.ch\/en\/wp-json\/wp\/v2\/product_tag?post=863"}],"curies":[{"name":"wp","href":"https:\/\/api.w.org\/{rel}","templated":true}]}}