{"id":859,"date":"2021-08-23T09:03:35","date_gmt":"2021-08-23T07:03:35","guid":{"rendered":"http:\/\/new.herbamed.ch\/?post_type=product&#038;p=859"},"modified":"2022-01-12T09:31:48","modified_gmt":"2022-01-12T08:31:48","slug":"ammi-visnaga-o-d1","status":"publish","type":"product","link":"https:\/\/www.herbamed.ch\/en\/product-2\/ammi-visnaga-o-d1\/","title":{"rendered":"Ammi visnaga \u00d8 = D1"},"content":{"rendered":"<h3>Vorkommen und Beschreibung<\/h3>\n<p>Das Bischofskraut, auch bekannt unter dem Namen &#171;Khella&#187;, geh\u00f6rt zu den Doldenbl\u00fctlern und w\u00e4chst in warmen Regionen am Mittelmeer, im vorderen Asien sowie in S\u00fcdamerika und Nordafrika. Die Pflanze schmeckt w\u00fcrzig und wurde im Orient einst zur Herstellung von Zahnstochern verwendet.<\/p>\n<p>&nbsp;<\/p>\n<h3>Anwendung der Pflanze<\/h3>\n<p>Ammi visnaga geh\u00f6rt zu den Krampfmitteln, dessen Wirkung sich insbesondere auf die glatte Muskulatur der Atemwege, auf die Herzkranzgef\u00e4\u00dfe und die Muskeln des Urogenitaltraktes erstreckt. Es wird daher bei Asthma, Gef\u00e4\u00dfverkalkung und Menstruationsbeschwerden angewendet, auch bei Gallen- und Nierenkoliken, \u00dcbelkeit sowie Migr\u00e4ne. In der hom\u00f6opathischen Therapie wird es bisher wenig eingesetzt.<\/p>\n<p>&nbsp;<\/p>\n<h3>Quelle(n)<\/h3>\n<ul>\n<li><a href=\"https:\/\/www.hallo-homoeopathie.de\/mittel\/ammi-visnaga\" target=\"_blank\" rel=\"noopener noreferrer\">https:\/\/www.hallo-homoeopathie.de\/mittel\/ammi-visnaga<\/a><\/li>\n<li>Karl Hiller: Lexikon der Arnzeipflanzen und Drogen<\/li>\n<\/ul>","protected":false},"excerpt":{"rendered":"<p>Das Bischofskraut, auch bekannt unter dem Namen &#171;Khella&#187;, geh\u00f6rt zu den Doldenbl\u00fctlern und w\u00e4chst in warmen Regionen am Mittelmeer, im vorderen Asien sowie in S\u00fcdamerika und Nordafrika. Die Pflanze schmeckt w\u00fcrzig und wurde im Orient einst zur Herstellung von Zahnstochern verwendet.<\/p>","protected":false},"featured_media":889,"template":"","meta":{"_monsterinsights_skip_tracking":false,"_monsterinsights_sitenote_active":false,"_monsterinsights_sitenote_note":"","_monsterinsights_sitenote_category":0},"product_brand":[],"product_cat":[2119,27,25],"product_tag":[],"class_list":{"0":"post-859","1":"product","2":"type-product","3":"status-publish","4":"has-post-thumbnail","6":"product_cat-b2b","7":"product_cat-urtinkturen","8":"product_cat-wirkstoffe","10":"first","11":"instock","12":"shipping-taxable","13":"purchasable","14":"product-type-simple"},"_links":{"self":[{"href":"https:\/\/www.herbamed.ch\/en\/wp-json\/wp\/v2\/product\/859","targetHints":{"allow":["GET"]}}],"collection":[{"href":"https:\/\/www.herbamed.ch\/en\/wp-json\/wp\/v2\/product"}],"about":[{"href":"https:\/\/www.herbamed.ch\/en\/wp-json\/wp\/v2\/types\/product"}],"wp:featuredmedia":[{"embeddable":true,"href":"https:\/\/www.herbamed.ch\/en\/wp-json\/wp\/v2\/media\/889"}],"wp:attachment":[{"href":"https:\/\/www.herbamed.ch\/en\/wp-json\/wp\/v2\/media?parent=859"}],"wp:term":[{"taxonomy":"product_brand","embeddable":true,"href":"https:\/\/www.herbamed.ch\/en\/wp-json\/wp\/v2\/product_brand?post=859"},{"taxonomy":"product_cat","embeddable":true,"href":"https:\/\/www.herbamed.ch\/en\/wp-json\/wp\/v2\/product_cat?post=859"},{"taxonomy":"product_tag","embeddable":true,"href":"https:\/\/www.herbamed.ch\/en\/wp-json\/wp\/v2\/product_tag?post=859"}],"curies":[{"name":"wp","href":"https:\/\/api.w.org\/{rel}","templated":true}]}}