{"id":854,"date":"2021-08-23T09:03:34","date_gmt":"2021-08-23T07:03:34","guid":{"rendered":"http:\/\/new.herbamed.ch\/?post_type=product&#038;p=854"},"modified":"2022-01-12T09:31:48","modified_gmt":"2022-01-12T08:31:48","slug":"alpinia-officinarum-o-d1","status":"publish","type":"product","link":"https:\/\/www.herbamed.ch\/en\/product-2\/alpinia-officinarum-o-d1\/","title":{"rendered":"Alpinia officinarum \u00d8 = D1"},"content":{"rendered":"<h3>Vorkommen und Beschreibung<\/h3>\n<p>Die Staude der Alpinia officinarum wird 1.5 m hoch, tr\u00e4gt zweizeilig angeordnete Bl\u00e4tter die bis zu 30 cm lang und sehr schmal lanzettlich sind. Die Wurzel der Alpinia officinarum kriecht waagrecht unter der Erde, verzweigt sich sehr stark und wird nach etwa 10-j\u00e4hriger Entwicklung gegraben.<\/p>\n<p>&nbsp;<\/p>\n<h3>Anwendung der Pflanze<\/h3>\n<p>Die Inhaltsstoffe von Alpinia officinarum erlauben den Einsatz der Droge bei Appetitlosigkeit, saftlosem Magen und &#171;m\u00fcder&#187; Galle. Alpinia officinarum eignet sich aufgrund seines scharf aromatischen Geschmacks auch sehr gut als W\u00fcrzmittel f\u00fcr Gem\u00fcseeint\u00f6pfe, Kartoffelsuppe, Gulasch und v.m. Galgant ist dem Ingwer sehr \u00e4hnlich, doch er besitzt eine eigene Note die als scharf- aromatisch- bitte bezeichnet werden kann.<\/p>\n<p>&nbsp;<\/p>\n<h3>Quelle(n)<\/h3>\n<ul>\n<li>M. Palow: das grosse Buch der Heilpflanzen<\/li>\n<li><a href=\"https:\/\/heilkraeuter.de\/lexikon\/galgant.htm\" target=\"_blank\" rel=\"noopener noreferrer\">https:\/\/heilkraeuter.de\/lexikon\/galgant.htm<\/a><\/li>\n<\/ul>","protected":false},"excerpt":{"rendered":"<p>Die Staude der Alpinia officinarum wird 1.5 m hoch, tr\u00e4gt zweizeilig angeordnete Bl\u00e4tter die bis zu 30 cm lang und sehr schmal lanzettlich sind. Die Wurzel der Alpinia officinarum kriecht waagrecht unter der Erde, verzweigt sich sehr stark und wird nach etwa 10-j\u00e4hriger Entwicklung gegraben.<\/p>","protected":false},"featured_media":884,"template":"","meta":{"_monsterinsights_skip_tracking":false,"_monsterinsights_sitenote_active":false,"_monsterinsights_sitenote_note":"","_monsterinsights_sitenote_category":0},"product_brand":[],"product_cat":[2119,27,25],"product_tag":[],"class_list":{"0":"post-854","1":"product","2":"type-product","3":"status-publish","4":"has-post-thumbnail","6":"product_cat-b2b","7":"product_cat-urtinkturen","8":"product_cat-wirkstoffe","10":"first","11":"instock","12":"shipping-taxable","13":"purchasable","14":"product-type-simple"},"_links":{"self":[{"href":"https:\/\/www.herbamed.ch\/en\/wp-json\/wp\/v2\/product\/854","targetHints":{"allow":["GET"]}}],"collection":[{"href":"https:\/\/www.herbamed.ch\/en\/wp-json\/wp\/v2\/product"}],"about":[{"href":"https:\/\/www.herbamed.ch\/en\/wp-json\/wp\/v2\/types\/product"}],"wp:featuredmedia":[{"embeddable":true,"href":"https:\/\/www.herbamed.ch\/en\/wp-json\/wp\/v2\/media\/884"}],"wp:attachment":[{"href":"https:\/\/www.herbamed.ch\/en\/wp-json\/wp\/v2\/media?parent=854"}],"wp:term":[{"taxonomy":"product_brand","embeddable":true,"href":"https:\/\/www.herbamed.ch\/en\/wp-json\/wp\/v2\/product_brand?post=854"},{"taxonomy":"product_cat","embeddable":true,"href":"https:\/\/www.herbamed.ch\/en\/wp-json\/wp\/v2\/product_cat?post=854"},{"taxonomy":"product_tag","embeddable":true,"href":"https:\/\/www.herbamed.ch\/en\/wp-json\/wp\/v2\/product_tag?post=854"}],"curies":[{"name":"wp","href":"https:\/\/api.w.org\/{rel}","templated":true}]}}