{"id":852,"date":"2021-08-23T09:03:33","date_gmt":"2021-08-23T07:03:33","guid":{"rendered":"http:\/\/new.herbamed.ch\/?post_type=product&#038;p=852"},"modified":"2022-01-12T09:31:48","modified_gmt":"2022-01-12T08:31:48","slug":"allium-ursinum-o","status":"publish","type":"product","link":"https:\/\/www.herbamed.ch\/en\/product-2\/allium-ursinum-o\/","title":{"rendered":"Allium ursinum \u00d8"},"content":{"rendered":"<h3>Vorkommen und Beschreibung<\/h3>\n<p>Allium ursinum geh\u00f6rt wie seine Verwandten Knoblauch und Zwiebel zu den Lauchgew\u00e4chsen (Alliaceae). Er w\u00e4chst bevorzugt an schattigen, feuchten Standorten mit humusreichen B\u00f6den wie sie Auw\u00e4lder, feuchte Laubw\u00e4lder aber auch feuchte und eher schattige G\u00e4rten bieten. Wo es Allium ursinum passt, dort breitet er sich richtiggehend invasiv aus. Als urspr\u00fcnglich europ\u00e4ische Pflanze w\u00e4chst er heute Weltweit. Aus einer l\u00e4nglichen von H\u00e4uten umgebenen Zwiebel wachsen schon im Februar bis April die grundst\u00e4ndigen Bl\u00e4tter die gestielt und mit eilanzettlicher Form bis 20cm lang werden. Die Bl\u00e4tter sind im Fr\u00fchstadium nach hinten aufgerollt. Ihren charakteristischen Geruch geben die Bl\u00e4tter von Allium ursinum nur beim Verreiben oder beim Anschneiden preis. Ab April bis Mai w\u00e4chst die Bl\u00fcte aus einem bis 25cm langen Stiel, an dessen Spitze die weissen, sternf\u00f6rmigen Bl\u00fcten zu einer Scheindolde angeordnet sind. Sobald die Bl\u00fcten aufgehen verstr\u00f6men sie den typischen B\u00e4rlauchgeruch. Bald nach der Bl\u00fcte zieht sich die Pflanze komplett zur\u00fcck und hinterl\u00e4sst nicht einmal mehr eine Idee von ihrem \u00fcppigen Erscheinen im Fr\u00fchling. Entgegen anderslautender Ger\u00fcchte sind alle Pflanzenteile von Allium ursinum essbar.<\/p>\n<p>&nbsp;<\/p>\n<h3>Anwendung der Pflanze<\/h3>\n<p>Allium ursinum wird aufgrund der schwefeligen Verbindungen \u00e4hnlich wie Allium sativum gebraucht. Der Gehalt dieser schwefeligen Verbindungen ist jedoch um ca. 1\/3 niedriger was in der entsprechenden Dosierung angepasst werden muss. Der Vorteil ist, dass Allium ursinum oftmals von Allium sativum-intoleranten Patienten gut vertragen wird. F\u00fcr Allium ursinum liegt eine beachtliche ACE-Hemmung vor. Auch ein antiarteriosklerotischer Effekt liegt vor, indem die Schaumzellenmobilit\u00e4t beeinflusst wird. Eine kardioprotektive Wirkung konnte in vitro nachgewiesen werden. Es liegen antioxydative Effekte vor die, die Blutfettwerte positiv beeinflussen. Wegen der antibakteriellen Wirkung wird Allium ursinum als Karminativum bei G\u00e4hrungsdyspepsien gesch\u00e4tzt. In der Volksheilkunde wird Allium ursinum \u00e4usserlich bei chronischen Hautausschl\u00e4gen appliziert. Allium ursinum gilt in der Volksheilkunde als Blutreiniger und wird f\u00fcr Fr\u00fchjahrskuren gesch\u00e4tzt. Es wird ihm sogar die F\u00e4higkeit Schwermetalle wie Quecksilber zu binden und auszuleiten zugesprochen.<\/p>","protected":false},"excerpt":{"rendered":"<p>Allium ursinum geh\u00f6rt wie seine Verwandten Knoblauch und Zwiebel zu den Lauchgew\u00e4chsen (Alliaceae). Er w\u00e4chst bevorzugt an schattigen, feuchten Standorten mit humusreichen B\u00f6den wie sie Auw\u00e4lder, feuchte Laubw\u00e4lder aber auch feuchte und eher schattige G\u00e4rten bieten. Wo es Allium ursinum passt, dort breitet er sich richtiggehend invasiv aus.<\/p>","protected":false},"featured_media":882,"template":"","meta":{"_monsterinsights_skip_tracking":false,"_monsterinsights_sitenote_active":false,"_monsterinsights_sitenote_note":"","_monsterinsights_sitenote_category":0},"product_brand":[],"product_cat":[2119,27,25],"product_tag":[],"class_list":{"0":"post-852","1":"product","2":"type-product","3":"status-publish","4":"has-post-thumbnail","6":"product_cat-b2b","7":"product_cat-urtinkturen","8":"product_cat-wirkstoffe","10":"first","11":"instock","12":"shipping-taxable","13":"purchasable","14":"product-type-simple"},"_links":{"self":[{"href":"https:\/\/www.herbamed.ch\/en\/wp-json\/wp\/v2\/product\/852","targetHints":{"allow":["GET"]}}],"collection":[{"href":"https:\/\/www.herbamed.ch\/en\/wp-json\/wp\/v2\/product"}],"about":[{"href":"https:\/\/www.herbamed.ch\/en\/wp-json\/wp\/v2\/types\/product"}],"wp:featuredmedia":[{"embeddable":true,"href":"https:\/\/www.herbamed.ch\/en\/wp-json\/wp\/v2\/media\/882"}],"wp:attachment":[{"href":"https:\/\/www.herbamed.ch\/en\/wp-json\/wp\/v2\/media?parent=852"}],"wp:term":[{"taxonomy":"product_brand","embeddable":true,"href":"https:\/\/www.herbamed.ch\/en\/wp-json\/wp\/v2\/product_brand?post=852"},{"taxonomy":"product_cat","embeddable":true,"href":"https:\/\/www.herbamed.ch\/en\/wp-json\/wp\/v2\/product_cat?post=852"},{"taxonomy":"product_tag","embeddable":true,"href":"https:\/\/www.herbamed.ch\/en\/wp-json\/wp\/v2\/product_tag?post=852"}],"curies":[{"name":"wp","href":"https:\/\/api.w.org\/{rel}","templated":true}]}}