{"id":833,"date":"2021-08-23T09:03:10","date_gmt":"2021-08-23T07:03:10","guid":{"rendered":"http:\/\/new.herbamed.ch\/?post_type=product&#038;p=833"},"modified":"2022-01-12T09:31:49","modified_gmt":"2022-01-12T08:31:49","slug":"agrimonia-eupatoria-o","status":"publish","type":"product","link":"https:\/\/www.herbamed.ch\/en\/product-2\/agrimonia-eupatoria-o\/","title":{"rendered":"Agrimonia eupatoria \u00d8"},"content":{"rendered":"<h3>Vorkommen und Beschreibung<\/h3>\n<p>Agrimonia eupatoria ist eine anspruchslose, mehrj\u00e4hrige, winterharte und ausdauernde Pflanze, die Wuchsh\u00f6hen bis zu 1,20 Meter erreichen kann. Im Durchschnitt erreicht sich H\u00f6hen zwischen 60 und 100 cm. Die gelben Bl\u00fcten sind lang gestreckt und traubenartig angeordnet, es handelt sich um einfache Scheibenblumen, die zur Gewinnung des Odermennigkrauts Agrimonia eupatoria verwendet werden.<\/p>\n<p>&nbsp;<\/p>\n<h3>Anwendung der Pflanze<\/h3>\n<p>Im Mittelalter galt Agrimonia eupatoria als eine sehr m\u00e4chtige Heilpflanze, die u.a. bei Verdauungsbeschwerden oder schwerem Husten verwendet wurde. In der Neuzeit hat die Pflanze viel von ihrem alten Glanz verloren und wurde nur noch selten eingesetzt. In den letzten Jahren hat die Naturheilkunde das alte Heilkraut wiederentdeckt und setzt Agrimonia eupatoria gerne bei Durchfallerkrankungen oder Entz\u00fcndungen ein. Agrimonia eupatoria ist eine typische Gerbstoffdroge, denen eine entz\u00fcndungshemmende, antibakterielle, antivirale, adstringierende (zusammenziehende) Wirkung nachgesagt wird. Auf den adstringierenden Effekt von Agrimonia eupatoria vertraut man vor allem bei Entz\u00fcndungen der Haut.<\/p>\n<p>&nbsp;<\/p>\n<h3>Quelle(n)<\/h3>\n<ul>\n<li><a href=\"https:\/\/www.kraeuter-buch.de\/kraeuter\/Odermennig.html\" target=\"_blank\" rel=\"noopener noreferrer\">https:\/\/www.kraeuter-buch.de\/kraeuter\/Odermennig.html<\/a><\/li>\n<li>M. Palow: das grosse Buch der Heilpflanzen<\/li>\n<\/ul>","protected":false},"excerpt":{"rendered":"<p>Agrimonia eupatoria ist eine anspruchslose, mehrj\u00e4hrige, winterharte und ausdauernde Pflanze, die Wuchsh\u00f6hen bis zu 1,20 Meter erreichen kann. Im Durchschnitt erreicht sich H\u00f6hen zwischen 60 und 100 cm.\u00a0Die gelben Bl\u00fcten sind lang gestreckt und traubenartig angeordnet, es handelt sich um einfache Scheibenblumen, die zur Gewinnung des Odermennigkrauts Agrimonia eupatoria verwendet werden.<\/p>","protected":false},"featured_media":877,"template":"","meta":{"_monsterinsights_skip_tracking":false,"_monsterinsights_sitenote_active":false,"_monsterinsights_sitenote_note":"","_monsterinsights_sitenote_category":0},"product_brand":[],"product_cat":[2119,27,25],"product_tag":[],"class_list":{"0":"post-833","1":"product","2":"type-product","3":"status-publish","4":"has-post-thumbnail","6":"product_cat-b2b","7":"product_cat-urtinkturen","8":"product_cat-wirkstoffe","10":"first","11":"instock","12":"shipping-taxable","13":"purchasable","14":"product-type-simple"},"_links":{"self":[{"href":"https:\/\/www.herbamed.ch\/en\/wp-json\/wp\/v2\/product\/833","targetHints":{"allow":["GET"]}}],"collection":[{"href":"https:\/\/www.herbamed.ch\/en\/wp-json\/wp\/v2\/product"}],"about":[{"href":"https:\/\/www.herbamed.ch\/en\/wp-json\/wp\/v2\/types\/product"}],"wp:featuredmedia":[{"embeddable":true,"href":"https:\/\/www.herbamed.ch\/en\/wp-json\/wp\/v2\/media\/877"}],"wp:attachment":[{"href":"https:\/\/www.herbamed.ch\/en\/wp-json\/wp\/v2\/media?parent=833"}],"wp:term":[{"taxonomy":"product_brand","embeddable":true,"href":"https:\/\/www.herbamed.ch\/en\/wp-json\/wp\/v2\/product_brand?post=833"},{"taxonomy":"product_cat","embeddable":true,"href":"https:\/\/www.herbamed.ch\/en\/wp-json\/wp\/v2\/product_cat?post=833"},{"taxonomy":"product_tag","embeddable":true,"href":"https:\/\/www.herbamed.ch\/en\/wp-json\/wp\/v2\/product_tag?post=833"}],"curies":[{"name":"wp","href":"https:\/\/api.w.org\/{rel}","templated":true}]}}