{"id":832,"date":"2021-08-23T09:03:10","date_gmt":"2021-08-23T07:03:10","guid":{"rendered":"http:\/\/new.herbamed.ch\/?post_type=product&#038;p=832"},"modified":"2022-01-12T09:31:49","modified_gmt":"2022-01-12T08:31:49","slug":"aethusa-cynapium-o","status":"publish","type":"product","link":"https:\/\/www.herbamed.ch\/en\/product-2\/aethusa-cynapium-o\/","title":{"rendered":"Aethusa cynapium \u00d8"},"content":{"rendered":"<h3>Vorkommen und Beschreibung<\/h3>\n<p>Aethusa cynapium geh\u00f6rt zu den Doldenbl\u00fctlern, die einige mehr oder weniger stark giftige Pflanzen unserer Breiten unter sich vereinen. Sie ist ein typisches Ackerunkraut, da sie kalkhaltige und n\u00e4hrstoffreiche B\u00f6den liebt, die h\u00e4ufig aufgelockert werden. Deshalb siedelt sie auch gerne in Hausg\u00e4rten. Vom Acker breitet sie sich gerne an den Wegen entlang und auf anliegenden Weiden aus. Aethusa cynapium sieht anderen Doldenbl\u00fctlern zum Verwechseln \u00e4hnlich. Sie bl\u00fcht wei\u00df in Dolden mit mehreren Bl\u00fctenstrahlen und kann eine imposante H\u00f6he bis zu einem Meter erreichen. Vor Verwechslungen kann ihr unangenehmer Geruch bewahren, der als etwas knoblauch\u00e4hnlich beschrieben wird, die Aethusa cynapium entwickelt wei\u00dfe Bl\u00fcten und hat stark gl\u00e4nzende Blattunterseiten.<\/p>\n<p>&nbsp;<\/p>\n<h3>Anwendung der Pflanze<\/h3>\n<p>Aethusa cynapium ist keine offizielle Droge, Anwendung in der Volksheilkunde zur Schmerzbehandlung, bei gastrointestinalen Beschwerden, Durchf\u00e4llen und Kr\u00e4mpfen. Ausschliesslich hom\u00f6opathisch, da Aethusa cynapium stark giftig ist.<\/p>\n<p>&nbsp;<\/p>\n<h3>Quelle(n)<\/h3>\n<ul>\n<li>Die Kr\u00e4uter in meinem Garten- Siegrid Hirsch&amp; Felix Gr\u00fcnberger<\/li>\n<li>Lexikon der Arnzeipflanzen und Drogen Karl Hiller<\/li>\n<\/ul>","protected":false},"excerpt":{"rendered":"<p>Vorkommen und Beschreibung Aethusa cynapium geh\u00f6rt zu den Doldenbl\u00fctlern, die einige mehr oder weniger stark giftige Pflanzen unserer Breiten unter sich vereinen. Sie ist ein typisches Ackerunkraut, da sie kalkhaltige und n\u00e4hrstoffreiche B\u00f6den liebt, die h\u00e4ufig aufgelockert werden. Deshalb siedelt sie auch gerne in Hausg\u00e4rten. Vom Acker breitet sie sich gerne an den Wegen entlang [&hellip;]<\/p>\n","protected":false},"featured_media":876,"template":"","meta":{"_monsterinsights_skip_tracking":false,"_monsterinsights_sitenote_active":false,"_monsterinsights_sitenote_note":"","_monsterinsights_sitenote_category":0},"product_brand":[],"product_cat":[2119,27,25],"product_tag":[],"class_list":{"0":"post-832","1":"product","2":"type-product","3":"status-publish","4":"has-post-thumbnail","6":"product_cat-b2b","7":"product_cat-urtinkturen","8":"product_cat-wirkstoffe","10":"first","11":"instock","12":"shipping-taxable","13":"purchasable","14":"product-type-simple"},"_links":{"self":[{"href":"https:\/\/www.herbamed.ch\/en\/wp-json\/wp\/v2\/product\/832","targetHints":{"allow":["GET"]}}],"collection":[{"href":"https:\/\/www.herbamed.ch\/en\/wp-json\/wp\/v2\/product"}],"about":[{"href":"https:\/\/www.herbamed.ch\/en\/wp-json\/wp\/v2\/types\/product"}],"wp:featuredmedia":[{"embeddable":true,"href":"https:\/\/www.herbamed.ch\/en\/wp-json\/wp\/v2\/media\/876"}],"wp:attachment":[{"href":"https:\/\/www.herbamed.ch\/en\/wp-json\/wp\/v2\/media?parent=832"}],"wp:term":[{"taxonomy":"product_brand","embeddable":true,"href":"https:\/\/www.herbamed.ch\/en\/wp-json\/wp\/v2\/product_brand?post=832"},{"taxonomy":"product_cat","embeddable":true,"href":"https:\/\/www.herbamed.ch\/en\/wp-json\/wp\/v2\/product_cat?post=832"},{"taxonomy":"product_tag","embeddable":true,"href":"https:\/\/www.herbamed.ch\/en\/wp-json\/wp\/v2\/product_tag?post=832"}],"curies":[{"name":"wp","href":"https:\/\/api.w.org\/{rel}","templated":true}]}}