{"id":829,"date":"2021-08-23T09:03:09","date_gmt":"2021-08-23T07:03:09","guid":{"rendered":"http:\/\/new.herbamed.ch\/?post_type=product&#038;p=829"},"modified":"2022-01-12T09:31:49","modified_gmt":"2022-01-12T08:31:49","slug":"acorus-calamus-o-d1","status":"publish","type":"product","link":"https:\/\/www.herbamed.ch\/en\/product-2\/acorus-calamus-o-d1\/","title":{"rendered":"Acorus calamus \u00d8 = D1"},"content":{"rendered":"<h3>Vorkommen und Beschreibung<\/h3>\n<p>Acorus calamus stammt urspr\u00fcnglich aus Ostasien und ist heute weltweit verbreitet. Die feuchtigkeitsliebende Pflanze kommt vorwiegend in Sumpfgebieten und R\u00f6hricht vor und ist darum relativ selten anzutreffen, aber lokal sehr h\u00e4ufig. Acorus calamus geh\u00f6rt zu den Kalmusgew\u00e4chsen (Acoraceae). Die ganze Pflanze ist aromatisch riechend. Aus dem weitverzweigten bis 3cm dicken Wurzelstock treiben die schwertf\u00f6rmigen, schilf\u00e4hnlichen bis 1m langen Bl\u00e4tter die am Rand gerne gewellt sind. Aus den Bl\u00e4ttern entspringt der Bl\u00fchkolben mit kleinen, unscheinbaren, gr\u00fcnlichen Bl\u00fcten. Bei uns in Mitteleuropa k\u00f6nnen die Samen nicht ausreifen, Acorus calamus ist auf vegetative Vermehrung angewiesen. Vermutlich wurde Acorus calamus wegen seiner Wirkung ab 1560 bei uns eingef\u00fchrt. Acorus calamus wird gleichermassen in der Medizin wie auch in der Kosmetik verwendet und war vor 1560 ein sehr beliebtes Importprodukt.<\/p>\n<p>&nbsp;<\/p>\n<h3>Anwendung der Pflanze<\/h3>\n<p>Acorus calamus zeigt eine sehr tonisierende und sekretionsf\u00f6rdernde Wirkung auf den Magen. Der Appetit wird angeregt. Insbesondere wird Acorus calamus bei Appetitlosigkeit asthenischer, neuropathischer, junger M\u00e4dchen empfohlen. Auch bei Anorexia nervosa ist die Anwendung von Acorus calamus zu empfehlen. Zudem liegen Erfahrungsberichte vor, dass Acorus calamus bei Appetitlosigkeit infolge eines Karzinoms helfen kann. Bei nerv\u00f6s bedingten Magen-Darm-St\u00f6rungen, bei Motilit\u00e4tsst\u00f6rungen und Koliken des Gastrointestinaltrakts, Meteorismus und V\u00f6llegef\u00fchl ist Acorus calamus die Pflanze der Wahl. Die Volksmedizin deutet das Wachstum der Bl\u00fcte auf Grund der Signaturenlehre als Zeichen f\u00fcr die Indikation bei Erektionsst\u00f6rungen. Diese Idee ist nicht von der Hand zu weisen da die allgemein tonussteigernde Wirkung dieses bitteren aromaticas sicher auch positiv auf erektile Dysfunktionen wirkt.<\/p>\n<p>&nbsp;<\/p>\n<h3>Quelle(n)<\/h3>\n<ul>\n<li><a href=\"https:\/\/de.wikipedia.org\/wiki\/Kalmus_(Art)\" target=\"_blank\" rel=\"noopener noreferrer\">https:\/\/de.wikipedia.org\/wiki\/Kalmus_(Art)<\/a><\/li>\n<\/ul>","protected":false},"excerpt":{"rendered":"<p>Acorus calamus stammt urspr\u00fcnglich aus Ostasien und ist heute weltweit verbreitet. Die feuchtigkeitsliebende Pflanze kommt vorwiegend in Sumpfgebieten und R\u00f6hricht vor und ist darum relativ selten anzutreffen, aber lokal sehr h\u00e4ufig. Acorus calamus geh\u00f6rt zu den Kalmusgew\u00e4chsen (Acoraceae). Die ganze Pflanze ist aromatisch riechend.<\/p>","protected":false},"featured_media":848,"template":"","meta":{"_monsterinsights_skip_tracking":false,"_monsterinsights_sitenote_active":false,"_monsterinsights_sitenote_note":"","_monsterinsights_sitenote_category":0},"product_brand":[],"product_cat":[2119,27,25],"product_tag":[],"class_list":{"0":"post-829","1":"product","2":"type-product","3":"status-publish","4":"has-post-thumbnail","6":"product_cat-b2b","7":"product_cat-urtinkturen","8":"product_cat-wirkstoffe","10":"first","11":"instock","12":"shipping-taxable","13":"purchasable","14":"product-type-simple"},"_links":{"self":[{"href":"https:\/\/www.herbamed.ch\/en\/wp-json\/wp\/v2\/product\/829","targetHints":{"allow":["GET"]}}],"collection":[{"href":"https:\/\/www.herbamed.ch\/en\/wp-json\/wp\/v2\/product"}],"about":[{"href":"https:\/\/www.herbamed.ch\/en\/wp-json\/wp\/v2\/types\/product"}],"wp:featuredmedia":[{"embeddable":true,"href":"https:\/\/www.herbamed.ch\/en\/wp-json\/wp\/v2\/media\/848"}],"wp:attachment":[{"href":"https:\/\/www.herbamed.ch\/en\/wp-json\/wp\/v2\/media?parent=829"}],"wp:term":[{"taxonomy":"product_brand","embeddable":true,"href":"https:\/\/www.herbamed.ch\/en\/wp-json\/wp\/v2\/product_brand?post=829"},{"taxonomy":"product_cat","embeddable":true,"href":"https:\/\/www.herbamed.ch\/en\/wp-json\/wp\/v2\/product_cat?post=829"},{"taxonomy":"product_tag","embeddable":true,"href":"https:\/\/www.herbamed.ch\/en\/wp-json\/wp\/v2\/product_tag?post=829"}],"curies":[{"name":"wp","href":"https:\/\/api.w.org\/{rel}","templated":true}]}}