{"id":828,"date":"2021-08-23T09:03:09","date_gmt":"2021-08-23T07:03:09","guid":{"rendered":"http:\/\/new.herbamed.ch\/?post_type=product&#038;p=828"},"modified":"2022-01-12T09:31:49","modified_gmt":"2022-01-12T08:31:49","slug":"aconitum-napellus-o","status":"publish","type":"product","link":"https:\/\/www.herbamed.ch\/en\/product-2\/aconitum-napellus-o\/","title":{"rendered":"Aconitum napellus \u00d8"},"content":{"rendered":"<h3>Vorkommen und Beschreibung<\/h3>\n<p>Aconitum napellus ist eine Pflanze die vorwiegend im Gebirgsraum in Europa, Asien und Nordamerika, bis 3000m H\u00f6he vorkommt. Als attraktive Gartenpflanze wird Aconitum napellus oft kultiviert und gedeiht so auch verbreitet im Mittelland. Aconitum napellus bevorzugt schattige Lagen. Das 40-160cm hohe Hahnenfussgew\u00e4chs (Ranunculaceae) w\u00e4chst aufrecht. Die Bl\u00e4tter bestehen aus 5-7 bis zum Grunde getrennten Abschnitten die diese in Zipfel aufteilen. Die teifblauen Bl\u00fcten sitzen in einem langen \u00e4hrenartigen Bl\u00fctenstand am Ende des St\u00e4ngels. Das obere Blumenblatt ist breit Helmf\u00f6rmig darin eingeschlossen sind zwei langgestielte Honigbl\u00e4tter. Aconitum napellus ist die giftigste Pflanze Mitteleuropas! Darum wird Aconitum napellus in manchen Gegenden auch Erbpulver genannt. Die Todesstrafe wurde damit vollstrekt und unliebsame Zeitgenossen eliminiert. In Asien wachsen jedoch weitere noch giftigere Aconitum-Arten.<\/p>\n<p>&nbsp;<\/p>\n<h3>Anwendung der Pflanze<\/h3>\n<p>Aconitum napellus wird nur sehr tief dosiert eingesetzt. Die H\u00f6chstmenge f\u00fcr die phytotherapeutische Nutzung betr\u00e4gt 0.1ml der Tinktur als Einzeldosis. Aconitum napellus wirkt direkt im ZNS: schon in kleiner Menge wird die Ausschaltung der sensiblen Nerven erreicht was das Schmerzempfinden zum Erl\u00f6schen bringt. Auch \u00e4usserlich wirkt es an\u00e4sthesierend und wird gut resorbiert und vertragen. Das Haupteinsatzgebiet liegt bei Neuralgien besonders bei Trigeminusneuralgien konnten gute Erfolge bei geringer Nebenwirkungen beobachtet werden. Eine h\u00f6here Dosierung f\u00fchrt zu Bradykardie und Blutdruckabfall. Darum wird Aconitum napellus eher als hom\u00f6opathisches Mittel verabreicht. Hier wird es bei folgenden Leitsymptomen eingesetzt: Akute, st\u00fcrmisch einsetzende Infektionen, besonders nach abruptem Temperatur- und Klimawechsel. \u00c4ngste, Schreck und vor allem Todesangst zeigt sich bei Kranken deutlich. Brennende Schmerzen, Taubheits- und Kribbelgef\u00fchl. Besser werden die Beschwerden von Aconitum napellus durch: Frische Luft, W\u00e4rme. Schlechter durch stickige R\u00e4ume, Musik, Liegen auf der schmerzhaften Seite.<\/p>","protected":false},"excerpt":{"rendered":"<p>Aconitum napellus ist eine Pflanze die vorwiegend im Gebirgsraum in Europa, Asien und Nordamerika, bis 3000m H\u00f6he vorkommt. Als attraktive Gartenpflanze wird Aconitum napellus oft kultiviert und gedeiht so auch verbreitet im Mittelland. Aconitum napellus bevorzugt schattige Lagen. Das 40-160cm hohe Hahnenfussgew\u00e4chs (Ranunculaceae) w\u00e4chst aufrecht.<\/p>","protected":false},"featured_media":847,"template":"","meta":{"_monsterinsights_skip_tracking":false,"_monsterinsights_sitenote_active":false,"_monsterinsights_sitenote_note":"","_monsterinsights_sitenote_category":0},"product_brand":[],"product_cat":[2119,27,25],"product_tag":[],"class_list":{"0":"post-828","1":"product","2":"type-product","3":"status-publish","4":"has-post-thumbnail","6":"product_cat-b2b","7":"product_cat-urtinkturen","8":"product_cat-wirkstoffe","10":"first","11":"instock","12":"shipping-taxable","13":"purchasable","14":"product-type-simple"},"_links":{"self":[{"href":"https:\/\/www.herbamed.ch\/en\/wp-json\/wp\/v2\/product\/828","targetHints":{"allow":["GET"]}}],"collection":[{"href":"https:\/\/www.herbamed.ch\/en\/wp-json\/wp\/v2\/product"}],"about":[{"href":"https:\/\/www.herbamed.ch\/en\/wp-json\/wp\/v2\/types\/product"}],"wp:featuredmedia":[{"embeddable":true,"href":"https:\/\/www.herbamed.ch\/en\/wp-json\/wp\/v2\/media\/847"}],"wp:attachment":[{"href":"https:\/\/www.herbamed.ch\/en\/wp-json\/wp\/v2\/media?parent=828"}],"wp:term":[{"taxonomy":"product_brand","embeddable":true,"href":"https:\/\/www.herbamed.ch\/en\/wp-json\/wp\/v2\/product_brand?post=828"},{"taxonomy":"product_cat","embeddable":true,"href":"https:\/\/www.herbamed.ch\/en\/wp-json\/wp\/v2\/product_cat?post=828"},{"taxonomy":"product_tag","embeddable":true,"href":"https:\/\/www.herbamed.ch\/en\/wp-json\/wp\/v2\/product_tag?post=828"}],"curies":[{"name":"wp","href":"https:\/\/api.w.org\/{rel}","templated":true}]}}