{"id":827,"date":"2021-08-23T09:03:09","date_gmt":"2021-08-23T07:03:09","guid":{"rendered":"http:\/\/new.herbamed.ch\/?post_type=product&#038;p=827"},"modified":"2022-01-12T09:31:49","modified_gmt":"2022-01-12T08:31:49","slug":"acidum-sulfuricum-o-d1","status":"publish","type":"product","link":"https:\/\/www.herbamed.ch\/en\/product-2\/acidum-sulfuricum-o-d1\/","title":{"rendered":"Acidum sulfuricum \u00d8 = D1"},"content":{"rendered":"<h3>Beschreibung<\/h3>\n<p>Ausgangsstoff des Hom\u00f6opathikums Sulfuricum acidum ist Schwefels\u00e4ure, das f\u00fcr seine \u00e4tzende Wirkung bekannt ist. Die veraltete Bezeichnung f\u00fcr die Salze der Schwefels\u00e4ure ist Vitriol, eine Substanz, die Augen und Haut beim Kontakt mit ihr unwiderruflich sch\u00e4digt. Erst in verd\u00fcnntem Zustand wird Sulfuricum acidum zu einem hom\u00f6opathischen Heilmittel.<\/p>\n<p>&nbsp;<\/p>\n<h3>Anwendung<\/h3>\n<p>Acidum sulfuricum wird h\u00e4ufig in den Potenzen D6, D12, D30 und C30 angewendet. Acidum sulfuricum wirkt auf den Magen-Darm-Trakt, die weiblichen Geschlechtsorgane und das Nervensystem.<\/p>\n<p>&nbsp;<\/p>\n<h3>Quelle(n)<\/h3>\n<ul>\n<li><a href=\"http:\/\/www.homoeopathiewelt.com\/einzelmittel\/sulfuricum-acidum\" target=\"_blank\" rel=\"noopener noreferrer\">http:\/\/www.homoeopathiewelt.com\/einzelmittel\/sulfuricum-acidum<\/a><\/li>\n<li><a href=\"https:\/\/www.chemie-schule.de\/Anorganische_Chemie\/Gewinnung_der_Schwefelsaeure.php\" target=\"_blank\" rel=\"noopener noreferrer\">https:\/\/www.chemie-schule.de\/Anorganische_Chemie\/Gewinnung_der_Schwefelsaeure.php<\/a><\/li>\n<\/ul>","protected":false},"excerpt":{"rendered":"<p>Ausgangsstoff des Hom\u00f6opathikums Sulfuricum acidum ist Schwefels\u00e4ure, das f\u00fcr seine \u00e4tzende Wirkung bekannt ist. Die veraltete Bezeichnung f\u00fcr die Salze der Schwefels\u00e4ure ist Vitriol, eine Substanz, die Augen und Haut beim Kontakt mit ihr unwiderruflich sch\u00e4digt.<\/p>","protected":false},"featured_media":846,"template":"","meta":{"_monsterinsights_skip_tracking":false,"_monsterinsights_sitenote_active":false,"_monsterinsights_sitenote_note":"","_monsterinsights_sitenote_category":0},"product_brand":[],"product_cat":[2119,27,25],"product_tag":[],"class_list":{"0":"post-827","1":"product","2":"type-product","3":"status-publish","4":"has-post-thumbnail","6":"product_cat-b2b","7":"product_cat-urtinkturen","8":"product_cat-wirkstoffe","10":"first","11":"instock","12":"shipping-taxable","13":"purchasable","14":"product-type-simple"},"_links":{"self":[{"href":"https:\/\/www.herbamed.ch\/en\/wp-json\/wp\/v2\/product\/827","targetHints":{"allow":["GET"]}}],"collection":[{"href":"https:\/\/www.herbamed.ch\/en\/wp-json\/wp\/v2\/product"}],"about":[{"href":"https:\/\/www.herbamed.ch\/en\/wp-json\/wp\/v2\/types\/product"}],"wp:featuredmedia":[{"embeddable":true,"href":"https:\/\/www.herbamed.ch\/en\/wp-json\/wp\/v2\/media\/846"}],"wp:attachment":[{"href":"https:\/\/www.herbamed.ch\/en\/wp-json\/wp\/v2\/media?parent=827"}],"wp:term":[{"taxonomy":"product_brand","embeddable":true,"href":"https:\/\/www.herbamed.ch\/en\/wp-json\/wp\/v2\/product_brand?post=827"},{"taxonomy":"product_cat","embeddable":true,"href":"https:\/\/www.herbamed.ch\/en\/wp-json\/wp\/v2\/product_cat?post=827"},{"taxonomy":"product_tag","embeddable":true,"href":"https:\/\/www.herbamed.ch\/en\/wp-json\/wp\/v2\/product_tag?post=827"}],"curies":[{"name":"wp","href":"https:\/\/api.w.org\/{rel}","templated":true}]}}