{"id":824,"date":"2021-08-23T09:03:08","date_gmt":"2021-08-23T07:03:08","guid":{"rendered":"http:\/\/new.herbamed.ch\/?post_type=product&#038;p=824"},"modified":"2022-01-12T09:31:50","modified_gmt":"2022-01-12T08:31:50","slug":"acidum-nitricum-o-d1","status":"publish","type":"product","link":"https:\/\/www.herbamed.ch\/en\/product-2\/acidum-nitricum-o-d1\/","title":{"rendered":"Acidum nitricum \u00d8 = D1"},"content":{"rendered":"<h3>Beschreibung<\/h3>\n<p>Acidum nitricum, die Salpeters\u00e4ure, verdankt ihren Namen einem mittlerweile als veraltet geltendem Herstellungsverfahren: ab Mitte des 17. Jahrhunderts gewann man sie unter Zugabe von Schwefels\u00e4ure aus dem so genannten Salpeter &#8211; einem Felsensalz, das sich in heiss-trockenen Gebieten aus organischen Abf\u00e4llen bildet. Seit 1908 wird Acidum nitricum nach dem Ostwald-Verfahren (Oxidation von Ammoniak) produziert. Sie bildet einen wichtigen Grundstoff f\u00fcr die Chemische Industrie und kommt als Rohstoff f\u00fcr D\u00fcnge- und Heilmittel, f\u00fcr Farb- und Sprengstoffe sowie bei der Metallbearbeitung zum Einsatz. Bis heute ist die brand-f\u00f6rdernde und \u00e4tzende S\u00e4ure im Kunsthandwerk als &#171;Scheidewasser&#187; bekannt und gebr\u00e4uchlich. Da sie mit Ausnahme von Gold, Platin und Iridium alle Metalle aufl\u00f6st, kommt sie hier als Trenn- und Nachweismittel zur Anwendung.<\/p>\n<p>&nbsp;<\/p>\n<h3>Anwendung<\/h3>\n<p>Hauptanwendungsbereiche von Acidum nitricum: Magenschleimhautentz\u00fcndung (Gastritis), Kopfschmerzen, Warzen, Aphten, H\u00e4morrhoiden, Angst, Husten, Schnupfen. H\u00e4ufig verwendet werden die Potenzen D6, D12, C6, C12 und C30.<\/p>\n<p>&nbsp;<\/p>\n<h3>Quelle(n)<\/h3>\n<ul>\n<li><a href=\"https:\/\/www.hallo-homoeopathie.de\/mittel\/acidum-nitricum\" target=\"_blank\" rel=\"noopener noreferrer\">https:\/\/www.hallo-homoeopathie.de\/mittel\/acidum-nitricum<\/a><\/li>\n<li><a href=\"https:\/\/www.homoeopathie-quelle.de\/einzelmittel\/acidum-nitricum\" target=\"_blank\" rel=\"noopener noreferrer\">https:\/\/www.homoeopathie-quelle.de\/einzelmittel\/acidum-nitricum<\/a><\/li>\n<\/ul>","protected":false},"excerpt":{"rendered":"<p>Beschreibung Acidum nitricum, die Salpeters\u00e4ure, verdankt ihren Namen einem mittlerweile als veraltet geltendem Herstellungsverfahren: ab Mitte des 17. Jahrhunderts gewann man sie unter Zugabe von Schwefels\u00e4ure aus dem so genannten Salpeter &#8211; einem Felsensalz, das sich in heiss-trockenen Gebieten aus organischen Abf\u00e4llen bildet. Seit 1908 wird Acidum nitricum nach dem Ostwald-Verfahren (Oxidation von Ammoniak) produziert. [&hellip;]<\/p>\n","protected":false},"featured_media":843,"template":"","meta":{"_monsterinsights_skip_tracking":false,"_monsterinsights_sitenote_active":false,"_monsterinsights_sitenote_note":"","_monsterinsights_sitenote_category":0},"product_brand":[],"product_cat":[2119,27,25],"product_tag":[],"class_list":{"0":"post-824","1":"product","2":"type-product","3":"status-publish","4":"has-post-thumbnail","6":"product_cat-b2b","7":"product_cat-urtinkturen","8":"product_cat-wirkstoffe","10":"first","11":"instock","12":"shipping-taxable","13":"purchasable","14":"product-type-simple"},"_links":{"self":[{"href":"https:\/\/www.herbamed.ch\/en\/wp-json\/wp\/v2\/product\/824","targetHints":{"allow":["GET"]}}],"collection":[{"href":"https:\/\/www.herbamed.ch\/en\/wp-json\/wp\/v2\/product"}],"about":[{"href":"https:\/\/www.herbamed.ch\/en\/wp-json\/wp\/v2\/types\/product"}],"wp:featuredmedia":[{"embeddable":true,"href":"https:\/\/www.herbamed.ch\/en\/wp-json\/wp\/v2\/media\/843"}],"wp:attachment":[{"href":"https:\/\/www.herbamed.ch\/en\/wp-json\/wp\/v2\/media?parent=824"}],"wp:term":[{"taxonomy":"product_brand","embeddable":true,"href":"https:\/\/www.herbamed.ch\/en\/wp-json\/wp\/v2\/product_brand?post=824"},{"taxonomy":"product_cat","embeddable":true,"href":"https:\/\/www.herbamed.ch\/en\/wp-json\/wp\/v2\/product_cat?post=824"},{"taxonomy":"product_tag","embeddable":true,"href":"https:\/\/www.herbamed.ch\/en\/wp-json\/wp\/v2\/product_tag?post=824"}],"curies":[{"name":"wp","href":"https:\/\/api.w.org\/{rel}","templated":true}]}}