{"id":823,"date":"2021-08-23T09:03:08","date_gmt":"2021-08-23T07:03:08","guid":{"rendered":"http:\/\/new.herbamed.ch\/?post_type=product&#038;p=823"},"modified":"2022-01-12T09:31:50","modified_gmt":"2022-01-12T08:31:50","slug":"acidum-hydrofluoricum-o-d2","status":"publish","type":"product","link":"https:\/\/www.herbamed.ch\/en\/product-2\/acidum-hydrofluoricum-o-d2\/","title":{"rendered":"Acidum hydrofluoricum \u00d8 = D2"},"content":{"rendered":"<h3>Beschreibung<\/h3>\n<p>Die Ausgangssubstanz liefert die Fluorwasserstoffverbindung Flu\u00dfs\u00e4ure bzw. deren Calciumsalz Flu\u00dfspat (Calciumfluorid), das f\u00fcr die Zubereitung des Arzneimittels vorab verrieben werden muss. Nach dieser Etappe im Rahmen des Herstellungsprozesses von Fluoricum acidum muss die hom\u00f6opathische Grundsubstanz im weiteren schrittweise potenziert werden. Die L\u00f6sung wird zwischenzeitlich immer wieder kr\u00e4ftig gesch\u00fcttelt, wodurch sie dynamisiert wird, was ihre heilenden Eigenschaften verst\u00e4rkt. Nach Abschluss der einzelnen Arbeitsschritte erh\u00e4lt man Acidum fluoricum, ein starkes hom\u00f6opathisches Arzneimittel, mit dem sich verschiedene Krankheiten behandeln lassen.<\/p>\n<p>&nbsp;<\/p>\n<h3>Anwendung<\/h3>\n<p>Das hom\u00f6opathische Heilmittel Acidum hydrofluoricum ist bei verschiedenen dermatologischen und infekti\u00f6sen Krankheitsbildern angezeigt, bei denen Irritationen und Juckreiz im Vordergrund stehen. Die Heilwirkung von Acidum hydrofluoricum zeigt sich bei jedoch auch bei Gelenkschmerzen, chronischen Gelenkerkrankungen und Entz\u00fcndungen insbesondere im Bereich der Finger- und Fu\u00dfgelenke. Acidum hydrofluoricum wird nachgesagt, mit ihm lasse sich Osteoporose, Gicht und \u00e4hnlichen Gebrechen mit Demineralisierung der Knochen entgegenwirken. Somit behandele es Abnutzungserscheinungen des Bewegungs- und St\u00fctzapparats und degenerative Ver\u00e4nderungen an Knochen und Gelenken.<\/p>\n<p>&nbsp;<\/p>\n<h3>Quelle(n)<\/h3>\n<ul>\n<li><a href=\"http:\/\/www.homoeopathiewelt.com\/einzelmittel\/fluoricum-acidum-hydrofluoricum-flusssaeure\/\" target=\"_blank\" rel=\"noopener noreferrer\">http:\/\/www.homoeopathiewelt.com\/einzelmittel\/fluoricum-acidum-hydrofluoricum-flusssaeure\/<\/a><\/li>\n<\/ul>","protected":false},"excerpt":{"rendered":"<p>Die Ausgangssubstanz liefert die Fluorwasserstoffverbindung Flu\u00dfs\u00e4ure bzw. deren Calciumsalz Flu\u00dfspat (Calciumfluorid), das f\u00fcr die Zubereitung des Arzneimittels vorab verrieben werden muss. Nach dieser Etappe im Rahmen des Herstellungsprozesses von Fluoricum acidum muss die hom\u00f6opathische Grundsubstanz im weiteren schrittweise potenziert werden.<\/p>","protected":false},"featured_media":842,"template":"","meta":{"_monsterinsights_skip_tracking":false,"_monsterinsights_sitenote_active":false,"_monsterinsights_sitenote_note":"","_monsterinsights_sitenote_category":0},"product_brand":[],"product_cat":[2119,27,25],"product_tag":[],"class_list":{"0":"post-823","1":"product","2":"type-product","3":"status-publish","4":"has-post-thumbnail","6":"product_cat-b2b","7":"product_cat-urtinkturen","8":"product_cat-wirkstoffe","10":"first","11":"instock","12":"shipping-taxable","13":"purchasable","14":"product-type-simple"},"_links":{"self":[{"href":"https:\/\/www.herbamed.ch\/en\/wp-json\/wp\/v2\/product\/823","targetHints":{"allow":["GET"]}}],"collection":[{"href":"https:\/\/www.herbamed.ch\/en\/wp-json\/wp\/v2\/product"}],"about":[{"href":"https:\/\/www.herbamed.ch\/en\/wp-json\/wp\/v2\/types\/product"}],"wp:featuredmedia":[{"embeddable":true,"href":"https:\/\/www.herbamed.ch\/en\/wp-json\/wp\/v2\/media\/842"}],"wp:attachment":[{"href":"https:\/\/www.herbamed.ch\/en\/wp-json\/wp\/v2\/media?parent=823"}],"wp:term":[{"taxonomy":"product_brand","embeddable":true,"href":"https:\/\/www.herbamed.ch\/en\/wp-json\/wp\/v2\/product_brand?post=823"},{"taxonomy":"product_cat","embeddable":true,"href":"https:\/\/www.herbamed.ch\/en\/wp-json\/wp\/v2\/product_cat?post=823"},{"taxonomy":"product_tag","embeddable":true,"href":"https:\/\/www.herbamed.ch\/en\/wp-json\/wp\/v2\/product_tag?post=823"}],"curies":[{"name":"wp","href":"https:\/\/api.w.org\/{rel}","templated":true}]}}