{"id":822,"date":"2021-08-23T09:03:07","date_gmt":"2021-08-23T07:03:07","guid":{"rendered":"http:\/\/new.herbamed.ch\/?post_type=product&#038;p=822"},"modified":"2022-01-12T09:31:50","modified_gmt":"2022-01-12T08:31:50","slug":"acidum-formicicum-o-d1","status":"publish","type":"product","link":"https:\/\/www.herbamed.ch\/en\/product-2\/acidum-formicicum-o-d1\/","title":{"rendered":"Acidum formicicum \u00d8 = D1"},"content":{"rendered":"<h3>Beschreibung<\/h3>\n<p>Ameisens\u00e4ure wird in den Hinterleibsdr\u00fcsen der Waldameise produziert und von ihr zur Verteidigung verspritzt. Sie ist auch in Bienenhonig enthalten. Die S\u00e4ure ist farblos, riecht stechend und produziert beim Menschen Haut-und Schleimhautreizungen. Man gewann sie historisch durch Auspressen von Ameisen. Heute wird Sie durch verschiedene chemische Prozesse hergestellt.<\/p>\n<p>&nbsp;<\/p>\n<h3>Anwendung<\/h3>\n<p>Acidum formicicum wird bei Allergien, Ersch\u00f6pfung, rheumatischen- gichtischen Beschwerden, Gelenk- und R\u00fcckenschmerzen, sowie bei Nesselsucht angewendet. Die am h\u00e4ufigste verwendete Potenz ist D6 oder auch D30. Vor einer erneuten Gabe von Acidum formicicum wird abgeraten, wenn der Reiz\/ die Reizinformation der letzten Gabe noch nicht abgeklungen ist.<\/p>\n<p>&nbsp;<\/p>\n<h3>Quellen<\/h3>\n<ul>\n<li><a href=\"https:\/\/www.hallo-homoeopathie.de\/mittel\/acidum-formicicum\" target=\"_blank\" rel=\"noopener noreferrer\">https:\/\/www.hallo-homoeopathie.de\/mittel\/acidum-formicicum<\/a><\/li>\n<li>Julius Mezger: gesichtete hom\u00f6opathische Arnezmittellehre<\/li>\n<\/ul>","protected":false},"excerpt":{"rendered":"<p>Ameisens\u00e4ure wird in den Hinterleibsdr\u00fcsen der Waldameise produziert und von ihr zur Verteidigung verspritzt. Sie ist auch in Bienenhonig enthalten. Die S\u00e4ure ist farblos, riecht stechend und produziert beim Menschen Haut-und Schleimhautreizungen.<\/p>","protected":false},"featured_media":841,"template":"","meta":{"_monsterinsights_skip_tracking":false,"_monsterinsights_sitenote_active":false,"_monsterinsights_sitenote_note":"","_monsterinsights_sitenote_category":0},"product_brand":[],"product_cat":[2119,27,25],"product_tag":[],"class_list":{"0":"post-822","1":"product","2":"type-product","3":"status-publish","4":"has-post-thumbnail","6":"product_cat-b2b","7":"product_cat-urtinkturen","8":"product_cat-wirkstoffe","10":"first","11":"instock","12":"shipping-taxable","13":"purchasable","14":"product-type-simple"},"_links":{"self":[{"href":"https:\/\/www.herbamed.ch\/en\/wp-json\/wp\/v2\/product\/822","targetHints":{"allow":["GET"]}}],"collection":[{"href":"https:\/\/www.herbamed.ch\/en\/wp-json\/wp\/v2\/product"}],"about":[{"href":"https:\/\/www.herbamed.ch\/en\/wp-json\/wp\/v2\/types\/product"}],"wp:featuredmedia":[{"embeddable":true,"href":"https:\/\/www.herbamed.ch\/en\/wp-json\/wp\/v2\/media\/841"}],"wp:attachment":[{"href":"https:\/\/www.herbamed.ch\/en\/wp-json\/wp\/v2\/media?parent=822"}],"wp:term":[{"taxonomy":"product_brand","embeddable":true,"href":"https:\/\/www.herbamed.ch\/en\/wp-json\/wp\/v2\/product_brand?post=822"},{"taxonomy":"product_cat","embeddable":true,"href":"https:\/\/www.herbamed.ch\/en\/wp-json\/wp\/v2\/product_cat?post=822"},{"taxonomy":"product_tag","embeddable":true,"href":"https:\/\/www.herbamed.ch\/en\/wp-json\/wp\/v2\/product_tag?post=822"}],"curies":[{"name":"wp","href":"https:\/\/api.w.org\/{rel}","templated":true}]}}