{"id":820,"date":"2021-08-23T09:03:06","date_gmt":"2021-08-23T07:03:06","guid":{"rendered":"http:\/\/new.herbamed.ch\/?post_type=product&#038;p=820"},"modified":"2022-01-12T09:31:50","modified_gmt":"2022-01-12T08:31:50","slug":"achillea-millefolium-o-2","status":"publish","type":"product","link":"https:\/\/www.herbamed.ch\/en\/product-2\/achillea-millefolium-o-2\/","title":{"rendered":"Achillea millefolium \u00d8"},"content":{"rendered":"<h3>Vorkommen und Beschreibung<\/h3>\n<p>&#171;Kraut des Achill&#187;- beim Gattungsnamen Achillea tut sich ein ganzer G\u00f6tterreigen auf, von Kampf und Liebe umgeben. Der Beiname millefolium ist lateinischen Ursprungs aus mille (tausend) und folium (Blatt). Achillea millefolium ist in ganz Europa zuhause und w\u00e4chst auf Wiesen, an Weg- und Feldr\u00e4ndern. Achillea ist sehr gen\u00fcgsam, widerstandsf\u00e4hig gegen Hitze und K\u00e4lte und stellt keine besonderen Anspr\u00fcche an den Boden- nasse F\u00fcsse meidet sie jedoch. Aufgrund seiner Eigenschaften wird Achillea millefolium bei Menstruationsbeschwerden eingesetzt. Die Bl\u00fcten bewirken eine St\u00e4rkung der Geb\u00e4rmuttermuskulatur und wirken blutstillend. Ebenso wirkt Achillea millefolium Verspannungen im Becken der Frau entgegen. Ebenfalls wird Achillea gerne als aromatisches Bittermittel in Magen- und Darmmitteln eingesetzt.<\/p>\n<p>&nbsp;<\/p>\n<h3>Quelle(n)<\/h3>\n<ul>\n<li>Bruno Vorarburg: Nat\u00fcrlich gesund mit Heilpflanzen<\/li>\n<li>M.Pahlow: das grosse Buch der Heilpflanzen<\/li>\n<\/ul>\n<p>&nbsp;<\/p>","protected":false},"excerpt":{"rendered":"<p>&#171;Kraut des Achill&#187;- beim Gattungsnamen Achillea tut sich ein ganzer G\u00f6tterreigen auf, von Kampf und Liebe umgeben. Der Beiname millefolium ist lateinischen Ursprungs aus mille (tausend) und folium (Blatt).<\/p>","protected":false},"featured_media":839,"template":"","meta":{"_monsterinsights_skip_tracking":false,"_monsterinsights_sitenote_active":false,"_monsterinsights_sitenote_note":"","_monsterinsights_sitenote_category":0},"product_brand":[],"product_cat":[2119,27],"product_tag":[],"class_list":{"0":"post-820","1":"product","2":"type-product","3":"status-publish","4":"has-post-thumbnail","6":"product_cat-b2b","7":"product_cat-urtinkturen","9":"first","10":"instock","11":"shipping-taxable","12":"purchasable","13":"product-type-simple"},"_links":{"self":[{"href":"https:\/\/www.herbamed.ch\/en\/wp-json\/wp\/v2\/product\/820","targetHints":{"allow":["GET"]}}],"collection":[{"href":"https:\/\/www.herbamed.ch\/en\/wp-json\/wp\/v2\/product"}],"about":[{"href":"https:\/\/www.herbamed.ch\/en\/wp-json\/wp\/v2\/types\/product"}],"wp:featuredmedia":[{"embeddable":true,"href":"https:\/\/www.herbamed.ch\/en\/wp-json\/wp\/v2\/media\/839"}],"wp:attachment":[{"href":"https:\/\/www.herbamed.ch\/en\/wp-json\/wp\/v2\/media?parent=820"}],"wp:term":[{"taxonomy":"product_brand","embeddable":true,"href":"https:\/\/www.herbamed.ch\/en\/wp-json\/wp\/v2\/product_brand?post=820"},{"taxonomy":"product_cat","embeddable":true,"href":"https:\/\/www.herbamed.ch\/en\/wp-json\/wp\/v2\/product_cat?post=820"},{"taxonomy":"product_tag","embeddable":true,"href":"https:\/\/www.herbamed.ch\/en\/wp-json\/wp\/v2\/product_tag?post=820"}],"curies":[{"name":"wp","href":"https:\/\/api.w.org\/{rel}","templated":true}]}}