{"id":818,"date":"2021-08-23T09:03:05","date_gmt":"2021-08-23T07:03:05","guid":{"rendered":"http:\/\/new.herbamed.ch\/?post_type=product&#038;p=818"},"modified":"2022-01-12T09:31:51","modified_gmt":"2022-01-12T08:31:51","slug":"barosma-betulina-o-d1","status":"publish","type":"product","link":"https:\/\/www.herbamed.ch\/en\/product-2\/barosma-betulina-o-d1\/","title":{"rendered":"Barosma betulina \u00d8 = D1"},"content":{"rendered":"<h3>Vorkommen und Beschreibung<\/h3>\n<p>Barosma betulina ist ein stark ver\u00e4stelter Strauch, der bis zu 2 m H\u00f6he erreicht. Die purpurroten oder orangeroten Zweige tragen in kreuzweise gegenst\u00e4ndiger Anordnung lebhaft hellgr\u00fcne lederartige, dr\u00fcsig punktierte, fast sitzende Bl\u00e4tter. Die Pflanze kommt nur im Kapland, im Norden-\/osten von Kapstadt vor.<\/p>\n<p>&nbsp;<\/p>\n<h3>Anwendung der Pflanze<\/h3>\n<p>Barosama betulina findet in der Phytotherapie sowie in der Hom\u00f6opathie Anwendung bei entz\u00fcndlichen Erkrankungen des Urogenitalsystems. In der Volksheilkunde wird Barosma betulina auch bei Hautverletzungen und Rheuma verwendet.<\/p>\n<p>&nbsp;<\/p>\n<h3>Quelle(n)<\/h3>\n<ul>\n<li>Karl Hiller: Lexikon der Arnzeipflanzen und Drogen<\/li>\n<\/ul>","protected":false},"excerpt":{"rendered":"<p>Barosma betulina ist ein stark ver\u00e4stelter Strauch, der bis zu 2 m H\u00f6he erreicht. Die purpurroten oder orangeroten Zweige tragen in kreuzweise gegenst\u00e4ndiger Anordnung lebhaft hellgr\u00fcne lederartige, dr\u00fcsig punktierte, fast sitzende Bl\u00e4tter. Die Pflanze kommt nur im Kapland, im Norden-\/osten von Kapstadt vor.<\/p>","protected":false},"featured_media":0,"template":"","meta":{"_monsterinsights_skip_tracking":false,"_monsterinsights_sitenote_active":false,"_monsterinsights_sitenote_note":"","_monsterinsights_sitenote_category":0},"product_brand":[],"product_cat":[2119,27,25],"product_tag":[],"class_list":{"0":"post-818","1":"product","2":"type-product","3":"status-publish","5":"product_cat-b2b","6":"product_cat-urtinkturen","7":"product_cat-wirkstoffe","9":"first","10":"instock","11":"shipping-taxable","12":"purchasable","13":"product-type-simple"},"_links":{"self":[{"href":"https:\/\/www.herbamed.ch\/en\/wp-json\/wp\/v2\/product\/818","targetHints":{"allow":["GET"]}}],"collection":[{"href":"https:\/\/www.herbamed.ch\/en\/wp-json\/wp\/v2\/product"}],"about":[{"href":"https:\/\/www.herbamed.ch\/en\/wp-json\/wp\/v2\/types\/product"}],"wp:attachment":[{"href":"https:\/\/www.herbamed.ch\/en\/wp-json\/wp\/v2\/media?parent=818"}],"wp:term":[{"taxonomy":"product_brand","embeddable":true,"href":"https:\/\/www.herbamed.ch\/en\/wp-json\/wp\/v2\/product_brand?post=818"},{"taxonomy":"product_cat","embeddable":true,"href":"https:\/\/www.herbamed.ch\/en\/wp-json\/wp\/v2\/product_cat?post=818"},{"taxonomy":"product_tag","embeddable":true,"href":"https:\/\/www.herbamed.ch\/en\/wp-json\/wp\/v2\/product_tag?post=818"}],"curies":[{"name":"wp","href":"https:\/\/api.w.org\/{rel}","templated":true}]}}