{"id":762,"date":"2021-08-23T09:02:16","date_gmt":"2021-08-23T07:02:16","guid":{"rendered":"http:\/\/new.herbamed.ch\/?post_type=product&#038;p=762"},"modified":"2022-01-12T09:31:54","modified_gmt":"2022-01-12T08:31:54","slug":"coriandrum-sativum-o-d1","status":"publish","type":"product","link":"https:\/\/www.herbamed.ch\/en\/product-2\/coriandrum-sativum-o-d1\/","title":{"rendered":"Coriandrum sativum \u00d8 = D1"},"content":{"rendered":"<h3>Vorkommen und Beschreibung<\/h3>\n<p>Bei Coriandrum sativum handelt es sich um eine einj\u00e4hrige bis 50cm hohe Pflanze aus der Familie der Doldenbl\u00fctler (Apiaceae). Alle Pflanzenteile sind stark aromatisch. Wer den Geruch nicht mag bezeichnet ihn als wanzenartig. Auf jeden Fall ist der Geruch sehr speziell und polarisiert. Entweder man hasst ihn oder man liebt ihn. Urspr\u00fcnglich ist Coriandrum sativum eine ostmediterrane Pflanze er wird aber auf der ganzen Welt als Gew\u00fcrz- und Heilpflanze kultiviert. Spannend ist, dass heutzutage keine Wildbest\u00e4nde von Coriandrum sativum bekannt sind, es existieren nur noch verwilderte Best\u00e4nde aus Kulturen. Aus einer schlanken spindelf\u00f6rmigen Pfahlwurzel wachsen fiederschnittige, dreigeteilte, eher rundliche Bl\u00e4tter. Die Bl\u00e4tter am Stiel sind doppelt gefiedert und fein zerteilt. Der doppeldoldige Bl\u00fctenstand ist eher Flach. Die Bl\u00fcten sind reinweiss bis r\u00f6tlich und die randst\u00e4ndigen Bl\u00e4tter sind vergr\u00f6ssert um den Bienen die Coriandrum sativum best\u00e4uben den Weg zu weisen. Die Frucht ist rund und kugelig hart und bleibt vergleichsweise lange keimf\u00e4hig. Am liebsten w\u00e4chst Coriandrum sativum auf leichtem, sandigen, kalkhaltigen und trockenen Boden an sonnigen bis halbschattigen Pl\u00e4tzen. Coriandrum sativum geh\u00f6rt zu den \u00e4ltesten Gew\u00fcrzen der Menschheit. Es wird in alten Sanskritschriften, im Alten Testament sowie im Papyrus Ebers erw\u00e4hnt. Zu allen Zeiten und bis heute genoss Coriandrum sativum einen hohen Stellenwert als Heil- und Gew\u00fcrzpflanze.<\/p>\n<p>&nbsp;<\/p>\n<h3>Anwendung der Pflanze<\/h3>\n<p>Coriandrum sativum ist heute leider relativ wenig erforscht. Medizinisch werden vor allem die Fr\u00fcchte verwendet aber auch das Kraut hat \u00e4hnliche Heilanzeigen. Coriandrum sativum ist vor allem eine Pflanze die den Verdauungsapparat anregt. Coriandrum sativum f\u00f6rdert den Speichelfluss und die Magensaftsekretion damit wirkt es karminativ und leicht spasmolytisch. Bei zu hoher Magenazidit\u00e4t kann Coriandrum sativum die S\u00e4ure binden. Zudem f\u00f6rdert es die Verdauung und tonisiert den ganzen Gastrointestinaltrakt. Es liegt eine stark ausgepr\u00e4gte antibakterielle und antimykotische Wirkung gegen vielerlei Keime vor. Dies sollte bedacht werden wer in fernen L\u00e4ndern an einer Magen-Darm-Infektion leidet der sollte sofort zu Coriandrum sativum greifen das auch in diesen L\u00e4ndern \u00fcberall erh\u00e4ltlich ist. Des Weiteren beeinflusst Coriandrum sativum die Blutlipide. Zusammen mit fett- und cholesterinreicher Nahrung wird der Anstieg von LDL und VLDL zugunsten des HDL beeinflusst. Coriandrum sativum haben sich auch gegen \u00fcblen Mundgeruch bew\u00e4hrt.<\/p>\n<p>&nbsp;<\/p>\n<h3>Quelle(n)<\/h3>\n<p><a href=\"https:\/\/de.wikipedia.org\/wiki\/Echter_Koriander\" target=\"_blank\" rel=\"noopener noreferrer\">https:\/\/de.wikipedia.org\/wiki\/Echter_Koriander<\/a><\/p>","protected":false},"excerpt":{"rendered":"<p>Bei Coriandrum sativum handelt es sich um eine einj\u00e4hrige bis 50cm hohe Pflanze aus der Familie der Doldenbl\u00fctler (Apiaceae). Alle Pflanzenteile sind stark aromatisch. Wer den Geruch nicht mag bezeichnet ihn als wanzenartig. Auf jeden Fall ist der Geruch sehr speziell und polarisiert. Entweder man hasst ihn oder man liebt ihn. Urspr\u00fcnglich ist Coriandrum sativum eine ostmediterrane Pflanze er wird aber auf der ganzen Welt als Gew\u00fcrz- und Heilpflanze kultiviert.<\/p>","protected":false},"featured_media":804,"template":"","meta":{"_monsterinsights_skip_tracking":false,"_monsterinsights_sitenote_active":false,"_monsterinsights_sitenote_note":"","_monsterinsights_sitenote_category":0},"product_brand":[],"product_cat":[2119,27,25],"product_tag":[],"class_list":{"0":"post-762","1":"product","2":"type-product","3":"status-publish","4":"has-post-thumbnail","6":"product_cat-b2b","7":"product_cat-urtinkturen","8":"product_cat-wirkstoffe","10":"first","11":"instock","12":"shipping-taxable","13":"purchasable","14":"product-type-simple"},"_links":{"self":[{"href":"https:\/\/www.herbamed.ch\/en\/wp-json\/wp\/v2\/product\/762","targetHints":{"allow":["GET"]}}],"collection":[{"href":"https:\/\/www.herbamed.ch\/en\/wp-json\/wp\/v2\/product"}],"about":[{"href":"https:\/\/www.herbamed.ch\/en\/wp-json\/wp\/v2\/types\/product"}],"wp:featuredmedia":[{"embeddable":true,"href":"https:\/\/www.herbamed.ch\/en\/wp-json\/wp\/v2\/media\/804"}],"wp:attachment":[{"href":"https:\/\/www.herbamed.ch\/en\/wp-json\/wp\/v2\/media?parent=762"}],"wp:term":[{"taxonomy":"product_brand","embeddable":true,"href":"https:\/\/www.herbamed.ch\/en\/wp-json\/wp\/v2\/product_brand?post=762"},{"taxonomy":"product_cat","embeddable":true,"href":"https:\/\/www.herbamed.ch\/en\/wp-json\/wp\/v2\/product_cat?post=762"},{"taxonomy":"product_tag","embeddable":true,"href":"https:\/\/www.herbamed.ch\/en\/wp-json\/wp\/v2\/product_tag?post=762"}],"curies":[{"name":"wp","href":"https:\/\/api.w.org\/{rel}","templated":true}]}}