{"id":755,"date":"2021-08-23T09:02:15","date_gmt":"2021-08-23T07:02:15","guid":{"rendered":"http:\/\/new.herbamed.ch\/?post_type=product&#038;p=755"},"modified":"2022-01-12T09:31:54","modified_gmt":"2022-01-12T08:31:54","slug":"coffea-arabica-o-d1","status":"publish","type":"product","link":"https:\/\/www.herbamed.ch\/en\/product-2\/coffea-arabica-o-d1\/","title":{"rendered":"Coffea arabica \u00d8 = D1"},"content":{"rendered":"<h3>Vorkommen und Beschreibung<\/h3>\n<p>Coffeae arabica stammt urspr\u00fcnglich aus \u00c4thiopien wird heute aber in fast allen tropischen L\u00e4ndern kultiviert. Die Kaffebohne wird idealerweise im Hochland auf \u00fcber 1000m angebaut da sich der Samen dort langsamer entwickelt und ein besseres Aroma ausbildet. Es handelt sich um einen immergr\u00fcnen Strauch aus der Familie der R\u00f6tegew\u00e4chse (Rubiaceae) der bis 8m hoch werden kann. Die dunkelgr\u00fcnen gl\u00e4nzenden Bl\u00e4tter sind 6-15cm lang und ca. 5cm breit ihre Form ist elliptisch-lanzettlich und hat eine ausgepr\u00e4gte Spitze. In den Blattachseln sitzen mehrere duftende, zwittrige, f\u00fcnfz\u00e4hlige und weisse Bl\u00fcten. Die reif l\u00e4ngliche und rote Frucht die sogenannte Kaffekirsche umh\u00fcllt den Samen bzw. die Kaffebohne die meistens zu zweit vorliegen. F\u00fcr den Kaffe und um das typische Kaffeearoma zu entwickeln muss der Same ger\u00f6stet werden. F\u00fcr die hom\u00f6opathische Urtinktur wird der unger\u00f6stete Same verwendet dessen Heilwirkung sich nicht stark von der ger\u00f6steten unterschieden wird nur der Geschmack ist sehr verschieden. Hinweise auf einen Anbau von Coffeae arabica liegen f\u00fcr das 9. Jh vor. Gesichert ist die erste Anwendung der ger\u00f6steten Kaffeebohnen durch Scheich Omar 1258. Erst im 16. Jhd. wurde Kaffee \u00fcber das heutige Jemen in die ganze Welt exportiert. Um 1615 erreichte der Kaffee die T\u00fcrkei und von da trat Coffeae arabica den Siegeszug \u00fcber ganz Europa an.<\/p>\n<p>&nbsp;<\/p>\n<h3>Traditionelle Anwendung der Pflanze<\/h3>\n<p>Coffeae arabica dessen Einsatz als Heilpflanze schon immer kontrovers diskutiert wurde hat zweifelsohne seine positiven Wirkungen aber auch eine ganze Reihe an Nebenwirkungen. \u00dcber die Katecholaminfreisetzung wird der Sympathikus aktiviert. Damit wird das Herzkreislaufsystem angeregt. Die glatte Gef\u00e4ssmuskulatur sowie die Bronchienmuskulatur wird relaxiert, die zerebrale Muskulatur verengt. Dieser Effekt wird verst\u00e4rkt durch eine Blockierung der Adenosinrezeptoren. Die Magensekretion wird \u00fcber eine Aussch\u00fcttung von Gastrin angeregt. Kurzfristig wird die Diurese gesteigert und auch der systolische Blutdruck wird kurzfristig erh\u00f6ht. Die Nebenwirkungen sind Hyperazidit\u00e4t des Magens, Magenreizung, Diarrhoe, Appetitminderung, Erbrechen und abdominelle Kr\u00e4mpfe, Cholesterinerh\u00f6hung bis 10%, Ruhelosigkeit, Insomnie, Schwindel und Kopfschmerzen. Auch in der Hom\u00f6opathie wird das Mittel entsprechend bei Schlaflosigkeit, Hyperaktivit\u00e4t und Unruhe verwendet.<\/p>\n<p>&nbsp;<\/p>\n<h3>Quelle(n)<\/h3>\n<ul>\n<li><a href=\"https:\/\/de.wikipedia.org\/wiki\/Arabica-Kaffee\">https:\/\/de.wikipedia.org\/wiki\/Arabica-Kaffee<\/a><\/li>\n<\/ul>","protected":false},"excerpt":{"rendered":"<p>Vorkommen und Beschreibung Coffeae arabica stammt urspr\u00fcnglich aus \u00c4thiopien wird heute aber in fast allen tropischen L\u00e4ndern kultiviert. Die Kaffebohne wird idealerweise im Hochland auf \u00fcber 1000m angebaut da sich der Samen dort langsamer entwickelt und ein besseres Aroma ausbildet. Es handelt sich um einen immergr\u00fcnen Strauch aus der Familie der R\u00f6tegew\u00e4chse (Rubiaceae) der bis [&hellip;]<\/p>\n","protected":false},"featured_media":781,"template":"","meta":{"_monsterinsights_skip_tracking":false,"_monsterinsights_sitenote_active":false,"_monsterinsights_sitenote_note":"","_monsterinsights_sitenote_category":0},"product_brand":[],"product_cat":[2119,27,25],"product_tag":[],"class_list":{"0":"post-755","1":"product","2":"type-product","3":"status-publish","4":"has-post-thumbnail","6":"product_cat-b2b","7":"product_cat-urtinkturen","8":"product_cat-wirkstoffe","10":"first","11":"instock","12":"shipping-taxable","13":"purchasable","14":"product-type-simple"},"_links":{"self":[{"href":"https:\/\/www.herbamed.ch\/en\/wp-json\/wp\/v2\/product\/755","targetHints":{"allow":["GET"]}}],"collection":[{"href":"https:\/\/www.herbamed.ch\/en\/wp-json\/wp\/v2\/product"}],"about":[{"href":"https:\/\/www.herbamed.ch\/en\/wp-json\/wp\/v2\/types\/product"}],"wp:featuredmedia":[{"embeddable":true,"href":"https:\/\/www.herbamed.ch\/en\/wp-json\/wp\/v2\/media\/781"}],"wp:attachment":[{"href":"https:\/\/www.herbamed.ch\/en\/wp-json\/wp\/v2\/media?parent=755"}],"wp:term":[{"taxonomy":"product_brand","embeddable":true,"href":"https:\/\/www.herbamed.ch\/en\/wp-json\/wp\/v2\/product_brand?post=755"},{"taxonomy":"product_cat","embeddable":true,"href":"https:\/\/www.herbamed.ch\/en\/wp-json\/wp\/v2\/product_cat?post=755"},{"taxonomy":"product_tag","embeddable":true,"href":"https:\/\/www.herbamed.ch\/en\/wp-json\/wp\/v2\/product_tag?post=755"}],"curies":[{"name":"wp","href":"https:\/\/api.w.org\/{rel}","templated":true}]}}