{"id":744,"date":"2021-08-23T09:01:51","date_gmt":"2021-08-23T07:01:51","guid":{"rendered":"http:\/\/new.herbamed.ch\/?post_type=product&#038;p=744"},"modified":"2022-01-12T09:31:55","modified_gmt":"2022-01-12T08:31:55","slug":"clematis-recta-o","status":"publish","type":"product","link":"https:\/\/www.herbamed.ch\/en\/product-2\/clematis-recta-o\/","title":{"rendered":"Clematis recta \u00d8"},"content":{"rendered":"<h3>Vorkommen und Beschreibung<\/h3>\n<p>Clematis recta, die aufrechte Waldrebe, geh\u00f6rt zur Familie der Hahnenfu\u00dfgew\u00e4chse. Clematis recta ist eine ausdauernde, bis zu 150 cm hohe, nicht kletternde, krautige, mehrj\u00e4hrige Schlingpflanze mit knotig walzigem Wurzelstock und gedeiht mit Vorliebe auf Kalkboden an trockenen, buschigen Abh\u00e4ngen und Felsen. Die hom\u00f6opathische Arznei wird aus dem zu Beginn der Bl\u00fcte geernteten St\u00e4ngel mit Bl\u00fcten und Bl\u00e4ttern hergestellt.<\/p>\n<p>&nbsp;<\/p>\n<h3>Traditionelle Anwendung der Pflanze<\/h3>\n<p>Hauptangriffspunkte von Clematis recta sind die Harnwege, m\u00e4nnliche und weibliche Geschlechtsorgane, Haut, Dr\u00fcsen und das Lymphsystem.<\/p>","protected":false},"excerpt":{"rendered":"<p>Vorkommen und Beschreibung Clematis recta, die aufrechte Waldrebe, geh\u00f6rt zur Familie der Hahnenfu\u00dfgew\u00e4chse. Clematis recta ist eine ausdauernde, bis zu 150 cm hohe, nicht kletternde, krautige, mehrj\u00e4hrige Schlingpflanze mit knotig walzigem Wurzelstock und gedeiht mit Vorliebe auf Kalkboden an trockenen, buschigen Abh\u00e4ngen und Felsen. Die hom\u00f6opathische Arznei wird aus dem zu Beginn der Bl\u00fcte geernteten [&hellip;]<\/p>","protected":false},"featured_media":776,"template":"","meta":{"_monsterinsights_skip_tracking":false,"_monsterinsights_sitenote_active":false,"_monsterinsights_sitenote_note":"","_monsterinsights_sitenote_category":0},"product_brand":[],"product_cat":[2119,27,25],"product_tag":[],"class_list":{"0":"post-744","1":"product","2":"type-product","3":"status-publish","4":"has-post-thumbnail","6":"product_cat-b2b","7":"product_cat-urtinkturen","8":"product_cat-wirkstoffe","10":"first","11":"instock","12":"shipping-taxable","13":"purchasable","14":"product-type-simple"},"_links":{"self":[{"href":"https:\/\/www.herbamed.ch\/en\/wp-json\/wp\/v2\/product\/744","targetHints":{"allow":["GET"]}}],"collection":[{"href":"https:\/\/www.herbamed.ch\/en\/wp-json\/wp\/v2\/product"}],"about":[{"href":"https:\/\/www.herbamed.ch\/en\/wp-json\/wp\/v2\/types\/product"}],"wp:featuredmedia":[{"embeddable":true,"href":"https:\/\/www.herbamed.ch\/en\/wp-json\/wp\/v2\/media\/776"}],"wp:attachment":[{"href":"https:\/\/www.herbamed.ch\/en\/wp-json\/wp\/v2\/media?parent=744"}],"wp:term":[{"taxonomy":"product_brand","embeddable":true,"href":"https:\/\/www.herbamed.ch\/en\/wp-json\/wp\/v2\/product_brand?post=744"},{"taxonomy":"product_cat","embeddable":true,"href":"https:\/\/www.herbamed.ch\/en\/wp-json\/wp\/v2\/product_cat?post=744"},{"taxonomy":"product_tag","embeddable":true,"href":"https:\/\/www.herbamed.ch\/en\/wp-json\/wp\/v2\/product_tag?post=744"}],"curies":[{"name":"wp","href":"https:\/\/api.w.org\/{rel}","templated":true}]}}