{"id":738,"date":"2021-08-23T09:01:49","date_gmt":"2021-08-23T07:01:49","guid":{"rendered":"http:\/\/new.herbamed.ch\/?post_type=product&#038;p=738"},"modified":"2022-01-12T09:31:56","modified_gmt":"2022-01-12T08:31:56","slug":"chrysanthemum-parthenium-o","status":"publish","type":"product","link":"https:\/\/www.herbamed.ch\/en\/product-2\/chrysanthemum-parthenium-o\/","title":{"rendered":"Chrysanthemum parthenium \u00d8"},"content":{"rendered":"<h3>Vorkommen und Beschreibung<\/h3>\n<p>Chrysanthemum parthenium stammt Urspr\u00fcnglich aus dem \u00f6stlichen Mittelmeergebiet und kommt heute als verwilderte Gartenpflanze weltweit vor. Chrysanthemum parthenium bevorzugt Wegr\u00e4nder, Schuttpl\u00e4tze und ist was die Bodenqualit\u00e4t betrifft recht anspruchslos. Chrysanthemum parthenium ist ein typischer Korbbl\u00fctler (Asteraceae) innen befinden sich goldgelbe R\u00f6hrenbl\u00fcten und aussen ein Kranz von weissen Zungenbl\u00fcten. Im Handel sind f\u00fcr die beliebte Gartenpflanze verschiedene Varianten erh\u00e4ltlich auch solche mit gef\u00fcllten Bl\u00fcten die nur aus Zungenbl\u00fcten bestehen. F\u00fcr arzneiliche Zwecke wird jedoch die Wildform bevorzugt. Chrysanthemum parthenium w\u00e4chst bis 60cm hoch. Die Bl\u00e4tter sind fiederschnittig mit beidseitig 3-6 Abschnitten die fiederteilig gez\u00e4hnt sind. Die Bl\u00fctenk\u00f6pfe sind in einer lockeren, doldigen Traube oder Rispe, ihr Durchmesser ist mit h\u00f6chstens 2cm relativ klein. Die Fr\u00fcchte sind 1.5mm und sehr unscheinbar. Die ganze Pflanze riecht stark balsamisch und etwas Kamillenartig.<\/p>\n<p>&nbsp;<\/p>\n<h3>Anwendung der Pflanze<\/h3>\n<p>Chrysanthemum parthenium wirkt spasmolytisch auf die Blutgef\u00e4sse und erwirkt so eine Dilatation und eine daraus resultierende bessere Durchblutung. Zudem wird das Immunsystem angeregt. Auch eine spasmolytische Wirkung auf die Bronchien konnte Klinisch nachgewiesen werden. Es konnte auch eine antiphlogistische Wirkung beobachtet werden. Die Prostaglandinproduktion wurde reduziert und das Immunsystem moduliert. Entz\u00fcndungsbedingte \u00d6deme gingen nach Chrysanthemum parthenium Gabe zur\u00fcck. Auch die Rezidivrate bei behandelten gastrischen Ulzera konnte signifikant verbessert werden. Auch eine antikoagulative Wirkung konnte beobachtet werden. Neueste Forschungen zeigen, dass Chrysanthemum parthenium die Regeneration von gesch\u00e4digten Nervenfasern f\u00f6rdert was vielversprechend t\u00f6nt. Vor allem gut untersucht und belegt ist die Anwendung von Chrysanthemum parthenium bei der Migr\u00e4neprofilaxe hier scheint eine signifikante Verbesserung eingetreten zu sein. In der Volksheilkunde wird Chrysanthemum parthenium besonders auch bei Kopfschmerzen und Migr\u00e4ne auch im Akutfall empfohlen was auf die spasmolytische Wirkung auf die Blutgef\u00e4sse zur\u00fcckzuf\u00fchren ist. Auch Kr\u00e4mpfe des Uterus wie sie bei Dysmennorhoe auftreten wurde bevorzugt mit Chrysanthemum parthenium behandelt.<\/p>\n<p>&nbsp;<\/p>\n<h3>Quelle(n)<\/h3>\n<ul>\n<li><a href=\"https:\/\/www.awl.ch\/heilpflanzen\/tanacetum_parthenium\/mutterkraut.htm\" target=\"_blank\" rel=\"noopener noreferrer\">https:\/\/www.awl.ch\/heilpflanzen\/tanacetum_parthenium\/mutterkraut.htm<\/a><\/li>\n<\/ul>","protected":false},"excerpt":{"rendered":"<p>Chrysanthemum parthenium stammt Urspr\u00fcnglich aus dem \u00f6stlichen Mittelmeergebiet und kommt heute als verwilderte Gartenpflanze weltweit vor. Chrysanthemum parthenium bevorzugt Wegr\u00e4nder, Schuttpl\u00e4tze und ist was die Bodenqualit\u00e4t betrifft recht anspruchslos. Chrysanthemum parthenium ist ein typischer Korbbl\u00fctler (Asteraceae) innen befinden sich goldgelbe R\u00f6hrenbl\u00fcten und aussen ein Kranz von weissen Zungenbl\u00fcten.<\/p>","protected":false},"featured_media":0,"template":"","meta":{"_monsterinsights_skip_tracking":false,"_monsterinsights_sitenote_active":false,"_monsterinsights_sitenote_note":"","_monsterinsights_sitenote_category":0},"product_brand":[],"product_cat":[2119,27,25],"product_tag":[],"class_list":{"0":"post-738","1":"product","2":"type-product","3":"status-publish","5":"product_cat-b2b","6":"product_cat-urtinkturen","7":"product_cat-wirkstoffe","9":"first","10":"instock","11":"shipping-taxable","12":"purchasable","13":"product-type-simple"},"_links":{"self":[{"href":"https:\/\/www.herbamed.ch\/en\/wp-json\/wp\/v2\/product\/738","targetHints":{"allow":["GET"]}}],"collection":[{"href":"https:\/\/www.herbamed.ch\/en\/wp-json\/wp\/v2\/product"}],"about":[{"href":"https:\/\/www.herbamed.ch\/en\/wp-json\/wp\/v2\/types\/product"}],"wp:attachment":[{"href":"https:\/\/www.herbamed.ch\/en\/wp-json\/wp\/v2\/media?parent=738"}],"wp:term":[{"taxonomy":"product_brand","embeddable":true,"href":"https:\/\/www.herbamed.ch\/en\/wp-json\/wp\/v2\/product_brand?post=738"},{"taxonomy":"product_cat","embeddable":true,"href":"https:\/\/www.herbamed.ch\/en\/wp-json\/wp\/v2\/product_cat?post=738"},{"taxonomy":"product_tag","embeddable":true,"href":"https:\/\/www.herbamed.ch\/en\/wp-json\/wp\/v2\/product_tag?post=738"}],"curies":[{"name":"wp","href":"https:\/\/api.w.org\/{rel}","templated":true}]}}