{"id":736,"date":"2021-08-23T09:01:48","date_gmt":"2021-08-23T07:01:48","guid":{"rendered":"http:\/\/new.herbamed.ch\/?post_type=product&#038;p=736"},"modified":"2022-01-12T09:31:56","modified_gmt":"2022-01-12T08:31:56","slug":"cholesterolum-o-d2","status":"publish","type":"product","link":"https:\/\/www.herbamed.ch\/en\/product-2\/cholesterolum-o-d2\/","title":{"rendered":"Cholesterolum \u00d8 = D2"},"content":{"rendered":"<h3>Vorkommen und Beschreibung<\/h3>\n<p>Cholesterolum wird meistens aus Gallesteinen gewonnen. Es ist ein lebenswichtiges Sterin und damit ein Bestandteil der Zellmembran. Es ist lipophil und hydrophob trotzdem handelt es sich jedoch nicht um ein Fett im herk\u00f6mmlichen Sinn. F\u00fcr den Transport im Blut und in die Zelle bindet es sich an Proteine. Cholesterolum ist Bestandteil der Gallens\u00e4ure. Es ist die Vorstufe f\u00fcr Steroide und damit Grundbaustein vieler Hormone wie z.B. Testosteron, \u00d6stradiol, Progesteron,Vitamin D, Corticoide und Aldesteron. Auch herzwirksame Glykoside k\u00f6nnen vom K\u00f6rper aus Cholesterolum gebildet werden. Cholesterolum kann vom K\u00f6rper selbst synthetisiert werden, wird jedoch auch zu einem kleinen Prozentsatz mit der Nahrung aufgenommen. Cholesterolum spielt beim Aufbau des Gehirns und Nervensystems eine zentrale Rolle und hat einen direkten Zusammenhang mit der H\u00f6he des IQ. Auch konnten positive Wirkungen von Cholesterolum auf das Gem\u00fct und die Ged\u00e4chtnisleistung nachgewiesen werden. Neben den wichtigen Aufgaben die Cholesterolum im K\u00f6rper hat, ist es auch Bestandteil der arteriosklerotischen Plaque die die Blutgef\u00e4sse sch\u00e4digt und zu Herz-Kreislauferkrankungen beitr\u00e4gt.<\/p>\n<p>&nbsp;<\/p>\n<h3>Anwendung des Stoffes<\/h3>\n<p>Cholesterolum wird in der Hom\u00f6opathie verwendet und vorwiegend bei Lebererkrankungen im weitesten Sinn verwendet. Als Isopathikum wird es bei Cholelithiasis mit Koliken und deren Folgeerkrankungen verwendet. Des Weiteren wird es bei folgenden Indikationen eingesetzt: Leberzirrhose, Leberkrebs, Fettleber, Fettstoffwechselst\u00f6rungen und Hypercholesterin\u00e4mie. Von der Konstitution her sind Cholesterolum-Menschen eher blond, f\u00fcllig und mittleren Alters.<\/p>\n<p>&nbsp;<\/p>\n<h3>Quelle(n)<\/h3>\n<ul>\n<li><a href=\"https:\/\/homoeopathie-liste.de\/mittel\/cholesterinum.htm\" target=\"_blank\" rel=\"noopener noreferrer\">https:\/\/homoeopathie-liste.de\/mittel\/cholesterinum.htm<\/a><\/li>\n<li><a href=\"https:\/\/de.wikipedia.org\/wiki\/Cholesterin\" target=\"_blank\" rel=\"noopener noreferrer\"> https:\/\/de.wikipedia.org\/wiki\/Cholesterin<\/a><\/li>\n<li><a href=\"https:\/\/www.globuli.de\/einzelmittel\/globuli-von-c-bis-c\/cholesterinum\/\" target=\"_blank\" rel=\"noopener noreferrer\"> https:\/\/www.globuli.de\/einzelmittel\/globuli-von-c-bis-c\/cholesterinum\/<\/a><\/li>\n<li><a href=\"https:\/\/www.repertorium-online.de\/wirkung\/cholesterinum\" target=\"_blank\" rel=\"noopener noreferrer\">https:\/\/www.repertorium-online.de\/wirkung\/cholesterinum<\/a><\/li>\n<\/ul>","protected":false},"excerpt":{"rendered":"<p>Vorkommen und Beschreibung Cholesterolum wird meistens aus Gallesteinen gewonnen. Es ist ein lebenswichtiges Sterin und damit ein Bestandteil der Zellmembran. Es ist lipophil und hydrophob trotzdem handelt es sich jedoch nicht um ein Fett im herk\u00f6mmlichen Sinn. F\u00fcr den Transport im Blut und in die Zelle bindet es sich an Proteine. Cholesterolum ist Bestandteil der [&hellip;]<\/p>","protected":false},"featured_media":750,"template":"","meta":{"_monsterinsights_skip_tracking":false,"_monsterinsights_sitenote_active":false,"_monsterinsights_sitenote_note":"","_monsterinsights_sitenote_category":0},"product_brand":[],"product_cat":[2119,27,25],"product_tag":[],"class_list":{"0":"post-736","1":"product","2":"type-product","3":"status-publish","4":"has-post-thumbnail","6":"product_cat-b2b","7":"product_cat-urtinkturen","8":"product_cat-wirkstoffe","10":"first","11":"instock","12":"shipping-taxable","13":"purchasable","14":"product-type-simple"},"_links":{"self":[{"href":"https:\/\/www.herbamed.ch\/en\/wp-json\/wp\/v2\/product\/736","targetHints":{"allow":["GET"]}}],"collection":[{"href":"https:\/\/www.herbamed.ch\/en\/wp-json\/wp\/v2\/product"}],"about":[{"href":"https:\/\/www.herbamed.ch\/en\/wp-json\/wp\/v2\/types\/product"}],"wp:featuredmedia":[{"embeddable":true,"href":"https:\/\/www.herbamed.ch\/en\/wp-json\/wp\/v2\/media\/750"}],"wp:attachment":[{"href":"https:\/\/www.herbamed.ch\/en\/wp-json\/wp\/v2\/media?parent=736"}],"wp:term":[{"taxonomy":"product_brand","embeddable":true,"href":"https:\/\/www.herbamed.ch\/en\/wp-json\/wp\/v2\/product_brand?post=736"},{"taxonomy":"product_cat","embeddable":true,"href":"https:\/\/www.herbamed.ch\/en\/wp-json\/wp\/v2\/product_cat?post=736"},{"taxonomy":"product_tag","embeddable":true,"href":"https:\/\/www.herbamed.ch\/en\/wp-json\/wp\/v2\/product_tag?post=736"}],"curies":[{"name":"wp","href":"https:\/\/api.w.org\/{rel}","templated":true}]}}