{"id":726,"date":"2021-08-23T09:01:46","date_gmt":"2021-08-23T07:01:46","guid":{"rendered":"http:\/\/new.herbamed.ch\/?post_type=product&#038;p=726"},"modified":"2022-01-12T09:31:57","modified_gmt":"2022-01-12T08:31:57","slug":"caulophyllum-thalictroides-o","status":"publish","type":"product","link":"https:\/\/www.herbamed.ch\/en\/product-2\/caulophyllum-thalictroides-o\/","title":{"rendered":"Caulophyllum thalictroides \u00d8"},"content":{"rendered":"<h3>Vorkommen und Beschreibung<\/h3>\n<p>Caulophyllum thalictroides diese Nordamerikanische Pflanze geh\u00f6rt zur Familie der Berberitzengew\u00e4chse (Berberidaceae). Sie liebt schattige Gebirgsgegenden. Die Wurzel ist knollig, die oberirdischen Pflanzenteile sind kahl. Der aufrechte St\u00e4ngel ist rund und w\u00e4chst ca. 30cm hoch. Das gestielte Blatt ist drei- bis doppelt-schnittig. Die aufrechte rispige Traube wird von 12-15 gelb-gr\u00fcnen Bl\u00fcten gebildet.<\/p>\n<p>&nbsp;<\/p>\n<h3>Anwendung der Pflanze<\/h3>\n<p>Caulophyllum thalictroides wird als grosses Frauenheilmittel gepriesen. Schon die Indianer haben es zur gleichen Heilanzeige wie heute genutzt. Es wirkt spasmoytisch und wird bei Unterleibskr\u00e4mpfen aller Art wie Dysmenorrhoe mit krampfartigen Beschwerden verwendet. Besonders wird Caulophyllum thalictroides zur Erleichterung der Geburt empfohlen, es soll gleichzeitig die Wehen f\u00f6rdern wie auch die Schmerzen stillen. Als wehenf\u00f6rderndes Mittel kann Caulophyllum thalictroides auch als Emmenagoga verwendet werden und sollte nie w\u00e4hrend der Schwangerschaft angewendet werden. Als hormonausgleichendes Mittel eignet sich auch Caulophyllum thalictoides besonders zur Unterst\u00fctzung des Hormonsystems nach Absetzen der Pille. Caulophyllum thalictroides wird bei gleicher Heilanzeige oft als hom\u00f6opathische Zubereitung eingenommen.<\/p>\n<p>&nbsp;<\/p>\n<h3>Quelle(n)<\/h3>\n<ul>\n<li><a href=\"https:\/\/www.henriettes-herb.com\/eclectic\/madaus\/caulophyllum.html\">https:\/\/www.henriettes-herb.com\/eclectic\/madaus\/caulophyllum.html<\/a><\/li>\n<\/ul>","protected":false},"excerpt":{"rendered":"<p>Vorkommen und Beschreibung Caulophyllum thalictroides diese Nordamerikanische Pflanze geh\u00f6rt zur Familie der Berberitzengew\u00e4chse (Berberidaceae). Sie liebt schattige Gebirgsgegenden. Die Wurzel ist knollig, die oberirdischen Pflanzenteile sind kahl. Der aufrechte St\u00e4ngel ist rund und w\u00e4chst ca. 30cm hoch. Das gestielte Blatt ist drei- bis doppelt-schnittig. Die aufrechte rispige Traube wird von 12-15 gelb-gr\u00fcnen Bl\u00fcten gebildet. &nbsp; [&hellip;]<\/p>\n","protected":false},"featured_media":0,"template":"","meta":{"_monsterinsights_skip_tracking":false,"_monsterinsights_sitenote_active":false,"_monsterinsights_sitenote_note":"","_monsterinsights_sitenote_category":0},"product_brand":[],"product_cat":[2119,27,25],"product_tag":[],"class_list":{"0":"post-726","1":"product","2":"type-product","3":"status-publish","5":"product_cat-b2b","6":"product_cat-urtinkturen","7":"product_cat-wirkstoffe","9":"first","10":"instock","11":"shipping-taxable","12":"purchasable","13":"product-type-simple"},"_links":{"self":[{"href":"https:\/\/www.herbamed.ch\/en\/wp-json\/wp\/v2\/product\/726","targetHints":{"allow":["GET"]}}],"collection":[{"href":"https:\/\/www.herbamed.ch\/en\/wp-json\/wp\/v2\/product"}],"about":[{"href":"https:\/\/www.herbamed.ch\/en\/wp-json\/wp\/v2\/types\/product"}],"wp:attachment":[{"href":"https:\/\/www.herbamed.ch\/en\/wp-json\/wp\/v2\/media?parent=726"}],"wp:term":[{"taxonomy":"product_brand","embeddable":true,"href":"https:\/\/www.herbamed.ch\/en\/wp-json\/wp\/v2\/product_brand?post=726"},{"taxonomy":"product_cat","embeddable":true,"href":"https:\/\/www.herbamed.ch\/en\/wp-json\/wp\/v2\/product_cat?post=726"},{"taxonomy":"product_tag","embeddable":true,"href":"https:\/\/www.herbamed.ch\/en\/wp-json\/wp\/v2\/product_tag?post=726"}],"curies":[{"name":"wp","href":"https:\/\/api.w.org\/{rel}","templated":true}]}}