{"id":723,"date":"2021-08-23T09:01:46","date_gmt":"2021-08-23T07:01:46","guid":{"rendered":"http:\/\/new.herbamed.ch\/?post_type=product&#038;p=723"},"modified":"2022-01-12T09:31:57","modified_gmt":"2022-01-12T08:31:57","slug":"balsamum-peruvianum-o-d1","status":"publish","type":"product","link":"https:\/\/www.herbamed.ch\/en\/product-2\/balsamum-peruvianum-o-d1\/","title":{"rendered":"Balsamum peruvianum \u00d8 = D1"},"content":{"rendered":"<h3>Vorkommen und Beschreibung<\/h3>\n<p>Den Balsamum peruvianum liefert der bis zu 16 m hohe, 2-3 m dicke Baum Myroxylon balsamum, der aufstrebende \u00c4ste und bis 17 cm lange, lockere Bl\u00fctentrauben tr\u00e4gt. Er ist im n\u00f6rdlichen S\u00fcdamerika und in Zentralamerika bis Mexiko heimisch. Die verschiedenen peruanischen Balsamarten wurden bei der Entdeckung Amerikas von den Spaniern bei den Indianern als Wundmittel im Gebrauche vorgefunden. Heute wird der Balsam meist auf die folgende Weise gewonnen: Die Rinde wird nach Beklopfen am unteren Ende des Stammes abgel\u00f6st. Der in kleinen Mengen austretende Balsam wird nach 5 Tagen mit Lappen aufgesaugt. Dann schwelt man die Wundstelle 5 Minuten lang mit Fackeln. Der nun reichlicher austretende Balsam wird ebenfalls durch angeheftete Lappen, die bis dreimal gewechselt werden, aufgesaugt. Durch Ausklopfen und Auspressen dieser Lappen erh\u00e4lt man die Handelsware.<\/p>\n<p>&nbsp;<\/p>\n<h3>Anwendung der Pflanze<\/h3>\n<p>Balsamum peruvianum wird verwendet im Bereich der Wundheilung: \u00e4u\u00dferlich bei infizierten und schlecht heilenden Wunden, Verbrennungen, Dekubitus, Frostbeulen, Ulcus cruris, Prothesendruckstellen und H\u00e4morrhoiden. Die Pr\u00e4parate d\u00fcrfen jedoch aufgrund des Allergierisikos maximal 10% Balsamum peruvianum enthalten. Hom\u00f6opathisch wird Balsamum peruvianum eingesetzt bei chronischen Schleimhautentz\u00fcndungen der Atemwege und der Harnorgane.<\/p>\n<p>&nbsp;<\/p>\n<h3>Quelle(n)<\/h3>\n<ul>\n<li><a href=\"http:\/\/www.medizinalpflanzen.de\/systematik\/6_droge\/perubals.htm\" target=\"_blank\" rel=\"noopener noreferrer\">http:\/\/www.medizinalpflanzen.de\/systematik\/6_droge\/perubals.htm<\/a><\/li>\n<li>Karl Hiller: Lexikon der Arnzeipflanzen und Drogen<\/li>\n<\/ul>","protected":false},"excerpt":{"rendered":"<p>Vorkommen und Beschreibung Den Balsamum peruvianum liefert der bis zu 16 m hohe, 2-3 m dicke Baum Myroxylon balsamum, der aufstrebende \u00c4ste und bis 17 cm lange, lockere Bl\u00fctentrauben tr\u00e4gt. Er ist im n\u00f6rdlichen S\u00fcdamerika und in Zentralamerika bis Mexiko heimisch. Die verschiedenen peruanischen Balsamarten wurden bei der Entdeckung Amerikas von den Spaniern bei den [&hellip;]<\/p>\n","protected":false},"featured_media":0,"template":"","meta":{"_monsterinsights_skip_tracking":false,"_monsterinsights_sitenote_active":false,"_monsterinsights_sitenote_note":"","_monsterinsights_sitenote_category":0},"product_brand":[],"product_cat":[2119,27,25],"product_tag":[],"class_list":{"0":"post-723","1":"product","2":"type-product","3":"status-publish","5":"product_cat-b2b","6":"product_cat-urtinkturen","7":"product_cat-wirkstoffe","9":"first","10":"instock","11":"shipping-taxable","12":"purchasable","13":"product-type-simple"},"_links":{"self":[{"href":"https:\/\/www.herbamed.ch\/en\/wp-json\/wp\/v2\/product\/723","targetHints":{"allow":["GET"]}}],"collection":[{"href":"https:\/\/www.herbamed.ch\/en\/wp-json\/wp\/v2\/product"}],"about":[{"href":"https:\/\/www.herbamed.ch\/en\/wp-json\/wp\/v2\/types\/product"}],"wp:attachment":[{"href":"https:\/\/www.herbamed.ch\/en\/wp-json\/wp\/v2\/media?parent=723"}],"wp:term":[{"taxonomy":"product_brand","embeddable":true,"href":"https:\/\/www.herbamed.ch\/en\/wp-json\/wp\/v2\/product_brand?post=723"},{"taxonomy":"product_cat","embeddable":true,"href":"https:\/\/www.herbamed.ch\/en\/wp-json\/wp\/v2\/product_cat?post=723"},{"taxonomy":"product_tag","embeddable":true,"href":"https:\/\/www.herbamed.ch\/en\/wp-json\/wp\/v2\/product_tag?post=723"}],"curies":[{"name":"wp","href":"https:\/\/api.w.org\/{rel}","templated":true}]}}