{"id":720,"date":"2021-08-23T09:01:45","date_gmt":"2021-08-23T07:01:45","guid":{"rendered":"http:\/\/new.herbamed.ch\/?post_type=product&#038;p=720"},"modified":"2022-01-12T09:31:58","modified_gmt":"2022-01-12T08:31:58","slug":"asa-foetida-o-d1","status":"publish","type":"product","link":"https:\/\/www.herbamed.ch\/en\/product-2\/asa-foetida-o-d1\/","title":{"rendered":"Asa foetida \u00d8 = D1"},"content":{"rendered":"<h3>Vorkommen und Beschreibung<\/h3>\n<p>Bei Asa foetida handelt es sich um einen Doldenbl\u00fctler (Apiaceae). Asa foetida ist eine mehrj\u00e4hrige Pflanze stirbt aber nach einmaligem Bl\u00fchen ab. Asa foetida ist von Indien, Pakistan Usbekistan, Turkmenistan, Afghanistan bis in den Iran heimisch. Selbst in Libyen soll die Pflanze heimisch sein. Hier ist jedoch nicht ganz klar ob es sich um das Urspr\u00fcngliche Verbreitungsgebiet handelt. Aus einer sehr dicken, grossen und langen Pfahlwurzel w\u00e4chst diese m\u00e4chtige Pflanze bis zu 2m hoch. Der steife, aufrechte, hellgr\u00fcne, gefurchte und bis 10cm dicke, sukkulente St\u00e4ngel ist innen hohl und mit einem weissen Mark gef\u00fcllt. Die sehr grossen Grundbl\u00e4tter von Asa foetida sind in einer Rosette angeordnet. Am St\u00e4ngel wachsen die Bl\u00e4tter aus einer markanten Blattscheide. Die doppeltdoldigen Teilbl\u00fctenst\u00e4nde sind zu einem kompakten kugeligen sehr grossen gelben Bl\u00fctenstand zusammengesetzt. Asa foetida riecht als ganze Pflanze sehr streng mit Knoblauch vergleichbar aber viel durchdringender, was von ihrem Milchsaft herr\u00fchrt der in der ganzen Pflanze vorhanden ist. Dieser Milchsaft wird, meist aus der Wurzel angezapft und getrocknet daraus resultiert ein Gummiharz. Dieses Gummiharz von Asa foetida wird als Gew\u00fcrz und zu arzneilichen Zwecken verwendet.<\/p>\n<p>&nbsp;<\/p>\n<h3>Anwendung der Pflanze<\/h3>\n<p>Asa foetida wird schon von Dioskorides wie von allen folgenden Heilkundigen beschrieben. Ab Mitte des 20. Jhd hat Asa foetida an Popularit\u00e4t aus unbekannten Gr\u00fcnden verloren. Vielleicht wegen des durchdringenden Gestankes wird Asa foetida heute eher gemieden. Asa foetida wird bei einer Vielzahl von Beschwerden empfohlen. Die Verwendung bei nerv\u00f6sen St\u00f6rungen des Gastrointestinaltraktes soll hier als erstes genannt werden. Diese erstreckt sich \u00fcber Dyspepsien im Allgemeinen, Flatulenz, Gastritis wie auch verschiedene nervlich bedingte Schluckbeschwerden. Auch bei St\u00f6rungen des Nervensystems wird Asa foetida empfohlen: Neuralgien, Synkopen, Platzangst, Mobbing und nerv\u00f6sen Kardialgien. Selbst bei Epileptikern soll es die Kr\u00e4mpfe stoppen und die Bewusstlosigkeit verhindern. Ein weiteres Indikationsgebiet liegt bei kalten, chronischen, skroful\u00f6sen und tuberkul\u00f6sen Erkrankungen.<\/p>\n<p>&nbsp;<\/p>\n<h3>Quelle(n)<\/h3>\n<ul>\n<li><a href=\"https:\/\/de.wikipedia.org\/wiki\/Asant\" target=\"_blank\" rel=\"noopener noreferrer\">https:\/\/de.wikipedia.org\/wiki\/Asant<\/a><\/li>\n<li><a href=\"https:\/\/www.ncbi.nlm.nih.gov\/pmc\/articles\/PMC3459456\/\" target=\"_blank\" rel=\"noopener noreferrer\">https:\/\/www.ncbi.nlm.nih.gov\/pmc\/articles\/PMC3459456\/<\/a><\/li>\n<\/ul>","protected":false},"excerpt":{"rendered":"<p>Vorkommen und Beschreibung Bei Asa foetida handelt es sich um einen Doldenbl\u00fctler (Apiaceae). Asa foetida ist eine mehrj\u00e4hrige Pflanze stirbt aber nach einmaligem Bl\u00fchen ab. Asa foetida ist von Indien, Pakistan Usbekistan, Turkmenistan, Afghanistan bis in den Iran heimisch. Selbst in Libyen soll die Pflanze heimisch sein. Hier ist jedoch nicht ganz klar ob es [&hellip;]<\/p>\n","protected":false},"featured_media":0,"template":"","meta":{"_monsterinsights_skip_tracking":false,"_monsterinsights_sitenote_active":false,"_monsterinsights_sitenote_note":"","_monsterinsights_sitenote_category":0},"product_brand":[],"product_cat":[2119,27,25],"product_tag":[],"class_list":{"0":"post-720","1":"product","2":"type-product","3":"status-publish","5":"product_cat-b2b","6":"product_cat-urtinkturen","7":"product_cat-wirkstoffe","9":"first","10":"instock","11":"shipping-taxable","12":"purchasable","13":"product-type-simple"},"_links":{"self":[{"href":"https:\/\/www.herbamed.ch\/en\/wp-json\/wp\/v2\/product\/720","targetHints":{"allow":["GET"]}}],"collection":[{"href":"https:\/\/www.herbamed.ch\/en\/wp-json\/wp\/v2\/product"}],"about":[{"href":"https:\/\/www.herbamed.ch\/en\/wp-json\/wp\/v2\/types\/product"}],"wp:attachment":[{"href":"https:\/\/www.herbamed.ch\/en\/wp-json\/wp\/v2\/media?parent=720"}],"wp:term":[{"taxonomy":"product_brand","embeddable":true,"href":"https:\/\/www.herbamed.ch\/en\/wp-json\/wp\/v2\/product_brand?post=720"},{"taxonomy":"product_cat","embeddable":true,"href":"https:\/\/www.herbamed.ch\/en\/wp-json\/wp\/v2\/product_cat?post=720"},{"taxonomy":"product_tag","embeddable":true,"href":"https:\/\/www.herbamed.ch\/en\/wp-json\/wp\/v2\/product_tag?post=720"}],"curies":[{"name":"wp","href":"https:\/\/api.w.org\/{rel}","templated":true}]}}