{"id":717,"date":"2021-08-23T09:01:45","date_gmt":"2021-08-23T07:01:45","guid":{"rendered":"http:\/\/new.herbamed.ch\/?post_type=product&#038;p=717"},"modified":"2022-01-12T09:31:58","modified_gmt":"2022-01-12T08:31:58","slug":"anamirta-cocculus-o-d1","status":"publish","type":"product","link":"https:\/\/www.herbamed.ch\/en\/product-2\/anamirta-cocculus-o-d1\/","title":{"rendered":"Anamirta cocculus \u00d8 = D1"},"content":{"rendered":"<h3>Vorkommen und Beschreibung<\/h3>\n<p>Anamirta cocculus geh\u00f6rt zu den Mondsamengew\u00e4chsen (Menispermaceae). Es handelt sich um eine indische Liane deren Bl\u00e4tter herzf\u00f6rmig sind. Die zahlreichen Bl\u00fcten von Anamirta cocculus sind rispenartig angelegt und h\u00e4ngen herunter. Die dunkelgraubraunen bis schwarzen, nierenf\u00f6rmigen bis rundlichen Fr\u00fcchte von Anamirta cocculus haben einem Durchmesser von etwa 6 bis 10\u00a0mm und sind 9 bis 12\u00a0mm lang. Die \u00e4u\u00dfere Oberfl\u00e4che ist unregelm\u00e4\u00dfig gerunzelt; zwischen der blassen, kreisrunden St\u00e4ngelnarbe und einer kleinen Erhebung von den Resten des Griffels verl\u00e4uft eine etwa 4 bis 6\u00a0mm lange Furche. Das Perikarp ist hart, etwa 1\u00a0mm dick und die innere harte und holzige Oberfl\u00e4che ist braungrau. Im Querschnitt zeigt die Frucht von Anamirta cocculus einen einzelnen becherf\u00f6rmigen Samen, in dessen Fruchth\u00f6hle Mesokarp und Endokarp hineinwachsen. Im L\u00e4ngsschnitt zeigt das Endosperm zwei enge Hohlr\u00e4ume, die jeweils eines der blattartigen Keimbl\u00e4tter enthalten.<\/p>\n<p>&nbsp;<\/p>\n<h3>Anwendung der Pflanze<\/h3>\n<p>Anamirta cocculus wirkt psychoaktiv und wurde auch zum Berauschen verwendet. Als Arzneipflanze wird sie vor allem hom\u00f6opathisch zur Behandlung von Reisekrankheit angewendet. Die Leitsymptome zeigen sich wie folgt: Nerv\u00f6se, \u00fcberreizte Menschen mit \u00fcberempfindlichen Nervensystem. Gef\u00fchl von allgemeiner Schw\u00e4che und Ersch\u00f6pfung, dabei Zittern und inneres Frieren. Besonders die Kreuz- und Halsmuskeln sind sehr schwach. Gef\u00fchl von Leere und Hohlheit in den befallenen Teilen. Schwindelgef\u00fchl bei jeder Bewegung selbst beim Heben des Kopfes. Kopfschmerzen im Hinterkopf mit Schw\u00e4che der Nackenmuskeln, kann nicht darauf liegen. Neigung zu Schweissausbr\u00fcchen bei der geringsten Anstrengung, inneres frieren und kalte Schweisse mit Ersch\u00f6pfungsgef\u00fchl. Seitenwechsel der Beschwerden. Gef\u00fchl als \u00f6ffne sich der Hinterkopf. Schlechter durch: Fahren im Wagen, Schiff, Flugzeug, \u00dcberanstrengung der Nerven, Schreck, Kummer, Sorgen, \u00c4rger, Nachtwachen, Schlafunterbruch, nach Schlaf, Essen, Trinken, frische Luft.<\/p>\n<p>&nbsp;<\/p>\n<h3>Quelle(n)<\/h3>\n<ul>\n<li>Europ\u00e4isches Arzneibuch<\/li>\n<\/ul>","protected":false},"excerpt":{"rendered":"<p>Anamirta cocculus geh\u00f6rt zu den Mondsamengew\u00e4chsen (Menispermaceae). Es handelt sich um eine indische Liane deren Bl\u00e4tter herzf\u00f6rmig sind. Die zahlreichen Bl\u00fcten von Anamirta cocculus sind rispenartig angelegt und h\u00e4ngen herunter. Die dunkelgraubraunen bis schwarzen, nierenf\u00f6rmigen bis rundlichen Fr\u00fcchte von Anamirta cocculus haben einem Durchmesser von etwa 6 bis 10\u00a0mm und sind 9 bis 12\u00a0mm lang.<\/p>","protected":false},"featured_media":0,"template":"","meta":{"_monsterinsights_skip_tracking":false,"_monsterinsights_sitenote_active":false,"_monsterinsights_sitenote_note":"","_monsterinsights_sitenote_category":0},"product_brand":[],"product_cat":[2119,27,25],"product_tag":[],"class_list":{"0":"post-717","1":"product","2":"type-product","3":"status-publish","5":"product_cat-b2b","6":"product_cat-urtinkturen","7":"product_cat-wirkstoffe","9":"first","10":"instock","11":"shipping-taxable","12":"purchasable","13":"product-type-simple"},"_links":{"self":[{"href":"https:\/\/www.herbamed.ch\/en\/wp-json\/wp\/v2\/product\/717","targetHints":{"allow":["GET"]}}],"collection":[{"href":"https:\/\/www.herbamed.ch\/en\/wp-json\/wp\/v2\/product"}],"about":[{"href":"https:\/\/www.herbamed.ch\/en\/wp-json\/wp\/v2\/types\/product"}],"wp:attachment":[{"href":"https:\/\/www.herbamed.ch\/en\/wp-json\/wp\/v2\/media?parent=717"}],"wp:term":[{"taxonomy":"product_brand","embeddable":true,"href":"https:\/\/www.herbamed.ch\/en\/wp-json\/wp\/v2\/product_brand?post=717"},{"taxonomy":"product_cat","embeddable":true,"href":"https:\/\/www.herbamed.ch\/en\/wp-json\/wp\/v2\/product_cat?post=717"},{"taxonomy":"product_tag","embeddable":true,"href":"https:\/\/www.herbamed.ch\/en\/wp-json\/wp\/v2\/product_tag?post=717"}],"curies":[{"name":"wp","href":"https:\/\/api.w.org\/{rel}","templated":true}]}}