{"id":1132,"date":"2021-08-23T09:07:04","date_gmt":"2021-08-23T07:07:04","guid":{"rendered":"http:\/\/new.herbamed.ch\/?post_type=product&#038;p=1132"},"modified":"2022-01-12T09:29:02","modified_gmt":"2022-01-12T08:29:02","slug":"tussex-hustentropfen","status":"publish","type":"product","link":"https:\/\/www.herbamed.ch\/en\/product-2\/tussex-hustentropfen\/","title":{"rendered":"TussEx &#8211; Hustentropfen"},"content":{"rendered":"<p>TussEx \u2013 hom\u00f6opathische Hustentropfen mit schneller Wirkung.<\/p>\n<ul>\n<li>befreit von schmerzhaftem Husten<\/li>\n<li>l\u00f6st z\u00e4hen Schleim innert Minuten<\/li>\n<li>bei akuten Entz\u00fcndungen der Atemwege<\/li>\n<li>bei Bronchitis<\/li>\n<\/ul>\n<p>Erh\u00e4ltlich in Ihrer Apotheke oder Drogerie.<\/p>\n<p>Bitte lesen Sie die Packungsbeilage.<\/p>\n<h3>Composition<\/h3>\n<p>1 ml enth\u00e4lt: Drosera D4, Hepar sulfuris D6, Bryonia D3, Eucalyptus D3, Echinacea purpurea D4, Cephaelis ipecacuanha D4, aa ad 1 ml; 55% v\/v Ethanol.<\/p>\n<h3>Areas of application<\/h3>\n<p>Gem\u00e4ss hom\u00f6opathischem Arzneimittelbild kann TussEx bei akuten Entz\u00fcndungen der Atemwege (z.B. Bronchitis), Reiz- und Krampfhusten mit trockenem, bellendem, qu\u00e4lendem Husten, Kratzen oder Kitzeln im Hals und z\u00e4hem Schleim, der schwierig auszuhusten ist, angewendet werden.<\/p>\n<h3>Dosage<\/h3>\n<p>Erwachsene und Jugendliche ab 12 Jahren: mehrmals t\u00e4glich 10 Tropfen in Wasser verd\u00fcnnt einnehmen. Kinder ab 2 Jahren: 3 mal t\u00e4glich 5 Tropfen in Wasser verd\u00fcnnt einnehmen.<\/p>\n<h3>Kontraindikationen \/ Anwendungsbeschr\u00e4nkungen<\/h3>\n<p>Wenn Ihnen Ihr Arzt andere Arzneimittel verschrieben hat, fragen Sie Ihren Arzt oder Apotheker, ob TussEx gleichzeitig eingenommen werden darf.<\/p>\n<h3>Side effects<\/h3>\n<p>Bei Einnahme von hom\u00f6opathischen Arzneimitteln k\u00f6nnen sich die Beschwerden vor\u00fcbergehend verschlimmern (Erstverschlimmerung).<\/p>","protected":false},"excerpt":{"rendered":"<p>TussEx \u2013 hom\u00f6opathische Hustentropfen mit schneller Wirkung.<\/p>\n<ul>\n<li>befreit von schmerzhaftem Husten<\/li>\n<li>l\u00f6st z\u00e4hen Schleim innert Minuten<\/li>\n<li>bei akuten Entz\u00fcndungen der Atemwege<\/li>\n<li>bei Bronchitis<\/li>\n<\/ul>","protected":false},"featured_media":1170,"template":"","meta":{"_monsterinsights_skip_tracking":false,"_monsterinsights_sitenote_active":false,"_monsterinsights_sitenote_note":"","_monsterinsights_sitenote_category":0},"product_brand":[],"product_cat":[19,2119,20,49],"product_tag":[],"class_list":{"0":"post-1132","1":"product","2":"type-product","3":"status-publish","4":"has-post-thumbnail","6":"product_cat-arzneimittel","7":"product_cat-b2b","8":"product_cat-homoeopathisch","9":"product_cat-swissmedic","11":"first","12":"instock","13":"shipping-taxable","14":"purchasable","15":"product-type-simple"},"_links":{"self":[{"href":"https:\/\/www.herbamed.ch\/en\/wp-json\/wp\/v2\/product\/1132","targetHints":{"allow":["GET"]}}],"collection":[{"href":"https:\/\/www.herbamed.ch\/en\/wp-json\/wp\/v2\/product"}],"about":[{"href":"https:\/\/www.herbamed.ch\/en\/wp-json\/wp\/v2\/types\/product"}],"wp:featuredmedia":[{"embeddable":true,"href":"https:\/\/www.herbamed.ch\/en\/wp-json\/wp\/v2\/media\/1170"}],"wp:attachment":[{"href":"https:\/\/www.herbamed.ch\/en\/wp-json\/wp\/v2\/media?parent=1132"}],"wp:term":[{"taxonomy":"product_brand","embeddable":true,"href":"https:\/\/www.herbamed.ch\/en\/wp-json\/wp\/v2\/product_brand?post=1132"},{"taxonomy":"product_cat","embeddable":true,"href":"https:\/\/www.herbamed.ch\/en\/wp-json\/wp\/v2\/product_cat?post=1132"},{"taxonomy":"product_tag","embeddable":true,"href":"https:\/\/www.herbamed.ch\/en\/wp-json\/wp\/v2\/product_tag?post=1132"}],"curies":[{"name":"wp","href":"https:\/\/api.w.org\/{rel}","templated":true}]}}