{"id":1104,"date":"2021-08-23T09:06:42","date_gmt":"2021-08-23T07:06:42","guid":{"rendered":"http:\/\/new.herbamed.ch\/?post_type=product&#038;p=1104"},"modified":"2022-01-12T09:29:02","modified_gmt":"2022-01-12T08:29:02","slug":"resistin-plus-fieber-und-erkaeltungstropfen","status":"publish","type":"product","link":"https:\/\/www.herbamed.ch\/en\/product-2\/resistin-plus-fieber-und-erkaeltungstropfen\/","title":{"rendered":"Resistin plus &#8211; Fieber- und Erk\u00e4ltungstropfen"},"content":{"rendered":"<p>Das Erste Mittel bei entz\u00fcndlichen Prozessen und Infektionen wie:<\/p>\n<ul>\n<li>Schnupfen<\/li>\n<li>Rauhem Hals<\/li>\n<li>Husten<\/li>\n<li>Kopfschmerzen<\/li>\n<li>Fieber<\/li>\n<li>Sch\u00fcttelfrost<\/li>\n<li>Erk\u00e4ltungskrankheiten<\/li>\n<li>Wirkt vorbeugend gegen Grippe in Risikozeiten<\/li>\n<li>Hilft die aktue Phase der Grippeerkrankung zu verk\u00fcrzen<\/li>\n<\/ul>\n<p>Resistin plus sollte bei den ersten Anzeichen einer Erk\u00e4ltung wie einer laufenden Nase, Niesen, frieren und fr\u00f6steln, erh\u00f6hter Temperatur eingenommen werden. Wird es rechtzeitig eingenommen kann die Verschlimmerung der Symptome gestoppt werden.<\/p>\n<p>Resistin plus ist ein wirksames und zuverl\u00e4ssiges Mittel gegen Erk\u00e4ltungen.<\/p>\n<h3>Composition<\/h3>\n<p>1 ml enth\u00e4lt: Echinacea purpurea \u00d8 0.60 ml, Usnea barbata \u00d8 0.20 ml, Chamomilla recutita \u00d8 0.10 ml, Ilex aquifolium \u00d8 0.10 ml. Enth\u00e4lt 65 Vol. % Alkohol (Ethanol).<\/p>\n<h3>Areas of application<\/h3>\n<p>Zur unterst\u00fctzenden Behandlung bei Erk\u00e4ltungskrankheiten und Fieber. Allgemein bei entz\u00fcndlichen Prozessen und Infektionen zur Steigerung der k\u00f6rpereigenen Abwehrkr\u00e4fte. Zur Grippeprophylaxe in kurzen Zeitr\u00e4umen bei<br \/>\nhohem Risiko und verst\u00e4rkter Ansteckungsgefahr, nicht l\u00e4nger als 8 Wochen.<\/p>\n<h3>Dosage<\/h3>\n<p>Zur Prophylaxe (z.B. in Gesellschaft von erk\u00e4lteten Menschen) 3 mal t\u00e4glich 30-50 Tropfen direkt in den Mund oder in etwas warmem Wasser. Im akuten Fall bei den ersten Anzeichen einer Erk\u00e4ltung \/ Grippe st\u00fcndlich 20<br \/>\nTropfen. Die Dosierung sollte durch Gurgeln eine Weile im Mund belassen werden. Kinder zwischen 4 und 12 Jahren sollten die oben genannte Dosis halbieren.<\/p>\n<h3>Kontraindikationen \/ Anwendungsbeschr\u00e4nkungen<\/h3>\n<p>Allergische Reaktionen auf enthaltene Pflanzen. W\u00e4hrend der Schwangerschaft und Stillzeit nicht einnehmen (Alkoholgehalt).<\/p>\n<h3>Side effects<\/h3>\n<p>Keine bekannt.<\/p>","protected":false},"excerpt":{"rendered":"<p>Das Erste Mittel bei entz\u00fcndlichen Prozessen und Infektionen wie:<\/p>\n<ul>\n<li>Schnupfen<\/li>\n<li>Rauhem Hals<\/li>\n<li>Husten<\/li>\n<li>Kopfschmerzen<\/li>\n<li>Fieber<\/li>\n<li>Sch\u00fcttelfrost<\/li>\n<li>Erk\u00e4ltungskrankheiten<\/li>\n<li>Wirkt vorbeugend gegen Grippe in Risikozeiten<\/li>\n<li>Hilft die aktue Phase der Grippeerkrankung zu verk\u00fcrzen<\/li>\n<\/ul>","protected":false},"featured_media":1154,"template":"","meta":{"_monsterinsights_skip_tracking":false,"_monsterinsights_sitenote_active":false,"_monsterinsights_sitenote_note":"","_monsterinsights_sitenote_category":0},"product_brand":[],"product_cat":[19,2119,21],"product_tag":[],"class_list":{"0":"post-1104","1":"product","2":"type-product","3":"status-publish","4":"has-post-thumbnail","6":"product_cat-arzneimittel","7":"product_cat-b2b","8":"product_cat-pflanzlich","10":"first","11":"instock","12":"shipping-taxable","13":"purchasable","14":"product-type-simple"},"_links":{"self":[{"href":"https:\/\/www.herbamed.ch\/en\/wp-json\/wp\/v2\/product\/1104","targetHints":{"allow":["GET"]}}],"collection":[{"href":"https:\/\/www.herbamed.ch\/en\/wp-json\/wp\/v2\/product"}],"about":[{"href":"https:\/\/www.herbamed.ch\/en\/wp-json\/wp\/v2\/types\/product"}],"wp:featuredmedia":[{"embeddable":true,"href":"https:\/\/www.herbamed.ch\/en\/wp-json\/wp\/v2\/media\/1154"}],"wp:attachment":[{"href":"https:\/\/www.herbamed.ch\/en\/wp-json\/wp\/v2\/media?parent=1104"}],"wp:term":[{"taxonomy":"product_brand","embeddable":true,"href":"https:\/\/www.herbamed.ch\/en\/wp-json\/wp\/v2\/product_brand?post=1104"},{"taxonomy":"product_cat","embeddable":true,"href":"https:\/\/www.herbamed.ch\/en\/wp-json\/wp\/v2\/product_cat?post=1104"},{"taxonomy":"product_tag","embeddable":true,"href":"https:\/\/www.herbamed.ch\/en\/wp-json\/wp\/v2\/product_tag?post=1104"}],"curies":[{"name":"wp","href":"https:\/\/api.w.org\/{rel}","templated":true}]}}