{"id":1103,"date":"2021-08-23T09:06:41","date_gmt":"2021-08-23T07:06:41","guid":{"rendered":"http:\/\/new.herbamed.ch\/?post_type=product&#038;p=1103"},"modified":"2023-03-26T13:29:41","modified_gmt":"2023-03-26T11:29:41","slug":"prostavit-prostatatropfen","status":"publish","type":"product","link":"https:\/\/www.herbamed.ch\/en\/product-2\/prostavit-prostatatropfen\/","title":{"rendered":"ProstaVit &#8211; Prostatatropfen"},"content":{"rendered":"<p>Hilft bei Beschwerden der vergr\u00f6sserten Prostata und der ableitenden Harnwege wie z.B.:<\/p>\n<ul>\n<li>Harndrang<\/li>\n<li>verz\u00f6gerter Beginn beim Wasserlassen<\/li>\n<li>schwacher oder unterbrochener Harnstrahl<\/li>\n<li>Nachtr\u00e4ufeln<\/li>\n<li>Gef\u00fchl der unvollst\u00e4ndigen Entleerung<\/li>\n<\/ul>\n<p>Unterst\u00fctzend bei<\/p>\n<ul>\n<li>Blaseninkontinenz, Stressinkontinenz auch bei Frauen<\/li>\n<\/ul>\n<p>ProstaVit ist ein schnell wirkendes, pflanzliches Arzneimittel.<\/p>\n<h3>Composition<\/h3>\n<p>1ml enth\u00e4lt: Serenoa repens \u00d8 0.50 ml, Chimaphila umbellata \u00d8 0.20 ml, Echinacea purpurea \u00d8 0.20 ml, Populus tremuloides \u00d8 0.10 ml. Enth\u00e4lt 66 Vol. % Alkohol (Ethanol).<\/p>\n<h3>Areas of application<\/h3>\n<p>Fr\u00fchzeitige Behandlung der vergr\u00f6sserten Prostata Miktionsbeschwerden, wie:<\/p>\n<ul>\n<li>Harndrang<\/li>\n<li>verz\u00f6gerter Beginn beim Wasserlassen<\/li>\n<li>schwacher oder unterbrochener Harnstrahl<\/li>\n<li>Nachtr\u00e4ufeln<\/li>\n<li>Gef\u00fchl der unvollst\u00e4ndigen Entleerung<\/li>\n<\/ul>\n<p>Reizblase<\/p>\n<h3>Dosage<\/h3>\n<p>2 mal t\u00e4glich 30 Tropfen mit wenig Wasser einnehmen.<\/p>\n<h3>Kontraindikationen\/Anwendungsbeschr\u00e4nkungen<\/h3>\n<p>Keine bekannt.<\/p>\n<h3>Side effects<\/h3>\n<p>Keine bekannt.<\/p>","protected":false},"excerpt":{"rendered":"<p>Hilft bei Beschwerden der vergr\u00f6sserten Prostata und der ableitenden Harnwege wie z.B.:<\/p>\n<ul>\n<li>Harndrang<\/li>\n<li>verz\u00f6gerter Beginn beim Wasserlassen<\/li>\n<li>schwacher oder unterbrochener Harnstrahl<\/li>\n<li>Nachtr\u00e4ufeln<\/li>\n<li>Gef\u00fchl der unvollst\u00e4ndigen Entleerung<\/li>\n<\/ul>\n<p>Unterst\u00fctzend bei<\/p>\n<ul>\n<li>Blaseninkontinenz, Stressinkontinenz auch bei Frauen<\/li>\n<\/ul>","protected":false},"featured_media":1153,"template":"","meta":{"_monsterinsights_skip_tracking":false,"_monsterinsights_sitenote_active":false,"_monsterinsights_sitenote_note":"","_monsterinsights_sitenote_category":0},"product_brand":[],"product_cat":[19,2119,21],"product_tag":[],"class_list":{"0":"post-1103","1":"product","2":"type-product","3":"status-publish","4":"has-post-thumbnail","6":"product_cat-arzneimittel","7":"product_cat-b2b","8":"product_cat-pflanzlich","10":"first","11":"instock","12":"shipping-taxable","13":"purchasable","14":"product-type-simple"},"_links":{"self":[{"href":"https:\/\/www.herbamed.ch\/en\/wp-json\/wp\/v2\/product\/1103","targetHints":{"allow":["GET"]}}],"collection":[{"href":"https:\/\/www.herbamed.ch\/en\/wp-json\/wp\/v2\/product"}],"about":[{"href":"https:\/\/www.herbamed.ch\/en\/wp-json\/wp\/v2\/types\/product"}],"wp:featuredmedia":[{"embeddable":true,"href":"https:\/\/www.herbamed.ch\/en\/wp-json\/wp\/v2\/media\/1153"}],"wp:attachment":[{"href":"https:\/\/www.herbamed.ch\/en\/wp-json\/wp\/v2\/media?parent=1103"}],"wp:term":[{"taxonomy":"product_brand","embeddable":true,"href":"https:\/\/www.herbamed.ch\/en\/wp-json\/wp\/v2\/product_brand?post=1103"},{"taxonomy":"product_cat","embeddable":true,"href":"https:\/\/www.herbamed.ch\/en\/wp-json\/wp\/v2\/product_cat?post=1103"},{"taxonomy":"product_tag","embeddable":true,"href":"https:\/\/www.herbamed.ch\/en\/wp-json\/wp\/v2\/product_tag?post=1103"}],"curies":[{"name":"wp","href":"https:\/\/api.w.org\/{rel}","templated":true}]}}