{"id":1102,"date":"2021-08-23T09:06:41","date_gmt":"2021-08-23T07:06:41","guid":{"rendered":"http:\/\/new.herbamed.ch\/?post_type=product&#038;p=1102"},"modified":"2022-01-12T09:29:03","modified_gmt":"2022-01-12T08:29:03","slug":"phlebin-venentropfen","status":"publish","type":"product","link":"https:\/\/www.herbamed.ch\/en\/product-2\/phlebin-venentropfen\/","title":{"rendered":"Phlebin &#8211; Venentropfen"},"content":{"rendered":"<p>Die Alternativtherapie f\u00fcr chronische ven\u00f6se Insuffizienz ersten Grades mit einer heilenden und vorbeugenden Wirkung bei:<\/p>\n<p>Krampfadern<\/p>\n<ul>\n<li>Schmerzen und Schweregef\u00fchl in den Beinen<\/li>\n<li>n\u00e4chtliche Wadenkr\u00e4mpfe<\/li>\n<li>Juckreiz durch Schwellungen der Beine<\/li>\n<li>Muskelverspannungen<\/li>\n<li>H\u00e4morrhoiden<\/li>\n<\/ul>\n<p>zur unterst\u00fctzenden Behandlung von<\/p>\n<ul>\n<li>Thrombophlebitis<\/li>\n<li>Post-thrombotisches Syndrom<\/li>\n<li>Lymphostase<\/li>\n<\/ul>\n<p>Phlebin ist ein pflanzliches Arzneimittel ohne Nebenwirkungen.<\/p>\n<h3>Composition<\/h3>\n<p>1ml enth\u00e4lt: Aesculus hippocastanum \u00d8 0.60ml, Galium odoratum \u00d8 0.20 ml, Melilotus officinalis \u00d8 0.10 ml, Echinacea purpurea \u00d8 0.10 ml. Enth\u00e4lt 64 Vol. % Alkohol (Ethanol).<\/p>\n<h3>Areas of application<\/h3>\n<p>Ven\u00f6se Durchblutungsst\u00f6rungen, Krampfadern, Venenentz\u00fcndungen, H\u00e4morrhoiden, \u00d6deme.<\/p>\n<h3>Dosage<\/h3>\n<p>2-3 Mal t\u00e4glich 20 Tropfen in etwas Wasser; im Bedarfsfall kann die Dosis verdoppelt werden. Nach 4 Wochen sollte eine Pause eingelegt werden.<\/p>\n<h3>Kontraindikationen\/ Anwendungsbeschr\u00e4nkungen<\/h3>\n<p>Patienten, die Warfarin einnehmen sollten zus\u00e4tzlich kein Phlebin anwenden.<\/p>\n<h3>Side effects<\/h3>\n<p>Arzneimittel, die Aesculus enthalten, k\u00f6nnen, vor den Mahlzeiten eingenommen, ein Gef\u00fchl von V\u00f6llegef\u00fchl oder \u00dcbelkeit erzeugen.<\/p>","protected":false},"excerpt":{"rendered":"<p>Die Alternativtherapie f\u00fcr chronische ven\u00f6se Insuffizienz ersten Grades mit einer heilenden und vorbeugenden Wirkung bei:<\/p>\n<p>Krampfadern<\/p>\n<ul>\n<li>Schmerzen und Schweregef\u00fchl in den Beinen<\/li>\n<li>n\u00e4chtliche Wadenkr\u00e4mpfe<\/li>\n<li>Juckreiz durch Schwellungen der Beine<\/li>\n<li>Muskelverspannungen<\/li>\n<li>H\u00e4morrhoiden<\/li>\n<\/ul>\n<p>zur unterst\u00fctzenden Behandlung von<\/p>\n<ul>\n<li>Thrombophlebitis<\/li>\n<li>Post-thrombotisches Syndrom<\/li>\n<li>Lymphostase<\/li>\n<\/ul>","protected":false},"featured_media":1152,"template":"","meta":{"_monsterinsights_skip_tracking":false,"_monsterinsights_sitenote_active":false,"_monsterinsights_sitenote_note":"","_monsterinsights_sitenote_category":0},"product_brand":[],"product_cat":[19,2119,21],"product_tag":[],"class_list":{"0":"post-1102","1":"product","2":"type-product","3":"status-publish","4":"has-post-thumbnail","6":"product_cat-arzneimittel","7":"product_cat-b2b","8":"product_cat-pflanzlich","10":"first","11":"instock","12":"shipping-taxable","13":"purchasable","14":"product-type-simple"},"_links":{"self":[{"href":"https:\/\/www.herbamed.ch\/en\/wp-json\/wp\/v2\/product\/1102","targetHints":{"allow":["GET"]}}],"collection":[{"href":"https:\/\/www.herbamed.ch\/en\/wp-json\/wp\/v2\/product"}],"about":[{"href":"https:\/\/www.herbamed.ch\/en\/wp-json\/wp\/v2\/types\/product"}],"wp:featuredmedia":[{"embeddable":true,"href":"https:\/\/www.herbamed.ch\/en\/wp-json\/wp\/v2\/media\/1152"}],"wp:attachment":[{"href":"https:\/\/www.herbamed.ch\/en\/wp-json\/wp\/v2\/media?parent=1102"}],"wp:term":[{"taxonomy":"product_brand","embeddable":true,"href":"https:\/\/www.herbamed.ch\/en\/wp-json\/wp\/v2\/product_brand?post=1102"},{"taxonomy":"product_cat","embeddable":true,"href":"https:\/\/www.herbamed.ch\/en\/wp-json\/wp\/v2\/product_cat?post=1102"},{"taxonomy":"product_tag","embeddable":true,"href":"https:\/\/www.herbamed.ch\/en\/wp-json\/wp\/v2\/product_tag?post=1102"}],"curies":[{"name":"wp","href":"https:\/\/api.w.org\/{rel}","templated":true}]}}