{"id":1100,"date":"2021-08-23T09:06:41","date_gmt":"2021-08-23T07:06:41","guid":{"rendered":"http:\/\/new.herbamed.ch\/?post_type=product&#038;p=1100"},"modified":"2022-01-12T09:29:03","modified_gmt":"2022-01-12T08:29:03","slug":"medolor-monatsbeschwerdetropfen","status":"publish","type":"product","link":"https:\/\/www.herbamed.ch\/en\/product-2\/medolor-monatsbeschwerdetropfen\/","title":{"rendered":"Medolor &#8211; Monatsbeschwerdetropfen"},"content":{"rendered":"<h3>Composition<\/h3>\n<p>1 ml enth\u00e4lt: Petasites hybridus \u00d8 0,30 ml, Achillea millefolium \u00d8 0,30 ml, Viburnum opulus \u00d8 0,20 ml, Chamomilla recutita \u00d8 0,15 ml, Atropa belladonna \u00d8 0,05 ml; enth\u00e4lt: 66% v\/v Ethanol.<\/p>\n<h3>Areas of application<\/h3>\n<p>Schmerzhafte Monatsblutungen, zyklisch bedingte Migr\u00e4ne, Geb\u00e4rmutterkr\u00e4mpfe.<\/p>\n<h3>Dosage<\/h3>\n<p>20 Tropfen 2 &#8211; 3 mal pro Tag.<\/p>","protected":false},"excerpt":{"rendered":"<p>Zusammensetzung 1 ml enth\u00e4lt: Petasites hybridus \u00d8 0,30 ml, Achillea millefolium \u00d8 0,30 ml, Viburnum opulus \u00d8 0,20 ml, Chamomilla recutita \u00d8 0,15 ml, Atropa belladonna \u00d8 0,05 ml; enth\u00e4lt: 66% v\/v Ethanol. Anwendungsgebiete Schmerzhafte Monatsblutungen, zyklisch bedingte Migr\u00e4ne, Geb\u00e4rmutterkr\u00e4mpfe. Dosierung 20 Tropfen 2 &#8211; 3 mal pro Tag.<\/p>","protected":false},"featured_media":0,"template":"","meta":{"_monsterinsights_skip_tracking":false,"_monsterinsights_sitenote_active":false,"_monsterinsights_sitenote_note":"","_monsterinsights_sitenote_category":0},"product_brand":[],"product_cat":[19,2119,21],"product_tag":[],"class_list":{"0":"post-1100","1":"product","2":"type-product","3":"status-publish","5":"product_cat-arzneimittel","6":"product_cat-b2b","7":"product_cat-pflanzlich","9":"first","10":"instock","11":"shipping-taxable","12":"purchasable","13":"product-type-simple"},"_links":{"self":[{"href":"https:\/\/www.herbamed.ch\/en\/wp-json\/wp\/v2\/product\/1100","targetHints":{"allow":["GET"]}}],"collection":[{"href":"https:\/\/www.herbamed.ch\/en\/wp-json\/wp\/v2\/product"}],"about":[{"href":"https:\/\/www.herbamed.ch\/en\/wp-json\/wp\/v2\/types\/product"}],"wp:attachment":[{"href":"https:\/\/www.herbamed.ch\/en\/wp-json\/wp\/v2\/media?parent=1100"}],"wp:term":[{"taxonomy":"product_brand","embeddable":true,"href":"https:\/\/www.herbamed.ch\/en\/wp-json\/wp\/v2\/product_brand?post=1100"},{"taxonomy":"product_cat","embeddable":true,"href":"https:\/\/www.herbamed.ch\/en\/wp-json\/wp\/v2\/product_cat?post=1100"},{"taxonomy":"product_tag","embeddable":true,"href":"https:\/\/www.herbamed.ch\/en\/wp-json\/wp\/v2\/product_tag?post=1100"}],"curies":[{"name":"wp","href":"https:\/\/api.w.org\/{rel}","templated":true}]}}