{"id":1098,"date":"2021-08-23T09:06:40","date_gmt":"2021-08-23T07:06:40","guid":{"rendered":"http:\/\/new.herbamed.ch\/?post_type=product&#038;p=1098"},"modified":"2022-01-12T09:29:03","modified_gmt":"2022-01-12T08:29:03","slug":"figurin-schlankheitstropfen","status":"publish","type":"product","link":"https:\/\/www.herbamed.ch\/en\/product-2\/figurin-schlankheitstropfen\/","title":{"rendered":"Figurin &#8211; Schlankheitstropfen"},"content":{"rendered":"<p>Ein bew\u00e4hrtes Arzneimittel, dass den Prozess der Gewichtsreduktion unterst\u00fctzt.<\/p>\n<ul>\n<li>Appetitz\u00fcgeler<\/li>\n<li>\u00dcbergewicht<\/li>\n<li>Bulemie<\/li>\n<li>Esssucht<\/li>\n<li>reguliert die Verdauung w\u00e4hrend Schlankheitskuren und dem Fasten.<\/li>\n<\/ul>\n<p>Figurin ist ein wirkungsvolles Arzneimittel.<\/p>\n<h3>Composition<\/h3>\n<p>1 ml enth\u00e4lt: Helianthus tuberosus \u00d8 0.50 ml, Ilex paraguariensis \u00d8 0.20 ml, Rhamnus frangula \u00d8 0.10 ml, Petroselinum crispum \u00d8 0.10 ml, Fucus vesiculosus D2 0.10 ml, Enth\u00e4lt 52 Vol. % Alkohol<\/p>\n<h3>Areas of application<\/h3>\n<p>\u00dcbergewicht, Esssucht, wirkt appetithemmend und halt die Verdauung bei Schlankheitskuren aufrecht.<\/p>\n<h3>Dosage<\/h3>\n<p>30 \u2013 40 Tropfen ca. \u00bc Stunde vor jeder Mahlzeit.<\/p>\n<h3>Kontraindikationen \/ Anwendungsbeschr\u00e4nkungen<\/h3>\n<p>W\u00e4hrend der Schwangerschaft und Stillzeit nicht einnehmen.<\/p>\n<h3>Side effects<\/h3>\n<p>Keine bekannt.<\/p>","protected":false},"excerpt":{"rendered":"<p>Ein bew\u00e4hrtes Arzneimittel, dass den Prozess der Gewichtsreduktion unterst\u00fctzt.<\/p>\n<ul>\n<li>Appetitz\u00fcgeler<\/li>\n<li>\u00dcbergewicht<\/li>\n<li>Bulemie<\/li>\n<li>Esssucht<\/li>\n<li>reguliert die Verdauung w\u00e4hrend Schlankheitskuren und dem Fasten.<\/li>\n<\/ul>","protected":false},"featured_media":1126,"template":"","meta":{"_monsterinsights_skip_tracking":false,"_monsterinsights_sitenote_active":false,"_monsterinsights_sitenote_note":"","_monsterinsights_sitenote_category":0},"product_brand":[],"product_cat":[19,2119,21],"product_tag":[],"class_list":{"0":"post-1098","1":"product","2":"type-product","3":"status-publish","4":"has-post-thumbnail","6":"product_cat-arzneimittel","7":"product_cat-b2b","8":"product_cat-pflanzlich","10":"first","11":"instock","12":"shipping-taxable","13":"purchasable","14":"product-type-simple"},"_links":{"self":[{"href":"https:\/\/www.herbamed.ch\/en\/wp-json\/wp\/v2\/product\/1098","targetHints":{"allow":["GET"]}}],"collection":[{"href":"https:\/\/www.herbamed.ch\/en\/wp-json\/wp\/v2\/product"}],"about":[{"href":"https:\/\/www.herbamed.ch\/en\/wp-json\/wp\/v2\/types\/product"}],"wp:featuredmedia":[{"embeddable":true,"href":"https:\/\/www.herbamed.ch\/en\/wp-json\/wp\/v2\/media\/1126"}],"wp:attachment":[{"href":"https:\/\/www.herbamed.ch\/en\/wp-json\/wp\/v2\/media?parent=1098"}],"wp:term":[{"taxonomy":"product_brand","embeddable":true,"href":"https:\/\/www.herbamed.ch\/en\/wp-json\/wp\/v2\/product_brand?post=1098"},{"taxonomy":"product_cat","embeddable":true,"href":"https:\/\/www.herbamed.ch\/en\/wp-json\/wp\/v2\/product_cat?post=1098"},{"taxonomy":"product_tag","embeddable":true,"href":"https:\/\/www.herbamed.ch\/en\/wp-json\/wp\/v2\/product_tag?post=1098"}],"curies":[{"name":"wp","href":"https:\/\/api.w.org\/{rel}","templated":true}]}}