{"id":1097,"date":"2021-08-23T09:06:40","date_gmt":"2021-08-23T07:06:40","guid":{"rendered":"http:\/\/new.herbamed.ch\/?post_type=product&#038;p=1097"},"modified":"2022-01-12T09:29:03","modified_gmt":"2022-01-12T08:29:03","slug":"dissolvin-schmerztropfen","status":"publish","type":"product","link":"https:\/\/www.herbamed.ch\/en\/product-2\/dissolvin-schmerztropfen\/","title":{"rendered":"Dissolvin &#8211; Schmerztropfen"},"content":{"rendered":"<p>Zur unterst\u00fctzenden Behandlung von Schmerzen und Krampfzust\u00e4nden im Kopfbereich und im Verdauungstrakt.<\/p>\n<ul>\n<li>Kopfschmerzen verschiedenen Ursprungs<\/li>\n<li>Zahnschmerzen<\/li>\n<li>neuralgische Schmerzen<\/li>\n<li>Kr\u00e4mpfe der glatten Muskulatur z.B. im Magen-Darmbereich<\/li>\n<li>Schmerzen, Kr\u00e4mpfe der ableitenden Harnwege<\/li>\n<li>Gallenkoliken<\/li>\n<li>Zyklusbedingte Unterleibs- und Kopfschmerzen<\/li>\n<\/ul>\n<p>Dissolvin ist ein schnell wirkendes, effektives hom\u00f6opathisches Arzneimittel.<\/p>\n<h3>Composition<\/h3>\n<p>1 ml enthalten: Petasites hybridus \u00d8 0.30 ml, Cinchona pubescens \u00d8 0.20 ml, Passiflora incarnata \u00d8 0.20 ml, Filipendula ulmaria \u00d8 0.15 ml, Salix alba \u00d8 0.15 ml. Enth\u00e4lt 66 Vol. % Alkohol (Ethanol).<\/p>\n<h3>Areas of application<\/h3>\n<p>Krampfl\u00f6sendes und schmerzlinderndes Mittel, Neurovegetative Zust\u00e4nde am Magen, Darm und an den Gallenwegen, Kopfschmerzen, Zahnschmerzen.<\/p>\n<h3>Dosage<\/h3>\n<p>3 mal t\u00e4glich 30 Tropfen mit wenig Wasser einnehmen.<\/p>\n<h3>Kontraindikationen \/ Anwendungseinschr\u00e4nkungen<\/h3>\n<p>Nicht l\u00e4nger als 6 Wochen anwenden. Nicht w\u00e4hrend der Schwangerschaft und Stillzeit anwenden. Nicht anwenden bei Kleinkindern, bei \u00dcberempfindlichkeit gegen Salicylate. Bei nicht abklingenden Schmerzen unbekannter Ursache muss \u00e4rztlicher Rat hinzugezogen werden.<\/p>\n<h3>Side effects<\/h3>\n<p>Keine bekannt.<\/p>","protected":false},"excerpt":{"rendered":"<p>Zur unterst\u00fctzenden Behandlung von Schmerzen und Krampfzust\u00e4nden im Kopfbereich und im Verdauungstrakt.<\/p>\n<ul>\n<li>Kopfschmerzen verschiedenen Ursprungs<\/li>\n<li>Zahnschmerzen<\/li>\n<li>neuralgische Schmerzen<\/li>\n<li>Kr\u00e4mpfe der glatten Muskulatur z.B. im Magen-Darmbereich<\/li>\n<li>Schmerzen, Kr\u00e4mpfe der ableitenden Harnwege<\/li>\n<li>Gallenkoliken<\/li>\n<li>Zyklusbedingte Unterleibs- und Kopfschmerzen<\/li>\n<\/ul>","protected":false},"featured_media":1125,"template":"","meta":{"_monsterinsights_skip_tracking":false,"_monsterinsights_sitenote_active":false,"_monsterinsights_sitenote_note":"","_monsterinsights_sitenote_category":0},"product_brand":[],"product_cat":[19,2119,21,53],"product_tag":[],"class_list":{"0":"post-1097","1":"product","2":"type-product","3":"status-publish","4":"has-post-thumbnail","6":"product_cat-arzneimittel","7":"product_cat-b2b","8":"product_cat-pflanzlich","9":"product_cat-tropfen","11":"first","12":"instock","13":"shipping-taxable","14":"purchasable","15":"product-type-simple"},"_links":{"self":[{"href":"https:\/\/www.herbamed.ch\/en\/wp-json\/wp\/v2\/product\/1097","targetHints":{"allow":["GET"]}}],"collection":[{"href":"https:\/\/www.herbamed.ch\/en\/wp-json\/wp\/v2\/product"}],"about":[{"href":"https:\/\/www.herbamed.ch\/en\/wp-json\/wp\/v2\/types\/product"}],"wp:featuredmedia":[{"embeddable":true,"href":"https:\/\/www.herbamed.ch\/en\/wp-json\/wp\/v2\/media\/1125"}],"wp:attachment":[{"href":"https:\/\/www.herbamed.ch\/en\/wp-json\/wp\/v2\/media?parent=1097"}],"wp:term":[{"taxonomy":"product_brand","embeddable":true,"href":"https:\/\/www.herbamed.ch\/en\/wp-json\/wp\/v2\/product_brand?post=1097"},{"taxonomy":"product_cat","embeddable":true,"href":"https:\/\/www.herbamed.ch\/en\/wp-json\/wp\/v2\/product_cat?post=1097"},{"taxonomy":"product_tag","embeddable":true,"href":"https:\/\/www.herbamed.ch\/en\/wp-json\/wp\/v2\/product_tag?post=1097"}],"curies":[{"name":"wp","href":"https:\/\/api.w.org\/{rel}","templated":true}]}}