{"id":959,"date":"2021-08-23T09:04:55","date_gmt":"2021-08-23T07:04:55","guid":{"rendered":"http:\/\/new.herbamed.ch\/?post_type=product&#038;p=959"},"modified":"2022-01-12T09:29:13","modified_gmt":"2022-01-12T08:29:13","slug":"calendula-officinalis-o","status":"publish","type":"product","link":"http:\/\/www.herbamed.ch\/fr\/produit-2\/calendula-officinalis-o\/","title":{"rendered":"Calendula officinalis \u00d8"},"content":{"rendered":"<h3>Vorkommen und Beschreibung<\/h3>\n<p>Calendula officinalis die urspr\u00fcnglich mediterrane Pflanze ist bei uns eine typische Gartenpflanze die sich zwar fleissig versamt aber nur selten verwildert. Bei Calendula officinalis handelt es sich um einen einj\u00e4hrigen Korbl\u00fcter (Asteraceae). Die bis 70cm hohe Calendula officinalis w\u00e4chst an einem filzig behaarten und durch Harze leicht klebrigen und mit wechselst\u00e4ndig angeordneten Bl\u00e4ttern best\u00fcckten, ver\u00e4stelten St\u00e4ngel. Die Zungen- und R\u00f6hrenbl\u00fcten bilden eine Ebenm\u00e4ssig geformte 2-5cm grosse Bl\u00fcte die intensiv dunkelgelb bis orange gef\u00e4rbt sind. Nach der Bl\u00fcte bilden sich die geringelten Samen die sich selber wieder auss\u00e4en und so eigentlich nur einmal in den Garten eingebracht werden m\u00fcssen. Nicht nur ihrer Sch\u00f6nheit wegen wird die Calendula officinalis im Garten gesch\u00e4tzt. Sie hat auch die Eigenschaft m\u00fcde B\u00f6den durch ihr Wurzelwerk aufzulockern und dadurch bodenbelebende Kleinstlebewesen anzulocken.<\/p>\n<p>&nbsp;<\/p>\n<h3>Anwendung der Pflanze<\/h3>\n<p>Aufgrund ihrer Inhaltstoffe konnte der Calendula officinalis eine anti\u00f6demat\u00f6se, antiinflammmatorische, antimutagene, antiphlogistische, wundheilungsf\u00f6rdernde, antimikrobielle, fungizide, viruzide und immunstimulierende Wirkung nachgewiesen werden. Calendula officinalis wird als Mittel der Wahl in der Anfangsphase bei Wunden einsetzt und zeigt selbst bei Ulcera cruris positive Eigenschaften. Bei infizierten und schlecht heilenden Wunden ist die Calendula officinalis anderen Mitteln \u00fcberlegen. Bei Hautbeschwerden aller Art sollte immer zuerst an Calendula officinalis gedacht werden, im Speziellen Entz\u00fcndungen der Haut- und Schleimhaut (z.B. Pharyngitis, Panaritium, Ekzeme, und bei Verbrennung 1. und 2. Grades). Besonders heisse Umschl\u00e4ge mit Calendula officinalis werden bei Karbunkeln und Abszessen empfohlen. Zus\u00e4tzlich kann Calendula officinalis bei ven\u00f6sen Durchblutungsst\u00f6rungen mit Varikosis und Thrombophlebitis eine Linderung erzielen. Auch in der Volksheilkunde wird Calendula officinalis weitverbreitet angewendet. Zum einen werden auch oben beschriebene Indikationen in der Volksmedizin genannt, jedoch geht hier die Anwendung noch weiter: als Antiphlogistikum und Spasmolytikum wird Calendula officinalis auch bei entz\u00fcndlichen Erkrankungen innerer Organe z.B. Zystitis, Cholezystitis und Magen-Darmulzera angewendet.<\/p>","protected":false},"excerpt":{"rendered":"<p>Vorkommen und Beschreibung Calendula officinalis die urspr\u00fcnglich mediterrane Pflanze ist bei uns eine typische Gartenpflanze die sich zwar fleissig versamt aber nur selten verwildert. Bei Calendula officinalis handelt es sich um einen einj\u00e4hrigen Korbl\u00fcter (Asteraceae). Die bis 70cm hohe Calendula officinalis w\u00e4chst an einem filzig behaarten und durch Harze leicht klebrigen und mit wechselst\u00e4ndig angeordneten [&hellip;]<\/p>\n","protected":false},"featured_media":989,"template":"","meta":{"_monsterinsights_skip_tracking":false,"_monsterinsights_sitenote_active":false,"_monsterinsights_sitenote_note":"","_monsterinsights_sitenote_category":0},"product_brand":[],"product_cat":[2119,27,25],"product_tag":[],"class_list":{"0":"post-959","1":"product","2":"type-product","3":"status-publish","4":"has-post-thumbnail","6":"product_cat-b2b","7":"product_cat-urtinkturen","8":"product_cat-wirkstoffe","10":"first","11":"instock","12":"shipping-taxable","13":"purchasable","14":"product-type-simple"},"_links":{"self":[{"href":"http:\/\/www.herbamed.ch\/fr\/wp-json\/wp\/v2\/product\/959","targetHints":{"allow":["GET"]}}],"collection":[{"href":"http:\/\/www.herbamed.ch\/fr\/wp-json\/wp\/v2\/product"}],"about":[{"href":"http:\/\/www.herbamed.ch\/fr\/wp-json\/wp\/v2\/types\/product"}],"wp:featuredmedia":[{"embeddable":true,"href":"http:\/\/www.herbamed.ch\/fr\/wp-json\/wp\/v2\/media\/989"}],"wp:attachment":[{"href":"http:\/\/www.herbamed.ch\/fr\/wp-json\/wp\/v2\/media?parent=959"}],"wp:term":[{"taxonomy":"product_brand","embeddable":true,"href":"http:\/\/www.herbamed.ch\/fr\/wp-json\/wp\/v2\/product_brand?post=959"},{"taxonomy":"product_cat","embeddable":true,"href":"http:\/\/www.herbamed.ch\/fr\/wp-json\/wp\/v2\/product_cat?post=959"},{"taxonomy":"product_tag","embeddable":true,"href":"http:\/\/www.herbamed.ch\/fr\/wp-json\/wp\/v2\/product_tag?post=959"}],"curies":[{"name":"wp","href":"https:\/\/api.w.org\/{rel}","templated":true}]}}